{"id":274390,"date":"2025-03-06T20:43:31","date_gmt":"2025-03-06T18:43:31","guid":{"rendered":"https:\/\/glamuur.ee\/?post_type=product&#038;p=274390"},"modified":"2026-04-20T12:05:06","modified_gmt":"2026-04-20T09:05:06","slug":"ti-sento-kaelakee-34097zy","status":"publish","type":"product","link":"https:\/\/glamuur.ee\/et\/product\/ti-sento-necklace-34097zy\/","title":{"rendered":"TI SENTO kaelakee 34097ZY"},"content":{"rendered":"<p>TI SENTO kullatud h\u00f5bedast kaelakee 34097ZY on kaasaegse luksuse \u00f5rn kompositsioon, mis on inspireeritud suve kuldsest soojusest. Kullatud kett on valmistatud esmaklassilisest 925 h\u00f5bedast ja seda kaunistavad l\u00e4ikivad valged p\u00e4rlid, poleeritud kullast helmed ja plaatinaga kaetud h\u00f5bedasse \u00fcmbritsetud kuubikujulised tsirkooniumkivid, mis on \u00fcmbritsetud plaatinaga. Iga element peegeldab p\u00e4ikese s\u00e4ra, luues rafineeritud, kuid samas vaevata s\u00e4ra.<\/p>\n<p>See elegantseks kihiliseks v\u00f5i peeneks soolokandmiseks m\u00f5eldud kaelakee peegeldab p\u00e4ikesepaistelisi p\u00e4evi ja t\u00e4histaeva \u00f6id, muutes selle ideaalseks kaaslaseks igale suvisele ansamblile. Nii voolava kleidi kui ka struktureeritud bleiseriga, selle mitmek\u00fclgne v\u00f5lu ja helendavad aktsendid muudavad selle hooaja oluliseks osaks. See on niklivaba ja h\u00fcpoallergeenne ning tagab luksusliku mugavuse iga kandmisega. Las see kuldne ilu valgustab teie v\u00e4limust ajatu rafineerituse ja vaevata elegantsiga.<\/p>","protected":false},"excerpt":{"rendered":"<p>The TI SENTO Gold-Plated Silver Necklace 34097ZY is a delicate composition of modern luxury, inspired by the golden warmth of summer. Crafted from premium 925 sterling silver, its gold-plated chain is adorned with lustrous white pearls, polished gold beads, and bezel-set cubic zirconia stones encased&#8230;<\/p>","protected":false},"featured_media":274093,"comment_status":"open","ping_status":"closed","template":"","meta":{"jetpack_post_was_ever_published":false},"product_brand":[1057],"product_cat":[979,968,727,939,964,951,146,961],"product_tag":[],"giftcard-category":[],"class_list":{"0":"post-274390","1":"product","2":"type-product","3":"status-publish","4":"has-post-thumbnail","6":"product_brand-ti-sento","7":"product_cat-graduation-2025","8":"product_cat-mothers-day-2025-ti-sento","9":"product_cat-necklaces","10":"product_cat-ti-sento-sale-europe","11":"product_cat-summer-sale-ti-sento","12":"product_cat-ti-sento-milano-necklace","13":"product_cat-ti-sento-milano-necklaces","14":"product_cat-ti-sento-milano-ss25","15":"pa_material-silver","16":"pa_metal-color-yellow-gold","17":"pa_product-brand-ti-sento-milano","18":"pa_stone-color-white","19":"pa_type-category-necklaces","21":"first","22":"instock","23":"sale","24":"taxable","25":"shipping-taxable","26":"purchasable","27":"product-type-simple"},"bundled_by":[],"bundle_stock_status":"instock","bundle_stock_quantity":2,"bundle_virtual":false,"bundle_layout":"","bundle_add_to_cart_form_location":"","bundle_editable_in_cart":false,"bundle_sold_individually_context":"","bundle_item_grouping":"","bundle_min_size":"","bundle_max_size":"","bundle_price":[],"bundled_items":[],"bundle_sell_ids":[],"etheme_brands":{"errors":{"invalid_taxonomy":["Lubamatu taksonoomia."]},"error_data":[]},"_links":{"self":[{"href":"https:\/\/glamuur.ee\/et\/wp-json\/wp\/v2\/product\/274390","targetHints":{"allow":["GET"]}}],"collection":[{"href":"https:\/\/glamuur.ee\/et\/wp-json\/wp\/v2\/product"}],"about":[{"href":"https:\/\/glamuur.ee\/et\/wp-json\/wp\/v2\/types\/product"}],"replies":[{"embeddable":true,"href":"https:\/\/glamuur.ee\/et\/wp-json\/wp\/v2\/comments?post=274390"}],"wp:featuredmedia":[{"embeddable":true,"href":"https:\/\/glamuur.ee\/et\/wp-json\/wp\/v2\/media\/274093"}],"wp:attachment":[{"href":"https:\/\/glamuur.ee\/et\/wp-json\/wp\/v2\/media?parent=274390"}],"wp:term":[{"taxonomy":"product_brand","embeddable":true,"href":"https:\/\/glamuur.ee\/et\/wp-json\/wp\/v2\/product_brand?post=274390"},{"taxonomy":"product_cat","embeddable":true,"href":"https:\/\/glamuur.ee\/et\/wp-json\/wp\/v2\/product_cat?post=274390"},{"taxonomy":"product_tag","embeddable":true,"href":"https:\/\/glamuur.ee\/et\/wp-json\/wp\/v2\/product_tag?post=274390"},{"taxonomy":"giftcard-category","embeddable":true,"href":"https:\/\/glamuur.ee\/et\/wp-json\/wp\/v2\/giftcard-category?post=274390"}],"curies":[{"name":"wp","href":"https:\/\/api.w.org\/{rel}","templated":true}]}}