{"id":274389,"date":"2025-03-06T20:43:29","date_gmt":"2025-03-06T18:43:29","guid":{"rendered":"https:\/\/glamuur.ee\/?post_type=product&#038;p=274389"},"modified":"2026-01-23T12:57:18","modified_gmt":"2026-01-23T10:57:18","slug":"ti-sento-kaelakee-34096zy","status":"publish","type":"product","link":"https:\/\/glamuur.ee\/et\/product\/ti-sento-necklace-34096zy\/","title":{"rendered":"TI SENTO kaelakee 34096ZY"},"content":{"rendered":"<p>TI SENTO kullatud h\u00f5bedast kaelakee 34096ZY on kaasaegse klassikalise luksuse rafineeritud v\u00e4ljendus, mis on loodud iga ehtekollektsiooni kaunistamiseks. See 48 cm pikkune kett on valmistatud esmaklassilisest 925 h\u00f5bedast, mis on kaetud s\u00e4rava kollase kullaga ning kaunistatud \u00f5rnade valgete p\u00e4rlitega ja plaatinaga kaetud h\u00f5beaktsentidega. Selle keskmes on silmatorkav, omavahel \u00fchendatud l\u00fclide keskosa, mis koosneb kullatud ja plaatinaga kaetud h\u00f5bedast ning mille \u00fcks l\u00fcli on asetatud pimestava kuubilise tsirkooniaga - see lisab kaasaegset ja rafineeritud puudutust.<\/p>\n<p>See mitmek\u00fclgne, kuid samas pilkup\u00fc\u00fcdev kaelakee sobib ideaalselt kihiliseks v\u00f5i silmatorkavaks esemeks. Selle kaasaegne disain ja ajatu rafineeritus muudavad selle hooaja kohustuslikuks esemeks, olenemata sellest, kas see sobitub \u00f5hulise suvekleidi v\u00f5i elegantse \u00f5htuse ansambliga. See on niklivaba ja h\u00fcpoallergeenne ning tagab luksusliku mugavuse iga kandmise korral. Las see peen kaelakee on teie suvise garderoobi viimistluseks.<\/p>","protected":false},"excerpt":{"rendered":"<p>The TI SENTO Gold-Plated Silver Necklace 34096ZY is a refined expression of modern classic luxury, designed to elevate any jewellery collection. Crafted from premium 925 sterling silver, this 48cm chain is plated in radiant yellow gold and adorned with delicate white pearls and platinum-plated silver&#8230;<\/p>","protected":false},"featured_media":276876,"comment_status":"open","ping_status":"closed","template":"","meta":{"jetpack_post_was_ever_published":false},"product_brand":[1057],"product_cat":[979,968,727,939,964,951,146,961],"product_tag":[],"giftcard-category":[],"class_list":{"0":"post-274389","1":"product","2":"type-product","3":"status-publish","4":"has-post-thumbnail","6":"product_brand-ti-sento","7":"product_cat-graduation-2025","8":"product_cat-mothers-day-2025-ti-sento","9":"product_cat-necklaces","10":"product_cat-ti-sento-sale-europe","11":"product_cat-summer-sale-ti-sento","12":"product_cat-ti-sento-milano-necklace","13":"product_cat-ti-sento-milano-necklaces","14":"product_cat-ti-sento-milano-ss25","15":"pa_material-silver","16":"pa_metal-color-yellow-gold","17":"pa_product-brand-ti-sento-milano","18":"pa_stone-color-white","19":"pa_type-category-necklaces","21":"first","22":"instock","23":"taxable","24":"shipping-taxable","25":"purchasable","26":"product-type-simple"},"bundled_by":[],"bundle_stock_status":"instock","bundle_stock_quantity":1,"bundle_virtual":false,"bundle_layout":"","bundle_add_to_cart_form_location":"","bundle_editable_in_cart":false,"bundle_sold_individually_context":"","bundle_item_grouping":"","bundle_min_size":"","bundle_max_size":"","bundle_price":[],"bundled_items":[],"bundle_sell_ids":[],"etheme_brands":{"errors":{"invalid_taxonomy":["Lubamatu taksonoomia."]},"error_data":[]},"_links":{"self":[{"href":"https:\/\/glamuur.ee\/et\/wp-json\/wp\/v2\/product\/274389","targetHints":{"allow":["GET"]}}],"collection":[{"href":"https:\/\/glamuur.ee\/et\/wp-json\/wp\/v2\/product"}],"about":[{"href":"https:\/\/glamuur.ee\/et\/wp-json\/wp\/v2\/types\/product"}],"replies":[{"embeddable":true,"href":"https:\/\/glamuur.ee\/et\/wp-json\/wp\/v2\/comments?post=274389"}],"wp:featuredmedia":[{"embeddable":true,"href":"https:\/\/glamuur.ee\/et\/wp-json\/wp\/v2\/media\/276876"}],"wp:attachment":[{"href":"https:\/\/glamuur.ee\/et\/wp-json\/wp\/v2\/media?parent=274389"}],"wp:term":[{"taxonomy":"product_brand","embeddable":true,"href":"https:\/\/glamuur.ee\/et\/wp-json\/wp\/v2\/product_brand?post=274389"},{"taxonomy":"product_cat","embeddable":true,"href":"https:\/\/glamuur.ee\/et\/wp-json\/wp\/v2\/product_cat?post=274389"},{"taxonomy":"product_tag","embeddable":true,"href":"https:\/\/glamuur.ee\/et\/wp-json\/wp\/v2\/product_tag?post=274389"},{"taxonomy":"giftcard-category","embeddable":true,"href":"https:\/\/glamuur.ee\/et\/wp-json\/wp\/v2\/giftcard-category?post=274389"}],"curies":[{"name":"wp","href":"https:\/\/api.w.org\/{rel}","templated":true}]}}