{"id":274387,"date":"2025-03-06T20:43:26","date_gmt":"2025-03-06T18:43:26","guid":{"rendered":"https:\/\/glamuur.ee\/?post_type=product&#038;p=274387"},"modified":"2026-03-10T19:10:16","modified_gmt":"2026-03-10T17:10:16","slug":"ti-sento-kaelakee-34094pw","status":"publish","type":"product","link":"https:\/\/glamuur.ee\/et\/product\/ti-sento-necklace-34094pw\/","title":{"rendered":"TI SENTO kaelakee 34094PW"},"content":{"rendered":"<p>Kaunistage oma kaelakaarel\u00f5iku selle TI SENTO Pearl Silver 34094PW aegumatu veetlusega. T\u00e4iuslikult \u00fcmmarguste, helendavate valgete p\u00e4rlitega kaunistatud kaelakee on rafineeritud ajastututruu elegants. Valmistatud esmaklassilisest 925 h\u00f5bedast, iga p\u00e4rl on k\u00e4sitsi valitud oma veatu kuju ja s\u00e4rava l\u00e4ike t\u00f5ttu, luues niidi, mis \u00f5hkab vaikset luksust.<\/p>\n<p>Tagasihoidlik, kuid vaieldamatult \u0161ikk, see t\u00fckk sobib sujuvalt p\u00e4evast \u00f5htusse - kandke seda koos karge valge pluusiga, et saada p\u00e4evane v\u00e4limus, v\u00f5i laske sellel tuua klassikalist glamuuri \u00f5htusesse ansamblisse. Plaatinaga kaetud h\u00f5bedane klamber tagab kindla kinnituse, samas kui selle niklivaba ja h\u00fcpoallergeenne disain tagab kogu p\u00e4eva mugavuse. See kaelakee on igaveseks m\u00f5eldud ese, mida saab kanda nii \u00fcksi, et see oleks t\u00f5eliselt rafineeritud, kui ka mitmekihiliselt, et see oleks kaasaegne.<\/p>","protected":false},"excerpt":{"rendered":"<p>Grace your neckline with the timeless allure of this TI SENTO Pearl Silver Necklace 34094PW. Strung with perfectly round, luminous white pearls, this necklace is a refined take on timeless elegance. Crafted from premium 925 sterling silver, each pearl has been hand-selected for its flawless&#8230;<\/p>","protected":false},"featured_media":274089,"comment_status":"open","ping_status":"closed","template":"","meta":{"jetpack_post_was_ever_published":false},"product_brand":[1057],"product_cat":[979,968,727,945,939,964,951,146,961],"product_tag":[],"giftcard-category":[],"class_list":{"0":"post-274387","1":"product","2":"type-product","3":"status-publish","4":"has-post-thumbnail","6":"product_brand-ti-sento","7":"product_cat-graduation-2025","8":"product_cat-mothers-day-2025-ti-sento","9":"product_cat-necklaces","10":"product_cat-pearls","11":"product_cat-ti-sento-sale-europe","12":"product_cat-summer-sale-ti-sento","13":"product_cat-ti-sento-milano-necklace","14":"product_cat-ti-sento-milano-necklaces","15":"product_cat-ti-sento-milano-ss25","16":"pa_material-silver","17":"pa_metal-color-silver","18":"pa_product-brand-ti-sento-milano","19":"pa_stone-color-pearl","20":"pa_type-category-necklaces","22":"first","23":"instock","24":"taxable","25":"shipping-taxable","26":"purchasable","27":"product-type-simple"},"bundled_by":[],"bundle_stock_status":"instock","bundle_stock_quantity":1,"bundle_virtual":false,"bundle_layout":"","bundle_add_to_cart_form_location":"","bundle_editable_in_cart":false,"bundle_sold_individually_context":"","bundle_item_grouping":"","bundle_min_size":"","bundle_max_size":"","bundle_price":[],"bundled_items":[],"bundle_sell_ids":[],"etheme_brands":{"errors":{"invalid_taxonomy":["Lubamatu taksonoomia."]},"error_data":[]},"_links":{"self":[{"href":"https:\/\/glamuur.ee\/et\/wp-json\/wp\/v2\/product\/274387","targetHints":{"allow":["GET"]}}],"collection":[{"href":"https:\/\/glamuur.ee\/et\/wp-json\/wp\/v2\/product"}],"about":[{"href":"https:\/\/glamuur.ee\/et\/wp-json\/wp\/v2\/types\/product"}],"replies":[{"embeddable":true,"href":"https:\/\/glamuur.ee\/et\/wp-json\/wp\/v2\/comments?post=274387"}],"wp:featuredmedia":[{"embeddable":true,"href":"https:\/\/glamuur.ee\/et\/wp-json\/wp\/v2\/media\/274089"}],"wp:attachment":[{"href":"https:\/\/glamuur.ee\/et\/wp-json\/wp\/v2\/media?parent=274387"}],"wp:term":[{"taxonomy":"product_brand","embeddable":true,"href":"https:\/\/glamuur.ee\/et\/wp-json\/wp\/v2\/product_brand?post=274387"},{"taxonomy":"product_cat","embeddable":true,"href":"https:\/\/glamuur.ee\/et\/wp-json\/wp\/v2\/product_cat?post=274387"},{"taxonomy":"product_tag","embeddable":true,"href":"https:\/\/glamuur.ee\/et\/wp-json\/wp\/v2\/product_tag?post=274387"},{"taxonomy":"giftcard-category","embeddable":true,"href":"https:\/\/glamuur.ee\/et\/wp-json\/wp\/v2\/giftcard-category?post=274387"}],"curies":[{"name":"wp","href":"https:\/\/api.w.org\/{rel}","templated":true}]}}