{"id":274382,"date":"2025-03-06T20:43:12","date_gmt":"2025-03-06T18:43:12","guid":{"rendered":"https:\/\/glamuur.ee\/?post_type=product&#038;p=274382"},"modified":"2026-04-20T14:00:09","modified_gmt":"2026-04-20T11:00:09","slug":"ti-sento-kaelakee-34089zy","status":"publish","type":"product","link":"https:\/\/glamuur.ee\/et\/product\/ti-sento-necklace-34089zy\/","title":{"rendered":"TI SENTO kaelakee 34089ZY"},"content":{"rendered":"<p>Esitleme TI SENTO kullatud h\u00f5bedast kaelakee 34089ZY pikkusega 80 cm, mis on 925 k\u00f5rgekvaliteedilisest h\u00f5bedast valmistatud tagasihoidliku elegantsi meistriteos. Sellel \u00f5rnal kaelakeelel on k\u00f6iega inspireeritud disain, kus kollased kullatud keeratud aktsendid vahelduvad h\u00f5beelementidega, luues tekstuuride ja toonide harmoonilise tasakaalu.<\/p>\n<p>Selle rafineeritud lihtsus \u00f5hkab suvist rafineeritust, mis sobib ideaalselt iga komplekti kaunistamiseks s\u00e4rava v\u00f5lu abil. Stiilige seda \u00fcksinda, et saavutada vaevata \u0161ikk v\u00e4limus, v\u00f5i \u00fchendage see teiste TI SENTO t\u00fckkidega, et luua lummav avaldus. See on h\u00fcpoallergeenne ja niklivaba ning tagab nii mugavuse kui ka ajatu veetluse, mis muudab selle ideaalseks t\u00e4ienduseks teie ehtekollektsioonile.<\/p>","protected":false},"excerpt":{"rendered":"<p>Presenting the TI SENTO Gold-Plated Silver Necklace 34089ZY with a length of 80 cm, a masterpiece of understated elegance crafted from 925 premium sterling silver. This delicate necklace features a rope-inspired design, with yellow gold-plated twisted accents alternating with silver elements, creating a harmonious balance&#8230;<\/p>","protected":false},"featured_media":274066,"comment_status":"open","ping_status":"closed","template":"","meta":{"jetpack_post_was_ever_published":false},"product_brand":[],"product_cat":[979,968,727,599,939,964,951,146,961],"product_tag":[],"giftcard-category":[],"class_list":{"0":"post-274382","1":"product","2":"type-product","3":"status-publish","4":"has-post-thumbnail","6":"product_cat-graduation-2025","7":"product_cat-mothers-day-2025-ti-sento","8":"product_cat-necklaces","9":"product_cat-sale","10":"product_cat-ti-sento-sale-europe","11":"product_cat-summer-sale-ti-sento","12":"product_cat-ti-sento-milano-necklace","13":"product_cat-ti-sento-milano-necklaces","14":"product_cat-ti-sento-milano-ss25","15":"pa_material-silver","16":"pa_metal-color-yellow-gold","17":"pa_product-brand-ti-sento-milano","18":"pa_stone-color-white","19":"pa_type-category-necklaces","21":"first","22":"instock","23":"taxable","24":"shipping-taxable","25":"purchasable","26":"product-type-simple"},"bundled_by":[],"bundle_stock_status":"instock","bundle_stock_quantity":1,"bundle_virtual":false,"bundle_layout":"","bundle_add_to_cart_form_location":"","bundle_editable_in_cart":false,"bundle_sold_individually_context":"","bundle_item_grouping":"","bundle_min_size":"","bundle_max_size":"","bundle_price":[],"bundled_items":[],"bundle_sell_ids":[],"etheme_brands":{"errors":{"invalid_taxonomy":["Lubamatu taksonoomia."]},"error_data":[]},"_links":{"self":[{"href":"https:\/\/glamuur.ee\/et\/wp-json\/wp\/v2\/product\/274382","targetHints":{"allow":["GET"]}}],"collection":[{"href":"https:\/\/glamuur.ee\/et\/wp-json\/wp\/v2\/product"}],"about":[{"href":"https:\/\/glamuur.ee\/et\/wp-json\/wp\/v2\/types\/product"}],"replies":[{"embeddable":true,"href":"https:\/\/glamuur.ee\/et\/wp-json\/wp\/v2\/comments?post=274382"}],"wp:featuredmedia":[{"embeddable":true,"href":"https:\/\/glamuur.ee\/et\/wp-json\/wp\/v2\/media\/274066"}],"wp:attachment":[{"href":"https:\/\/glamuur.ee\/et\/wp-json\/wp\/v2\/media?parent=274382"}],"wp:term":[{"taxonomy":"product_brand","embeddable":true,"href":"https:\/\/glamuur.ee\/et\/wp-json\/wp\/v2\/product_brand?post=274382"},{"taxonomy":"product_cat","embeddable":true,"href":"https:\/\/glamuur.ee\/et\/wp-json\/wp\/v2\/product_cat?post=274382"},{"taxonomy":"product_tag","embeddable":true,"href":"https:\/\/glamuur.ee\/et\/wp-json\/wp\/v2\/product_tag?post=274382"},{"taxonomy":"giftcard-category","embeddable":true,"href":"https:\/\/glamuur.ee\/et\/wp-json\/wp\/v2\/giftcard-category?post=274382"}],"curies":[{"name":"wp","href":"https:\/\/api.w.org\/{rel}","templated":true}]}}