{"id":274381,"date":"2025-03-06T20:43:09","date_gmt":"2025-03-06T18:43:09","guid":{"rendered":"https:\/\/glamuur.ee\/?post_type=product&#038;p=274381"},"modified":"2026-04-20T11:40:15","modified_gmt":"2026-04-20T08:40:15","slug":"ti-sento-kaelakee-34088zy","status":"publish","type":"product","link":"https:\/\/glamuur.ee\/et\/product\/ti-sento-necklace-34088zy\/","title":{"rendered":"TI SENTO kaelakee 34088ZY"},"content":{"rendered":"<p>Tutvustame TI SENTO kullatud h\u00f5bedast kaelakee 34088ZY, mis on luksuslik sulam rafineeritusest ja modernsest elegantsist. See 925 k\u00f5rgekvaliteedilisest h\u00f5bedast valmistatud kaelakee kujutab endast v\u00f5luvat k\u00f6iekujundust, millel on kollase kullaga kaetud keeratud l\u00fclid ja plaatinaga kaetud h\u00f5beaktsendid, mis on varustatud s\u00e4ravate kuubiliste tsirkooniatega. Vahelduvad tekstuurid loovad julge, kuid graatsilise esteetika, mis muudab selle kollektsiooni t\u00f5eliseks v\u00e4ljapeetud stiili avalduseks.<\/p>\n<p>Las see kaelakee kehastab suvist rafineeritust, lisades oma p\u00e4ikesepaistelistele seiklustele kuldset soojust. \u00dchendage see s\u00fcgavama kaelusega v\u00f5i \u00fchendage see teiste \u00f5rnade t\u00fckkidega, et saavutada mitmek\u00fclgne ja \u0161ikk v\u00e4limus. See on h\u00fcpoallergeenne ja niklivaba, mis lubab mugavust ja ajatut ilu igaks juhuks.<\/p>","protected":false},"excerpt":{"rendered":"<p>Introducing the TI SENTO Gold-Plated Silver Necklace 34088ZY, a luxurious fusion of sophistication and modern elegance. Crafted from 925 premium sterling silver, this necklace showcases a captivating rope design with yellow gold-plated twisted links and platinum-plated silver accents handset with sparkling cubic zirconia. The alternating&#8230;<\/p>","protected":false},"featured_media":274062,"comment_status":"open","ping_status":"closed","template":"","meta":{"jetpack_post_was_ever_published":false},"product_brand":[],"product_cat":[979,968,727,939,964,951,146,961],"product_tag":[],"giftcard-category":[],"class_list":{"0":"post-274381","1":"product","2":"type-product","3":"status-publish","4":"has-post-thumbnail","6":"product_cat-graduation-2025","7":"product_cat-mothers-day-2025-ti-sento","8":"product_cat-necklaces","9":"product_cat-ti-sento-sale-europe","10":"product_cat-summer-sale-ti-sento","11":"product_cat-ti-sento-milano-necklace","12":"product_cat-ti-sento-milano-necklaces","13":"product_cat-ti-sento-milano-ss25","14":"pa_material-silver","15":"pa_metal-color-yellow-gold","16":"pa_product-brand-ti-sento-milano","17":"pa_stone-color-white","18":"pa_type-category-necklaces","20":"first","21":"instock","22":"taxable","23":"shipping-taxable","24":"purchasable","25":"product-type-simple"},"bundled_by":[],"bundle_stock_status":"instock","bundle_stock_quantity":1,"bundle_virtual":false,"bundle_layout":"","bundle_add_to_cart_form_location":"","bundle_editable_in_cart":false,"bundle_sold_individually_context":"","bundle_item_grouping":"","bundle_min_size":"","bundle_max_size":"","bundle_price":[],"bundled_items":[],"bundle_sell_ids":[],"etheme_brands":{"errors":{"invalid_taxonomy":["Lubamatu taksonoomia."]},"error_data":[]},"_links":{"self":[{"href":"https:\/\/glamuur.ee\/et\/wp-json\/wp\/v2\/product\/274381","targetHints":{"allow":["GET"]}}],"collection":[{"href":"https:\/\/glamuur.ee\/et\/wp-json\/wp\/v2\/product"}],"about":[{"href":"https:\/\/glamuur.ee\/et\/wp-json\/wp\/v2\/types\/product"}],"replies":[{"embeddable":true,"href":"https:\/\/glamuur.ee\/et\/wp-json\/wp\/v2\/comments?post=274381"}],"wp:featuredmedia":[{"embeddable":true,"href":"https:\/\/glamuur.ee\/et\/wp-json\/wp\/v2\/media\/274062"}],"wp:attachment":[{"href":"https:\/\/glamuur.ee\/et\/wp-json\/wp\/v2\/media?parent=274381"}],"wp:term":[{"taxonomy":"product_brand","embeddable":true,"href":"https:\/\/glamuur.ee\/et\/wp-json\/wp\/v2\/product_brand?post=274381"},{"taxonomy":"product_cat","embeddable":true,"href":"https:\/\/glamuur.ee\/et\/wp-json\/wp\/v2\/product_cat?post=274381"},{"taxonomy":"product_tag","embeddable":true,"href":"https:\/\/glamuur.ee\/et\/wp-json\/wp\/v2\/product_tag?post=274381"},{"taxonomy":"giftcard-category","embeddable":true,"href":"https:\/\/glamuur.ee\/et\/wp-json\/wp\/v2\/giftcard-category?post=274381"}],"curies":[{"name":"wp","href":"https:\/\/api.w.org\/{rel}","templated":true}]}}