{"id":274379,"date":"2025-03-06T20:43:04","date_gmt":"2025-03-06T18:43:04","guid":{"rendered":"https:\/\/glamuur.ee\/?post_type=product&#038;p=274379"},"modified":"2026-01-23T12:57:16","modified_gmt":"2026-01-23T10:57:16","slug":"ti-sento-kaelakee-34086sy","status":"publish","type":"product","link":"https:\/\/glamuur.ee\/et\/product\/ti-sento-necklace-34086sy\/","title":{"rendered":"TI SENTO kaelakee 34086SY"},"content":{"rendered":"<p>Lisage oma igap\u00e4evasele v\u00e4limusele veidi soojust ja elegantsust TI SENTO kullatud h\u00f5bedast meremehe kaelakee 34086SY, 45 cm pikkune kollane kuld, mis on ajatu ese, mis on valmistatud esmaklassilisest 925 sterlingh\u00f5bedast ja kaetud s\u00e4rava kollase kulla kihiga, mis tagab rikkaliku ja luksusliku viimistluse. Tugeva ja rafineeritud meremehe ketiga kaelakee pakub rafineeritud, kuid samas julget v\u00e4limust. Selle minimalistlik, kuid ometi v\u00e4ljendusrikas disain sobib ideaalselt teiste kaelakeedega kombineerimiseks v\u00f5i kandmiseks \u00fcksi, et saavutada elegantset ja kaasaegset esteetikat. See kaelakee lisab igale stiilile elegantsi ja mitmek\u00fclgsust, olenemata sellest, kas see sobib suvise riietuse juurde v\u00f5i seda kantakse aastaringselt. See niklivaba ja h\u00fcpoallergeenne kaelakee on loodud tundliku naha jaoks, mis tagab kogu p\u00e4eva mugavuse ja kestva kvaliteedi.<\/p>","protected":false},"excerpt":{"rendered":"<p>Add a touch of warmth and elegance to your everyday look with the TI SENTO Gold-Plated Silver Mariner Necklace 34086SY in 45 cm in yellow gold, a timeless piece crafted from premium 925 sterling silver and plated with a radiant layer of yellow gold for&#8230;<\/p>","protected":false},"featured_media":274052,"comment_status":"open","ping_status":"closed","template":"","meta":{"jetpack_post_was_ever_published":false},"product_brand":[1057],"product_cat":[979,968,727,939,964,951,146,961],"product_tag":[],"giftcard-category":[],"class_list":{"0":"post-274379","1":"product","2":"type-product","3":"status-publish","4":"has-post-thumbnail","6":"product_brand-ti-sento","7":"product_cat-graduation-2025","8":"product_cat-mothers-day-2025-ti-sento","9":"product_cat-necklaces","10":"product_cat-ti-sento-sale-europe","11":"product_cat-summer-sale-ti-sento","12":"product_cat-ti-sento-milano-necklace","13":"product_cat-ti-sento-milano-necklaces","14":"product_cat-ti-sento-milano-ss25","15":"pa_material-silver","16":"pa_metal-color-yellow-gold","17":"pa_product-brand-ti-sento-milano","18":"pa_stone-color-without-stones","19":"pa_type-category-necklaces","21":"first","22":"instock","23":"taxable","24":"shipping-taxable","25":"purchasable","26":"product-type-simple"},"bundled_by":[],"bundle_stock_status":"instock","bundle_stock_quantity":4,"bundle_virtual":false,"bundle_layout":"","bundle_add_to_cart_form_location":"","bundle_editable_in_cart":false,"bundle_sold_individually_context":"","bundle_item_grouping":"","bundle_min_size":"","bundle_max_size":"","bundle_price":[],"bundled_items":[],"bundle_sell_ids":[],"etheme_brands":{"errors":{"invalid_taxonomy":["Lubamatu taksonoomia."]},"error_data":[]},"_links":{"self":[{"href":"https:\/\/glamuur.ee\/et\/wp-json\/wp\/v2\/product\/274379","targetHints":{"allow":["GET"]}}],"collection":[{"href":"https:\/\/glamuur.ee\/et\/wp-json\/wp\/v2\/product"}],"about":[{"href":"https:\/\/glamuur.ee\/et\/wp-json\/wp\/v2\/types\/product"}],"replies":[{"embeddable":true,"href":"https:\/\/glamuur.ee\/et\/wp-json\/wp\/v2\/comments?post=274379"}],"wp:featuredmedia":[{"embeddable":true,"href":"https:\/\/glamuur.ee\/et\/wp-json\/wp\/v2\/media\/274052"}],"wp:attachment":[{"href":"https:\/\/glamuur.ee\/et\/wp-json\/wp\/v2\/media?parent=274379"}],"wp:term":[{"taxonomy":"product_brand","embeddable":true,"href":"https:\/\/glamuur.ee\/et\/wp-json\/wp\/v2\/product_brand?post=274379"},{"taxonomy":"product_cat","embeddable":true,"href":"https:\/\/glamuur.ee\/et\/wp-json\/wp\/v2\/product_cat?post=274379"},{"taxonomy":"product_tag","embeddable":true,"href":"https:\/\/glamuur.ee\/et\/wp-json\/wp\/v2\/product_tag?post=274379"},{"taxonomy":"giftcard-category","embeddable":true,"href":"https:\/\/glamuur.ee\/et\/wp-json\/wp\/v2\/giftcard-category?post=274379"}],"curies":[{"name":"wp","href":"https:\/\/api.w.org\/{rel}","templated":true}]}}