{"id":274377,"date":"2025-03-06T20:42:58","date_gmt":"2025-03-06T18:42:58","guid":{"rendered":"https:\/\/glamuur.ee\/?post_type=product&#038;p=274377"},"modified":"2025-11-16T13:56:48","modified_gmt":"2025-11-16T11:56:48","slug":"ti-sento-kaelakee-34085zy","status":"publish","type":"product","link":"https:\/\/glamuur.ee\/et\/product\/ti-sento-necklace-34085zy\/","title":{"rendered":"TI SENTO kaelakee 34085ZY"},"content":{"rendered":"<p>Armastage igaviku ilu TI SENTO kullatud h\u00f5bedast l\u00f5putu kaelakee 34085ZY 43 cm, mis on l\u00f5putu armastuse ja l\u00f5pmatute v\u00f5imaluste ajatu s\u00fcmbol. See elegantne kaelakee on valmistatud esmaklassilisest 925 h\u00f5bedast ja kaetud sooja kollase kulla kihiga ning seda kaunistab h\u00f5rk kett, mida kaunistab uimastava l\u00f5pmatuse kujuga lukk.<\/p>\n<p>Selle disaini teeb eriliseks selle mitmek\u00fclgsus - l\u00f5pmatuslukk v\u00f5imaldab kinnitada ripatseid ja kombineerida seda teiste kaelakeedega, pakkudes l\u00f5putuid v\u00f5imalusi isikup\u00e4rastamiseks ja kihiliseks \u00fchendamiseks. Ripats ise on p\u00f5imitud h\u00f5be- ja kuldelementide kunstlik sulam, mida r\u00f5hutavad paveeritud kuubilised tsirkooniumid, mis annavad peene s\u00e4ra, mis p\u00fc\u00fcab valgust iga liigutusega. See kaelakee kehastab p\u00fcsivate sidemete ja piiritu stiili olemust, olenemata sellest, kas seda kantakse mitmekihiliselt v\u00f5i \u00fcksi rafineeritud lihtsuse avaldusena. See on l\u00e4bim\u00f5eldult valmistatud tundlikule nahale, on niklivaba ja h\u00fcpoallergeenne, tagades luksusliku mugavuse ja kestva ilu.<\/p>","protected":false},"excerpt":{"rendered":"<p>Embrace the beauty of eternity with the TI SENTO Gold-Plated Silver Infinity Necklace 34085ZY in 43 cm, a timeless symbol of endless love and infinite possibilities. Expertly crafted from premium 925 sterling silver and plated with a warm layer of yellow gold, this elegant necklace&#8230;<\/p>","protected":false},"featured_media":274042,"comment_status":"open","ping_status":"closed","template":"","meta":{"jetpack_post_was_ever_published":false},"product_brand":[],"product_cat":[979,968,727,939,964,951,146,961],"product_tag":[],"giftcard-category":[],"class_list":{"0":"post-274377","1":"product","2":"type-product","3":"status-publish","4":"has-post-thumbnail","6":"product_cat-graduation-2025","7":"product_cat-mothers-day-2025-ti-sento","8":"product_cat-necklaces","9":"product_cat-ti-sento-sale-europe","10":"product_cat-summer-sale-ti-sento","11":"product_cat-ti-sento-milano-necklace","12":"product_cat-ti-sento-milano-necklaces","13":"product_cat-ti-sento-milano-ss25","14":"pa_material-silver","15":"pa_metal-color-yellow-gold","16":"pa_product-brand-ti-sento-milano","17":"pa_stone-color-white","18":"pa_type-category-necklaces","20":"first","21":"instock","22":"taxable","23":"shipping-taxable","24":"purchasable","25":"product-type-simple"},"bundled_by":[],"bundle_stock_status":"instock","bundle_stock_quantity":3,"bundle_virtual":false,"bundle_layout":"","bundle_add_to_cart_form_location":"","bundle_editable_in_cart":false,"bundle_sold_individually_context":"","bundle_item_grouping":"","bundle_min_size":"","bundle_max_size":"","bundle_price":[],"bundled_items":[],"bundle_sell_ids":[],"etheme_brands":{"errors":{"invalid_taxonomy":["Lubamatu taksonoomia."]},"error_data":[]},"_links":{"self":[{"href":"https:\/\/glamuur.ee\/et\/wp-json\/wp\/v2\/product\/274377","targetHints":{"allow":["GET"]}}],"collection":[{"href":"https:\/\/glamuur.ee\/et\/wp-json\/wp\/v2\/product"}],"about":[{"href":"https:\/\/glamuur.ee\/et\/wp-json\/wp\/v2\/types\/product"}],"replies":[{"embeddable":true,"href":"https:\/\/glamuur.ee\/et\/wp-json\/wp\/v2\/comments?post=274377"}],"wp:featuredmedia":[{"embeddable":true,"href":"https:\/\/glamuur.ee\/et\/wp-json\/wp\/v2\/media\/274042"}],"wp:attachment":[{"href":"https:\/\/glamuur.ee\/et\/wp-json\/wp\/v2\/media?parent=274377"}],"wp:term":[{"taxonomy":"product_brand","embeddable":true,"href":"https:\/\/glamuur.ee\/et\/wp-json\/wp\/v2\/product_brand?post=274377"},{"taxonomy":"product_cat","embeddable":true,"href":"https:\/\/glamuur.ee\/et\/wp-json\/wp\/v2\/product_cat?post=274377"},{"taxonomy":"product_tag","embeddable":true,"href":"https:\/\/glamuur.ee\/et\/wp-json\/wp\/v2\/product_tag?post=274377"},{"taxonomy":"giftcard-category","embeddable":true,"href":"https:\/\/glamuur.ee\/et\/wp-json\/wp\/v2\/giftcard-category?post=274377"}],"curies":[{"name":"wp","href":"https:\/\/api.w.org\/{rel}","templated":true}]}}