{"id":274376,"date":"2025-03-06T20:42:56","date_gmt":"2025-03-06T18:42:56","guid":{"rendered":"https:\/\/glamuur.ee\/?post_type=product&#038;p=274376"},"modified":"2026-04-15T17:05:08","modified_gmt":"2026-04-15T14:05:08","slug":"ti-sento-kaelakee-34084zy","status":"publish","type":"product","link":"https:\/\/glamuur.ee\/et\/product\/ti-sento-necklace-34084zy\/","title":{"rendered":"TI SENTO kaelakee 34084ZY"},"content":{"rendered":"<p>Kanaliseeri \u00f5nne TI SENTO kullatud h\u00f5bedast hobuseraua kaelakee 34084ZY, mis on kaunilt valmistatud 925-sterlingh\u00f5bedast kaelakee, mis on loodud nii v\u00f5lu kui ka elegantsi toomiseks. Kaelakee on kaetud rikkaliku kollase kullaga ja sellel on \u00f5rn hobuseraua ripats, mida kaunistavad s\u00e4delevad kuubilised tsirkooniumid, mis annavad peene, kuid k\u00fctkestava s\u00e4ra. See ripub klassikalise h\u00f5beketi k\u00fcljes, mis \u00f5hkab m\u00e4ngulist elegantsi. See mitmek\u00fclgne kollektsioon sobib ideaalselt igap\u00e4evaeluks v\u00f5i lisab m\u00e4ngleva elegantsi mis tahes riietusele. See on valmistatud tundlikku nahka s\u00e4\u00e4stvalt, on niklivaba ja h\u00fcpoallergeenne, tagades kestva mugavuse ja vastupidavuse.<\/p>","protected":false},"excerpt":{"rendered":"<p>Channel good luck with the TI SENTO Gold-Plated Silver Horseshoe Necklace 34084ZY, a beautifully crafted premium 925 sterling silver necklace designed to bring both charm and elegance. Plated in rich yellow gold, this necklace features a delicate horseshoe pendant, adorned with sparkling cubic zirconia for&#8230;<\/p>","protected":false},"featured_media":274037,"comment_status":"open","ping_status":"closed","template":"","meta":{"jetpack_post_was_ever_published":false},"product_brand":[1057],"product_cat":[979,968,727,939,964,951,146,961],"product_tag":[],"giftcard-category":[],"class_list":{"0":"post-274376","1":"product","2":"type-product","3":"status-publish","4":"has-post-thumbnail","6":"product_brand-ti-sento","7":"product_cat-graduation-2025","8":"product_cat-mothers-day-2025-ti-sento","9":"product_cat-necklaces","10":"product_cat-ti-sento-sale-europe","11":"product_cat-summer-sale-ti-sento","12":"product_cat-ti-sento-milano-necklace","13":"product_cat-ti-sento-milano-necklaces","14":"product_cat-ti-sento-milano-ss25","15":"pa_material-silver","16":"pa_metal-color-yellow-gold","17":"pa_product-brand-ti-sento-milano","18":"pa_stone-color-white","19":"pa_type-category-necklaces","21":"first","22":"instock","23":"taxable","24":"shipping-taxable","25":"purchasable","26":"product-type-simple"},"bundled_by":[],"bundle_stock_status":"instock","bundle_stock_quantity":4,"bundle_virtual":false,"bundle_layout":"","bundle_add_to_cart_form_location":"","bundle_editable_in_cart":false,"bundle_sold_individually_context":"","bundle_item_grouping":"","bundle_min_size":"","bundle_max_size":"","bundle_price":[],"bundled_items":[],"bundle_sell_ids":[],"etheme_brands":{"errors":{"invalid_taxonomy":["Lubamatu taksonoomia."]},"error_data":[]},"_links":{"self":[{"href":"https:\/\/glamuur.ee\/et\/wp-json\/wp\/v2\/product\/274376","targetHints":{"allow":["GET"]}}],"collection":[{"href":"https:\/\/glamuur.ee\/et\/wp-json\/wp\/v2\/product"}],"about":[{"href":"https:\/\/glamuur.ee\/et\/wp-json\/wp\/v2\/types\/product"}],"replies":[{"embeddable":true,"href":"https:\/\/glamuur.ee\/et\/wp-json\/wp\/v2\/comments?post=274376"}],"wp:featuredmedia":[{"embeddable":true,"href":"https:\/\/glamuur.ee\/et\/wp-json\/wp\/v2\/media\/274037"}],"wp:attachment":[{"href":"https:\/\/glamuur.ee\/et\/wp-json\/wp\/v2\/media?parent=274376"}],"wp:term":[{"taxonomy":"product_brand","embeddable":true,"href":"https:\/\/glamuur.ee\/et\/wp-json\/wp\/v2\/product_brand?post=274376"},{"taxonomy":"product_cat","embeddable":true,"href":"https:\/\/glamuur.ee\/et\/wp-json\/wp\/v2\/product_cat?post=274376"},{"taxonomy":"product_tag","embeddable":true,"href":"https:\/\/glamuur.ee\/et\/wp-json\/wp\/v2\/product_tag?post=274376"},{"taxonomy":"giftcard-category","embeddable":true,"href":"https:\/\/glamuur.ee\/et\/wp-json\/wp\/v2\/giftcard-category?post=274376"}],"curies":[{"name":"wp","href":"https:\/\/api.w.org\/{rel}","templated":true}]}}