{"id":274375,"date":"2025-03-06T20:42:53","date_gmt":"2025-03-06T18:42:53","guid":{"rendered":"https:\/\/glamuur.ee\/?post_type=product&#038;p=274375"},"modified":"2025-11-16T13:56:48","modified_gmt":"2025-11-16T11:56:48","slug":"ti-sento-kaelakee-34083sy","status":"publish","type":"product","link":"https:\/\/glamuur.ee\/et\/product\/ti-sento-necklace-34083sy\/","title":{"rendered":"TI SENTO kaelakee 34083SY"},"content":{"rendered":"<p>T\u00f5sta oma igap\u00e4evast stiili 55 cm pikkuse TI SENTO kullatud h\u00f5bedast kaelakee 34083SY abil, mis on ajatu, valmistatud esmaklassilisest 925 h\u00f5bedast ja kaetud sooja kollase kullaga. See klassikaline disain on varustatud \u00f5rna kastkettaga, mis on tuntud oma keerulise ja vastupidava disaini poolest. Keti sile, lihvitud viimistlus loob keerulise ja rafineeritud v\u00e4limuse, mis sobib igale stiilile. See kaelakee sobib ideaalselt teiste kettidega \u00fchendamiseks v\u00f5i kandmiseks \u00fcksi, et teha minimalistlik avaldus. Tundliku naha eest hoolitsedes valmistatud niklivaba ja h\u00fcpoallergeenne kaelakee tagab kestva mugavuse ja kvaliteedi.<\/p>","protected":false},"excerpt":{"rendered":"<p>Elevate your everyday style with the TI SENTO Gold-Plated Silver Necklace 34083SY in 55 cm, a timeless piece crafted from premium 925 sterling silver and plated with warm yellow gold. This classic design features a delicate box chain, known for its intricate and durable design&#8230;.<\/p>","protected":false},"featured_media":274033,"comment_status":"open","ping_status":"closed","template":"","meta":{"jetpack_post_was_ever_published":false},"product_brand":[1057],"product_cat":[979,968,727,939,964,951,146,961],"product_tag":[],"giftcard-category":[],"class_list":{"0":"post-274375","1":"product","2":"type-product","3":"status-publish","4":"has-post-thumbnail","6":"product_brand-ti-sento","7":"product_cat-graduation-2025","8":"product_cat-mothers-day-2025-ti-sento","9":"product_cat-necklaces","10":"product_cat-ti-sento-sale-europe","11":"product_cat-summer-sale-ti-sento","12":"product_cat-ti-sento-milano-necklace","13":"product_cat-ti-sento-milano-necklaces","14":"product_cat-ti-sento-milano-ss25","15":"pa_material-silver","16":"pa_metal-color-yellow-gold","17":"pa_product-brand-ti-sento-milano","18":"pa_stone-color-without-stones","19":"pa_type-category-necklaces","21":"first","22":"instock","23":"sale","24":"taxable","25":"shipping-taxable","26":"purchasable","27":"product-type-simple"},"bundled_by":[],"bundle_stock_status":"instock","bundle_stock_quantity":3,"bundle_virtual":false,"bundle_layout":"","bundle_add_to_cart_form_location":"","bundle_editable_in_cart":false,"bundle_sold_individually_context":"","bundle_item_grouping":"","bundle_min_size":"","bundle_max_size":"","bundle_price":[],"bundled_items":[],"bundle_sell_ids":[],"etheme_brands":{"errors":{"invalid_taxonomy":["Lubamatu taksonoomia."]},"error_data":[]},"_links":{"self":[{"href":"https:\/\/glamuur.ee\/et\/wp-json\/wp\/v2\/product\/274375","targetHints":{"allow":["GET"]}}],"collection":[{"href":"https:\/\/glamuur.ee\/et\/wp-json\/wp\/v2\/product"}],"about":[{"href":"https:\/\/glamuur.ee\/et\/wp-json\/wp\/v2\/types\/product"}],"replies":[{"embeddable":true,"href":"https:\/\/glamuur.ee\/et\/wp-json\/wp\/v2\/comments?post=274375"}],"wp:featuredmedia":[{"embeddable":true,"href":"https:\/\/glamuur.ee\/et\/wp-json\/wp\/v2\/media\/274033"}],"wp:attachment":[{"href":"https:\/\/glamuur.ee\/et\/wp-json\/wp\/v2\/media?parent=274375"}],"wp:term":[{"taxonomy":"product_brand","embeddable":true,"href":"https:\/\/glamuur.ee\/et\/wp-json\/wp\/v2\/product_brand?post=274375"},{"taxonomy":"product_cat","embeddable":true,"href":"https:\/\/glamuur.ee\/et\/wp-json\/wp\/v2\/product_cat?post=274375"},{"taxonomy":"product_tag","embeddable":true,"href":"https:\/\/glamuur.ee\/et\/wp-json\/wp\/v2\/product_tag?post=274375"},{"taxonomy":"giftcard-category","embeddable":true,"href":"https:\/\/glamuur.ee\/et\/wp-json\/wp\/v2\/giftcard-category?post=274375"}],"curies":[{"name":"wp","href":"https:\/\/api.w.org\/{rel}","templated":true}]}}