{"id":274374,"date":"2025-03-06T20:42:51","date_gmt":"2025-03-06T18:42:51","guid":{"rendered":"https:\/\/glamuur.ee\/?post_type=product&#038;p=274374"},"modified":"2026-01-23T12:57:15","modified_gmt":"2026-01-23T10:57:15","slug":"ti-sento-kaelakee-34082zi","status":"publish","type":"product","link":"https:\/\/glamuur.ee\/et\/product\/ti-sento-necklace-34082zi\/","title":{"rendered":"TI SENTO kaelakee 34082ZI"},"content":{"rendered":"<p>Tutvustame TI SENTO h\u00f5bedast kaelakee 34082ZI, mis on valmistatud suurep\u00e4rasest 925 h\u00f5bedast ja kaetud hinnalise plaatinaga, et see p\u00fcsiks v\u00f5imalikult kaua. Selles disainis on paeluv paigutus poleeritud h\u00f5bedast keradest, mis vahelduvad raamitud kuubiliste tsirkooniumkividega, mis s\u00e4ravad nagu t\u00e4hed \u00f6ises taevas. Minimalistlik, kuid elegantne muster loob ajatu v\u00e4limuse, mis sobib ideaalselt iga riietuse esilet\u00f5stmiseks. Kaelakee pikkus on 42 cm. <\/p>\n<p>T\u00e4histage suvise rafineerituse olemust kaelakee abil, mis peegeldab p\u00e4ikesepaisteliste p\u00e4evade ja t\u00e4histaevaste \u00f6\u00f6de vaevata graatsiat. H\u00fcpoallergeenne ja niklivaba, pakub see ese nii ilu kui ka mugavust, mist\u00f5ttu on seda r\u00f5\u00f5m kanda kogu hooaja v\u00e4ltel.<\/p>","protected":false},"excerpt":{"rendered":"<p>Introducing the TI SENTO Silver Necklace 34082ZI, a stunning piece crafted from 925 premium sterling silver and plated with precious platinum to keep it stunning for as long as possible. This design features a captivating arrangement of polished silver spheres, alternating with bezel-set cubic zirconia&#8230;<\/p>","protected":false},"featured_media":274029,"comment_status":"open","ping_status":"closed","template":"","meta":{"jetpack_post_was_ever_published":false},"product_brand":[1057],"product_cat":[979,968,727,939,964,951,146,961],"product_tag":[],"giftcard-category":[],"class_list":{"0":"post-274374","1":"product","2":"type-product","3":"status-publish","4":"has-post-thumbnail","6":"product_brand-ti-sento","7":"product_cat-graduation-2025","8":"product_cat-mothers-day-2025-ti-sento","9":"product_cat-necklaces","10":"product_cat-ti-sento-sale-europe","11":"product_cat-summer-sale-ti-sento","12":"product_cat-ti-sento-milano-necklace","13":"product_cat-ti-sento-milano-necklaces","14":"product_cat-ti-sento-milano-ss25","15":"pa_material-silver","16":"pa_metal-color-silver","17":"pa_product-brand-ti-sento-milano","18":"pa_stone-color-white","19":"pa_type-category-necklaces","21":"first","22":"instock","23":"taxable","24":"shipping-taxable","25":"purchasable","26":"product-type-simple"},"bundled_by":[],"bundle_stock_status":"instock","bundle_stock_quantity":4,"bundle_virtual":false,"bundle_layout":"","bundle_add_to_cart_form_location":"","bundle_editable_in_cart":false,"bundle_sold_individually_context":"","bundle_item_grouping":"","bundle_min_size":"","bundle_max_size":"","bundle_price":[],"bundled_items":[],"bundle_sell_ids":[],"etheme_brands":{"errors":{"invalid_taxonomy":["Lubamatu taksonoomia."]},"error_data":[]},"_links":{"self":[{"href":"https:\/\/glamuur.ee\/et\/wp-json\/wp\/v2\/product\/274374","targetHints":{"allow":["GET"]}}],"collection":[{"href":"https:\/\/glamuur.ee\/et\/wp-json\/wp\/v2\/product"}],"about":[{"href":"https:\/\/glamuur.ee\/et\/wp-json\/wp\/v2\/types\/product"}],"replies":[{"embeddable":true,"href":"https:\/\/glamuur.ee\/et\/wp-json\/wp\/v2\/comments?post=274374"}],"wp:featuredmedia":[{"embeddable":true,"href":"https:\/\/glamuur.ee\/et\/wp-json\/wp\/v2\/media\/274029"}],"wp:attachment":[{"href":"https:\/\/glamuur.ee\/et\/wp-json\/wp\/v2\/media?parent=274374"}],"wp:term":[{"taxonomy":"product_brand","embeddable":true,"href":"https:\/\/glamuur.ee\/et\/wp-json\/wp\/v2\/product_brand?post=274374"},{"taxonomy":"product_cat","embeddable":true,"href":"https:\/\/glamuur.ee\/et\/wp-json\/wp\/v2\/product_cat?post=274374"},{"taxonomy":"product_tag","embeddable":true,"href":"https:\/\/glamuur.ee\/et\/wp-json\/wp\/v2\/product_tag?post=274374"},{"taxonomy":"giftcard-category","embeddable":true,"href":"https:\/\/glamuur.ee\/et\/wp-json\/wp\/v2\/giftcard-category?post=274374"}],"curies":[{"name":"wp","href":"https:\/\/api.w.org\/{rel}","templated":true}]}}