{"id":274371,"date":"2025-03-06T20:42:43","date_gmt":"2025-03-06T18:42:43","guid":{"rendered":"https:\/\/glamuur.ee\/?post_type=product&#038;p=274371"},"modified":"2026-01-23T12:57:15","modified_gmt":"2026-01-23T10:57:15","slug":"ti-sento-kaelakee-34079db","status":"publish","type":"product","link":"https:\/\/glamuur.ee\/et\/product\/ti-sento-necklace-34079db\/","title":{"rendered":"TI SENTO kaelakee 34079DB"},"content":{"rendered":"<p>TI SENTO kulditud h\u00f5bedast kaelakee 34079DB \u00fchendab endas vaevata elegantsi ja rafineeritud k\u00e4sit\u00f6\u00f6oskust. Peenelt valmistatud 925 sterlingh\u00f5bedast ja kestva s\u00e4ra tagamiseks helendava plaatina pinnaga kaetud, on see rafineeritud \u00f5rna ketiga, mida kaunistavad silmatorkavad padjakujulised sarmid.<\/p>\n<p>S\u00fcgavsinised kivid, mis on asetatud s\u00e4ravasse kollase kullatud raamistikku, annavad sellele t\u00fckile rikkaliku intensiivsuse, samal ajal kui avatud padjakujud ja paveeritud tsirkooniumaktsioone lisavad tekstuuri ja kaasaegset intriigi. Massiivsete ja avatud kujundite koosm\u00f5ju loob valguse ja varju r\u00fctmi, lisades kaelakee elegantsele siluetile s\u00fcgavust ja m\u00f5\u00f5det.<\/p>\n<p>See mitmek\u00fclgne ese \u00fchendab vaevata ajatu ilu ja kaasaegse elegantsi. See on niklivaba ja h\u00fcpoallergeenne ning lubab luksuslikku mugavust kogu p\u00e4eva jooksul. See kaelakee on \u00fcksinda stiliseerituna peeneks v\u00e4rvipopiks v\u00f5i mitmekihiliselt asetatuna julgema avalduse jaoks, see on tagasihoidliku rafineerituse pidu - ideaalne mis tahes ansambli esilet\u00f5stmiseks.<\/p>","protected":false},"excerpt":{"rendered":"<p>Effortless elegance meets refined craftsmanship in the TI SENTO Gold-Plated Silver Necklace 34079DB. Meticulously crafted from 925 sterling silver and plated with luminous platinum for enduring shine, this sophisticated design features a delicate chain adorned with a series of striking cushion-shaped charms. Deep blue stones,&#8230;<\/p>","protected":false},"featured_media":274017,"comment_status":"open","ping_status":"closed","template":"","meta":{"jetpack_post_was_ever_published":false},"product_brand":[1057],"product_cat":[979,968,727,939,964,951,146,961],"product_tag":[],"giftcard-category":[],"class_list":{"0":"post-274371","1":"product","2":"type-product","3":"status-publish","4":"has-post-thumbnail","6":"product_brand-ti-sento","7":"product_cat-graduation-2025","8":"product_cat-mothers-day-2025-ti-sento","9":"product_cat-necklaces","10":"product_cat-ti-sento-sale-europe","11":"product_cat-summer-sale-ti-sento","12":"product_cat-ti-sento-milano-necklace","13":"product_cat-ti-sento-milano-necklaces","14":"product_cat-ti-sento-milano-ss25","15":"pa_material-silver","16":"pa_metal-color-yellow-gold","17":"pa_product-brand-ti-sento-milano","18":"pa_stone-color-blue","19":"pa_type-category-necklaces","21":"first","22":"instock","23":"taxable","24":"shipping-taxable","25":"purchasable","26":"product-type-simple"},"bundled_by":[],"bundle_stock_status":"instock","bundle_stock_quantity":6,"bundle_virtual":false,"bundle_layout":"","bundle_add_to_cart_form_location":"","bundle_editable_in_cart":false,"bundle_sold_individually_context":"","bundle_item_grouping":"","bundle_min_size":"","bundle_max_size":"","bundle_price":[],"bundled_items":[],"bundle_sell_ids":[],"etheme_brands":{"errors":{"invalid_taxonomy":["Lubamatu taksonoomia."]},"error_data":[]},"_links":{"self":[{"href":"https:\/\/glamuur.ee\/et\/wp-json\/wp\/v2\/product\/274371","targetHints":{"allow":["GET"]}}],"collection":[{"href":"https:\/\/glamuur.ee\/et\/wp-json\/wp\/v2\/product"}],"about":[{"href":"https:\/\/glamuur.ee\/et\/wp-json\/wp\/v2\/types\/product"}],"replies":[{"embeddable":true,"href":"https:\/\/glamuur.ee\/et\/wp-json\/wp\/v2\/comments?post=274371"}],"wp:featuredmedia":[{"embeddable":true,"href":"https:\/\/glamuur.ee\/et\/wp-json\/wp\/v2\/media\/274017"}],"wp:attachment":[{"href":"https:\/\/glamuur.ee\/et\/wp-json\/wp\/v2\/media?parent=274371"}],"wp:term":[{"taxonomy":"product_brand","embeddable":true,"href":"https:\/\/glamuur.ee\/et\/wp-json\/wp\/v2\/product_brand?post=274371"},{"taxonomy":"product_cat","embeddable":true,"href":"https:\/\/glamuur.ee\/et\/wp-json\/wp\/v2\/product_cat?post=274371"},{"taxonomy":"product_tag","embeddable":true,"href":"https:\/\/glamuur.ee\/et\/wp-json\/wp\/v2\/product_tag?post=274371"},{"taxonomy":"giftcard-category","embeddable":true,"href":"https:\/\/glamuur.ee\/et\/wp-json\/wp\/v2\/giftcard-category?post=274371"}],"curies":[{"name":"wp","href":"https:\/\/api.w.org\/{rel}","templated":true}]}}