{"id":274370,"date":"2025-03-06T20:42:41","date_gmt":"2025-03-06T18:42:41","guid":{"rendered":"https:\/\/glamuur.ee\/?post_type=product&#038;p=274370"},"modified":"2025-11-16T13:56:47","modified_gmt":"2025-11-16T11:56:47","slug":"ti-sento-kaelakee-34078ka","status":"publish","type":"product","link":"https:\/\/glamuur.ee\/et\/product\/ti-sento-necklace-34078ka\/","title":{"rendered":"TI SENTO kaelakee 34078KA"},"content":{"rendered":"<p>Lisage oma igap\u00e4evasele stiilile hoogu selle TI SENTO kullatud h\u00f5bedast kaelakee 34078KA abil, mis on valmistatud esmaklassilisest 925 h\u00f5bedast. See peen disain on kaunistatud viie l\u00e4bipaistva khaki v\u00e4rvi kiviga, mis on kaunilt asetatud s\u00e4ravasse kollasesse kullatud raamistusse. Pehmekujulised kivid lisavad veidi vintage glamuuri, samas kui kontrastne h\u00f5bedane kett loob silmatorkava ja moodsa esteetika. See kaelakee t\u00e4histab tagasihoidlikku elegantsi ja on tunnistus lihtsuse v\u00f5imsusest. See on niklivaba ja h\u00fcpoallergeenne, mis lubab mugavust, kuid samas \u00f5hkab k\u00fclluslikkust. Tehke sellest oma kindel aksessuaar, et lisada kaelale tagasihoidlikku elegantsi.<\/p>","protected":false},"excerpt":{"rendered":"<p>Add that oomph to your everyday style with this TI SENTO Gold-Plated Silver Necklace 34078KA, a captivating piece crafted from premium 925 sterling silver. This exquisite design features a delicate chain adorned with five translucent khaki stones, beautifully set in radiant yellow gold-plated settings. The&#8230;<\/p>","protected":false},"featured_media":274012,"comment_status":"open","ping_status":"closed","template":"","meta":{"jetpack_post_was_ever_published":false},"product_brand":[1057],"product_cat":[979,968,727,599,939,964,951,146,961],"product_tag":[],"giftcard-category":[],"class_list":{"0":"post-274370","1":"product","2":"type-product","3":"status-publish","4":"has-post-thumbnail","6":"product_brand-ti-sento","7":"product_cat-graduation-2025","8":"product_cat-mothers-day-2025-ti-sento","9":"product_cat-necklaces","10":"product_cat-sale","11":"product_cat-ti-sento-sale-europe","12":"product_cat-summer-sale-ti-sento","13":"product_cat-ti-sento-milano-necklace","14":"product_cat-ti-sento-milano-necklaces","15":"product_cat-ti-sento-milano-ss25","16":"pa_material-silver","17":"pa_metal-color-yellow-gold","18":"pa_product-brand-ti-sento-milano","19":"pa_stone-color-beige","20":"pa_type-category-necklaces","22":"first","23":"instock","24":"taxable","25":"shipping-taxable","26":"purchasable","27":"product-type-simple"},"bundled_by":[],"bundle_stock_status":"instock","bundle_stock_quantity":1,"bundle_virtual":false,"bundle_layout":"","bundle_add_to_cart_form_location":"","bundle_editable_in_cart":false,"bundle_sold_individually_context":"","bundle_item_grouping":"","bundle_min_size":"","bundle_max_size":"","bundle_price":[],"bundled_items":[],"bundle_sell_ids":[],"etheme_brands":{"errors":{"invalid_taxonomy":["Lubamatu taksonoomia."]},"error_data":[]},"_links":{"self":[{"href":"https:\/\/glamuur.ee\/et\/wp-json\/wp\/v2\/product\/274370","targetHints":{"allow":["GET"]}}],"collection":[{"href":"https:\/\/glamuur.ee\/et\/wp-json\/wp\/v2\/product"}],"about":[{"href":"https:\/\/glamuur.ee\/et\/wp-json\/wp\/v2\/types\/product"}],"replies":[{"embeddable":true,"href":"https:\/\/glamuur.ee\/et\/wp-json\/wp\/v2\/comments?post=274370"}],"wp:featuredmedia":[{"embeddable":true,"href":"https:\/\/glamuur.ee\/et\/wp-json\/wp\/v2\/media\/274012"}],"wp:attachment":[{"href":"https:\/\/glamuur.ee\/et\/wp-json\/wp\/v2\/media?parent=274370"}],"wp:term":[{"taxonomy":"product_brand","embeddable":true,"href":"https:\/\/glamuur.ee\/et\/wp-json\/wp\/v2\/product_brand?post=274370"},{"taxonomy":"product_cat","embeddable":true,"href":"https:\/\/glamuur.ee\/et\/wp-json\/wp\/v2\/product_cat?post=274370"},{"taxonomy":"product_tag","embeddable":true,"href":"https:\/\/glamuur.ee\/et\/wp-json\/wp\/v2\/product_tag?post=274370"},{"taxonomy":"giftcard-category","embeddable":true,"href":"https:\/\/glamuur.ee\/et\/wp-json\/wp\/v2\/giftcard-category?post=274370"}],"curies":[{"name":"wp","href":"https:\/\/api.w.org\/{rel}","templated":true}]}}