{"id":273495,"date":"2025-08-27T13:18:12","date_gmt":"2025-08-27T10:18:12","guid":{"rendered":"https:\/\/glamuur.ee\/?post_type=product&#038;p=273495"},"modified":"2026-02-16T13:57:20","modified_gmt":"2026-02-16T11:57:20","slug":"ti-sento-milano-necklace-copy","status":"publish","type":"product","link":"https:\/\/glamuur.ee\/et\/product\/ti-sento-milano-necklace-copy\/","title":{"rendered":"TI SENTO &#8211; Milano Necklace (Copy)"},"content":{"rendered":"<p>Selle TI SENTO h\u00f5bedast kaelakee 3915SY l\u00f5pmatuse kuju \u00fchendab kollase kullaga kaetud ja h\u00f5bedase maagia. Ta toob teie stiili t\u00e4iusliku tasakaalu elegantsi ja s\u00e4rasuse vahel. Lase tal rippuda, kui sa tantsid.<\/p>\n<p>Kaelakee standardpikkus on 38 cm. Sellel on 10 cm pikkune pikendust\u00fckk, mis v\u00f5imaldab kanda seda 5 erinevas pikkuses: 38 cm, 40 cm, 42 cm, 45 cm ja 48 cm.<\/p>","protected":false},"excerpt":{"rendered":"<p>The infinity shape of this TI SENTO silver necklace 3915SY connects yellow-gold plating with silver magic. She will bring the perfect balance of elegance and edge to your style. Let her dangle as you dance. The necklace\u2019s standard length is 38cm. It has an extension&#8230;<\/p>","protected":false},"featured_media":13367,"comment_status":"open","ping_status":"closed","template":"","meta":{"jetpack_post_was_ever_published":false},"product_brand":[1057],"product_cat":[838,794,979,727,939,964,72,146],"product_tag":[],"giftcard-category":[],"class_list":{"0":"post-273495","1":"product","2":"type-product","3":"status-publish","4":"has-post-thumbnail","6":"product_brand-ti-sento","7":"product_cat-gift-ideas-for-graduates","8":"product_cat-gift-ideas-up-to-100e","9":"product_cat-graduation-2025","10":"product_cat-necklaces","11":"product_cat-ti-sento-sale-europe","12":"product_cat-summer-sale-ti-sento","13":"product_cat-ti-sento-milano","14":"product_cat-ti-sento-milano-necklaces","15":"pa_material-silver","16":"pa_metal-color-yellow-gold","17":"pa_product-brand-ti-sento-milano","18":"pa_stone-color-without-stones","19":"pa_type-category-necklaces","21":"first","22":"instock","23":"featured","24":"taxable","25":"shipping-taxable","26":"purchasable","27":"product-type-simple"},"bundled_by":[],"bundle_stock_status":"instock","bundle_stock_quantity":3,"bundle_virtual":false,"bundle_layout":"","bundle_add_to_cart_form_location":"","bundle_editable_in_cart":false,"bundle_sold_individually_context":"","bundle_item_grouping":"","bundle_min_size":"","bundle_max_size":"","bundle_price":[],"bundled_items":[],"bundle_sell_ids":[],"etheme_brands":{"errors":{"invalid_taxonomy":["Lubamatu taksonoomia."]},"error_data":[]},"_links":{"self":[{"href":"https:\/\/glamuur.ee\/et\/wp-json\/wp\/v2\/product\/273495","targetHints":{"allow":["GET"]}}],"collection":[{"href":"https:\/\/glamuur.ee\/et\/wp-json\/wp\/v2\/product"}],"about":[{"href":"https:\/\/glamuur.ee\/et\/wp-json\/wp\/v2\/types\/product"}],"replies":[{"embeddable":true,"href":"https:\/\/glamuur.ee\/et\/wp-json\/wp\/v2\/comments?post=273495"}],"wp:featuredmedia":[{"embeddable":true,"href":"https:\/\/glamuur.ee\/et\/wp-json\/wp\/v2\/media\/13367"}],"wp:attachment":[{"href":"https:\/\/glamuur.ee\/et\/wp-json\/wp\/v2\/media?parent=273495"}],"wp:term":[{"taxonomy":"product_brand","embeddable":true,"href":"https:\/\/glamuur.ee\/et\/wp-json\/wp\/v2\/product_brand?post=273495"},{"taxonomy":"product_cat","embeddable":true,"href":"https:\/\/glamuur.ee\/et\/wp-json\/wp\/v2\/product_cat?post=273495"},{"taxonomy":"product_tag","embeddable":true,"href":"https:\/\/glamuur.ee\/et\/wp-json\/wp\/v2\/product_tag?post=273495"},{"taxonomy":"giftcard-category","embeddable":true,"href":"https:\/\/glamuur.ee\/et\/wp-json\/wp\/v2\/giftcard-category?post=273495"}],"curies":[{"name":"wp","href":"https:\/\/api.w.org\/{rel}","templated":true}]}}