{"id":273016,"date":"2025-01-31T16:09:21","date_gmt":"2025-01-31T14:09:21","guid":{"rendered":"https:\/\/glamuur.ee\/?post_type=product&#038;p=273016"},"modified":"2026-02-05T22:29:46","modified_gmt":"2026-02-05T20:29:46","slug":"kuldsed-tenniseparli-korvarongad-parlmutteriga-korvarongad","status":"publish","type":"product","link":"https:\/\/glamuur.ee\/et\/product\/gold-tennis-beaded-stone-pearl-drop-stud-earrings\/","title":{"rendered":"Ania Haie Earring E065-03G"},"content":{"rendered":"<p>Miss Dainty on m\u00f5eldud naisele, kes armastab elegantsi koos pisut omap\u00e4raste killastega. Nendesse \u00f5rnade detailidega valmistatud s\u00e4ravatesse n\u00f6\u00f6pn\u00f5eltesse on paigutatud kuubikulistest tsirkooniumkividest koosnev kaskaad, mis viib l\u00e4ikiva p\u00e4rlini. Need n\u00e4itavad teie peenetundelist maitset ja sobivad ideaalselt teiste k\u00f5rvar\u00f5ngastega kombineerimiseks. Ideaalsed nii pidulikel puhkudel kui ka igap\u00e4evaseks kandmiseks.<\/p>","protected":false},"excerpt":{"rendered":"<p>Miss Dainty is designed for the woman who loves elegance with a touch of whimsy. Crafted with delicate details, these brilliant studs feature a cascade of graduated cubic zirconia stones leading to a lustrous pearl. They showcase your exquisite taste and are perfect for mixing&#8230;<\/p>","protected":false},"featured_media":273017,"comment_status":"open","ping_status":"closed","template":"","meta":{"jetpack_post_was_ever_published":false},"product_brand":[],"product_cat":[200,965,201,725,968,945,964],"product_tag":[],"giftcard-category":[],"class_list":{"0":"post-273016","1":"product","2":"type-product","3":"status-publish","4":"has-post-thumbnail","6":"product_cat-ania-haie","7":"product_cat-ania-haie-aw25","8":"product_cat-ania-haie-earrings","9":"product_cat-earrings","10":"product_cat-mothers-day-2025-ti-sento","11":"product_cat-pearls","12":"product_cat-summer-sale-ti-sento","13":"pa_material-silver","14":"pa_metal-color-yellow-gold","15":"pa_product-brand-ania-haie","16":"pa_stone-color-pearl","17":"pa_type-category-earrings","19":"first","20":"instock","21":"taxable","22":"shipping-taxable","23":"purchasable","24":"product-type-simple"},"bundled_by":[],"bundle_stock_status":"instock","bundle_stock_quantity":2,"bundle_virtual":false,"bundle_layout":"","bundle_add_to_cart_form_location":"","bundle_editable_in_cart":false,"bundle_sold_individually_context":"","bundle_item_grouping":"","bundle_min_size":"","bundle_max_size":"","bundle_price":[],"bundled_items":[],"bundle_sell_ids":[],"etheme_brands":{"errors":{"invalid_taxonomy":["Lubamatu taksonoomia."]},"error_data":[]},"_links":{"self":[{"href":"https:\/\/glamuur.ee\/et\/wp-json\/wp\/v2\/product\/273016","targetHints":{"allow":["GET"]}}],"collection":[{"href":"https:\/\/glamuur.ee\/et\/wp-json\/wp\/v2\/product"}],"about":[{"href":"https:\/\/glamuur.ee\/et\/wp-json\/wp\/v2\/types\/product"}],"replies":[{"embeddable":true,"href":"https:\/\/glamuur.ee\/et\/wp-json\/wp\/v2\/comments?post=273016"}],"wp:featuredmedia":[{"embeddable":true,"href":"https:\/\/glamuur.ee\/et\/wp-json\/wp\/v2\/media\/273017"}],"wp:attachment":[{"href":"https:\/\/glamuur.ee\/et\/wp-json\/wp\/v2\/media?parent=273016"}],"wp:term":[{"taxonomy":"product_brand","embeddable":true,"href":"https:\/\/glamuur.ee\/et\/wp-json\/wp\/v2\/product_brand?post=273016"},{"taxonomy":"product_cat","embeddable":true,"href":"https:\/\/glamuur.ee\/et\/wp-json\/wp\/v2\/product_cat?post=273016"},{"taxonomy":"product_tag","embeddable":true,"href":"https:\/\/glamuur.ee\/et\/wp-json\/wp\/v2\/product_tag?post=273016"},{"taxonomy":"giftcard-category","embeddable":true,"href":"https:\/\/glamuur.ee\/et\/wp-json\/wp\/v2\/giftcard-category?post=273016"}],"curies":[{"name":"wp","href":"https:\/\/api.w.org\/{rel}","templated":true}]}}