{"id":273008,"date":"2025-01-31T16:09:17","date_gmt":"2025-01-31T14:09:17","guid":{"rendered":"https:\/\/glamuur.ee\/?post_type=product&#038;p=273008"},"modified":"2026-02-05T22:32:18","modified_gmt":"2026-02-05T20:32:18","slug":"kuldne-koorik-parl-jaama-kett-kaelakee","status":"publish","type":"product","link":"https:\/\/glamuur.ee\/et\/product\/gold-shell-pearl-station-chain-necklace\/","title":{"rendered":"Ania Haie Necklace N065-03G"},"content":{"rendered":"<p>Miss Dainty on m\u00f5eldud naisele, kes armastab elegantsi koos pisut omap\u00e4raste killastega. Peen ja romantiline disain koos peene k\u00e4sit\u00f6\u00f6ga tagab, et te kiirgate v\u00f5lu. See p\u00e4rlmutterkaelakee kujutab endast \u00f5rnaid detaile, mis kehastavad graatsia ja peent rafineeritust. See sobib ideaalselt nii professionaalseteks s\u00fcndmusteks kui ka igap\u00e4evaseks kandmiseks ning sobib ideaalselt kihiliseks kandmiseks.<\/p>","protected":false},"excerpt":{"rendered":"<p>Miss Dainty is designed for the woman who loves elegance with a touch of whimsy. The exquisite and romantic design, combined with fine craftsmanship, ensures you radiate charm. This pearl station necklace showcases delicate details, embodying grace and subtle sophistication. It is perfect for both&#8230;<\/p>","protected":false},"featured_media":273009,"comment_status":"open","ping_status":"closed","template":"","meta":{"jetpack_post_was_ever_published":false},"product_brand":[],"product_cat":[200,965,202,968,727,945,964],"product_tag":[],"giftcard-category":[],"class_list":{"0":"post-273008","1":"product","2":"type-product","3":"status-publish","4":"has-post-thumbnail","6":"product_cat-ania-haie","7":"product_cat-ania-haie-aw25","8":"product_cat-ania-haie-necklace","9":"product_cat-mothers-day-2025-ti-sento","10":"product_cat-necklaces","11":"product_cat-pearls","12":"product_cat-summer-sale-ti-sento","13":"pa_material-silver","14":"pa_metal-color-yellow-gold","15":"pa_product-brand-ania-haie","16":"pa_stone-color-pearl","17":"pa_type-category-necklaces","19":"first","20":"instock","21":"taxable","22":"shipping-taxable","23":"purchasable","24":"product-type-simple"},"bundled_by":[],"bundle_stock_status":"instock","bundle_stock_quantity":2,"bundle_virtual":false,"bundle_layout":"","bundle_add_to_cart_form_location":"","bundle_editable_in_cart":false,"bundle_sold_individually_context":"","bundle_item_grouping":"","bundle_min_size":"","bundle_max_size":"","bundle_price":[],"bundled_items":[],"bundle_sell_ids":[],"etheme_brands":{"errors":{"invalid_taxonomy":["Lubamatu taksonoomia."]},"error_data":[]},"_links":{"self":[{"href":"https:\/\/glamuur.ee\/et\/wp-json\/wp\/v2\/product\/273008","targetHints":{"allow":["GET"]}}],"collection":[{"href":"https:\/\/glamuur.ee\/et\/wp-json\/wp\/v2\/product"}],"about":[{"href":"https:\/\/glamuur.ee\/et\/wp-json\/wp\/v2\/types\/product"}],"replies":[{"embeddable":true,"href":"https:\/\/glamuur.ee\/et\/wp-json\/wp\/v2\/comments?post=273008"}],"wp:featuredmedia":[{"embeddable":true,"href":"https:\/\/glamuur.ee\/et\/wp-json\/wp\/v2\/media\/273009"}],"wp:attachment":[{"href":"https:\/\/glamuur.ee\/et\/wp-json\/wp\/v2\/media?parent=273008"}],"wp:term":[{"taxonomy":"product_brand","embeddable":true,"href":"https:\/\/glamuur.ee\/et\/wp-json\/wp\/v2\/product_brand?post=273008"},{"taxonomy":"product_cat","embeddable":true,"href":"https:\/\/glamuur.ee\/et\/wp-json\/wp\/v2\/product_cat?post=273008"},{"taxonomy":"product_tag","embeddable":true,"href":"https:\/\/glamuur.ee\/et\/wp-json\/wp\/v2\/product_tag?post=273008"},{"taxonomy":"giftcard-category","embeddable":true,"href":"https:\/\/glamuur.ee\/et\/wp-json\/wp\/v2\/giftcard-category?post=273008"}],"curies":[{"name":"wp","href":"https:\/\/api.w.org\/{rel}","templated":true}]}}