{"id":273005,"date":"2025-01-31T16:09:16","date_gmt":"2025-01-31T14:09:16","guid":{"rendered":"https:\/\/glamuur.ee\/?post_type=product&#038;p=273005"},"modified":"2026-02-05T22:26:25","modified_gmt":"2026-02-05T20:26:25","slug":"hobedane-parl-jaama-kaevoru","status":"publish","type":"product","link":"https:\/\/glamuur.ee\/et\/product\/silver-pearl-station-bracelet\/","title":{"rendered":"Ania Haie Bracelet B065-01H"},"content":{"rendered":"<p>Miss Dainty on m\u00f5eldud naisele, kes armastab elegantsi koos pisut omap\u00e4raste killastega. Peen ja romantiline disain koos peene k\u00e4sit\u00f6\u00f6ga tagab, et te kiirgate v\u00f5lu. See p\u00e4rlmutteriga k\u00e4ev\u00f5ru kujutab endast \u00f5rnu detaile, mis kehastavad graatsia ja peent rafineeritust. See sobib ideaalselt nii professionaalsetele s\u00fcndmustele kui ka igap\u00e4evaseks kandmiseks ning sobib ideaalselt kihiliseks kandmiseks.<\/p>","protected":false},"excerpt":{"rendered":"<p>Miss Dainty is designed for the woman who loves elegance with a touch of whimsy. The exquisite and romantic design, combined with fine craftsmanship, ensures you radiate charm. This pearl station bracelet showcases delicate details, embodying grace and subtle sophistication. It is perfect for both&#8230;<\/p>","protected":false},"featured_media":273006,"comment_status":"open","ping_status":"closed","template":"","meta":{"jetpack_post_was_ever_published":false},"product_brand":[],"product_cat":[200,965,203,726,968,945,964],"product_tag":[],"giftcard-category":[],"class_list":{"0":"post-273005","1":"product","2":"type-product","3":"status-publish","4":"has-post-thumbnail","6":"product_cat-ania-haie","7":"product_cat-ania-haie-aw25","8":"product_cat-ania-haie-bracelet","9":"product_cat-bracelets","10":"product_cat-mothers-day-2025-ti-sento","11":"product_cat-pearls","12":"product_cat-summer-sale-ti-sento","13":"pa_material-silver","14":"pa_metal-color-silver","15":"pa_product-brand-ania-haie","16":"pa_stone-color-pearl","17":"pa_type-category-bracelets","19":"first","20":"instock","21":"taxable","22":"shipping-taxable","23":"purchasable","24":"product-type-simple"},"bundled_by":[],"bundle_stock_status":"instock","bundle_stock_quantity":1,"bundle_virtual":false,"bundle_layout":"","bundle_add_to_cart_form_location":"","bundle_editable_in_cart":false,"bundle_sold_individually_context":"","bundle_item_grouping":"","bundle_min_size":"","bundle_max_size":"","bundle_price":[],"bundled_items":[],"bundle_sell_ids":[],"etheme_brands":{"errors":{"invalid_taxonomy":["Lubamatu taksonoomia."]},"error_data":[]},"_links":{"self":[{"href":"https:\/\/glamuur.ee\/et\/wp-json\/wp\/v2\/product\/273005","targetHints":{"allow":["GET"]}}],"collection":[{"href":"https:\/\/glamuur.ee\/et\/wp-json\/wp\/v2\/product"}],"about":[{"href":"https:\/\/glamuur.ee\/et\/wp-json\/wp\/v2\/types\/product"}],"replies":[{"embeddable":true,"href":"https:\/\/glamuur.ee\/et\/wp-json\/wp\/v2\/comments?post=273005"}],"wp:featuredmedia":[{"embeddable":true,"href":"https:\/\/glamuur.ee\/et\/wp-json\/wp\/v2\/media\/273006"}],"wp:attachment":[{"href":"https:\/\/glamuur.ee\/et\/wp-json\/wp\/v2\/media?parent=273005"}],"wp:term":[{"taxonomy":"product_brand","embeddable":true,"href":"https:\/\/glamuur.ee\/et\/wp-json\/wp\/v2\/product_brand?post=273005"},{"taxonomy":"product_cat","embeddable":true,"href":"https:\/\/glamuur.ee\/et\/wp-json\/wp\/v2\/product_cat?post=273005"},{"taxonomy":"product_tag","embeddable":true,"href":"https:\/\/glamuur.ee\/et\/wp-json\/wp\/v2\/product_tag?post=273005"},{"taxonomy":"giftcard-category","embeddable":true,"href":"https:\/\/glamuur.ee\/et\/wp-json\/wp\/v2\/giftcard-category?post=273005"}],"curies":[{"name":"wp","href":"https:\/\/api.w.org\/{rel}","templated":true}]}}