{"id":272996,"date":"2025-01-31T16:09:14","date_gmt":"2025-01-31T14:09:14","guid":{"rendered":"https:\/\/glamuur.ee\/?post_type=product&#038;p=272996"},"modified":"2026-02-05T22:29:35","modified_gmt":"2026-02-05T20:29:35","slug":"kuldsed-parlmutteriga-korvarongad","status":"publish","type":"product","link":"https:\/\/glamuur.ee\/et\/product\/gold-pearl-dome-hoop-earrings\/","title":{"rendered":"Ania Haie Earring E062-06G"},"content":{"rendered":"<p>Vogue Maven on rafineeritud ja l\u00f5putult rafineeritud, see on m\u00f5eldud neile, kes usuvad tagasihoidlikku luksusse. Olgu tegu \u00e4rikohtumise v\u00f5i erilise s\u00fcndmusega, see v\u00e4limus tagab, et j\u00e4tate oma ajatu elegantsiga p\u00fcsiva mulje. Need kuppelk\u00f5rvar\u00f5ngad, millel on koorikp\u00e4rli tilk, kehastavad julget minimalismi ja sobivad ideaalselt avalduse tegemiseks.<\/p>","protected":false},"excerpt":{"rendered":"<p>Sophisticated and endlessly refined, Vogue Maven is here for those who believe in understated luxury. Whether it&#8217;s a business meeting or a special event, this look ensures you make a lasting impression with its timeless elegance. These dome hoop earrings, featuring a shell pearl drop,&#8230;<\/p>","protected":false},"featured_media":272997,"comment_status":"open","ping_status":"closed","template":"","meta":{"jetpack_post_was_ever_published":false},"product_brand":[],"product_cat":[200,965,201,725,979,968,945,964],"product_tag":[],"giftcard-category":[],"class_list":{"0":"post-272996","1":"product","2":"type-product","3":"status-publish","4":"has-post-thumbnail","6":"product_cat-ania-haie","7":"product_cat-ania-haie-aw25","8":"product_cat-ania-haie-earrings","9":"product_cat-earrings","10":"product_cat-graduation-2025","11":"product_cat-mothers-day-2025-ti-sento","12":"product_cat-pearls","13":"product_cat-summer-sale-ti-sento","14":"pa_material-silver","15":"pa_metal-color-yellow-gold","16":"pa_product-brand-ania-haie","17":"pa_stone-color-pearl","18":"pa_type-category-earrings","20":"first","21":"instock","22":"taxable","23":"shipping-taxable","24":"purchasable","25":"product-type-simple"},"bundled_by":[],"bundle_stock_status":"instock","bundle_stock_quantity":9,"bundle_virtual":false,"bundle_layout":"","bundle_add_to_cart_form_location":"","bundle_editable_in_cart":false,"bundle_sold_individually_context":"","bundle_item_grouping":"","bundle_min_size":"","bundle_max_size":"","bundle_price":[],"bundled_items":[],"bundle_sell_ids":[],"etheme_brands":{"errors":{"invalid_taxonomy":["Lubamatu taksonoomia."]},"error_data":[]},"_links":{"self":[{"href":"https:\/\/glamuur.ee\/et\/wp-json\/wp\/v2\/product\/272996","targetHints":{"allow":["GET"]}}],"collection":[{"href":"https:\/\/glamuur.ee\/et\/wp-json\/wp\/v2\/product"}],"about":[{"href":"https:\/\/glamuur.ee\/et\/wp-json\/wp\/v2\/types\/product"}],"replies":[{"embeddable":true,"href":"https:\/\/glamuur.ee\/et\/wp-json\/wp\/v2\/comments?post=272996"}],"wp:featuredmedia":[{"embeddable":true,"href":"https:\/\/glamuur.ee\/et\/wp-json\/wp\/v2\/media\/272997"}],"wp:attachment":[{"href":"https:\/\/glamuur.ee\/et\/wp-json\/wp\/v2\/media?parent=272996"}],"wp:term":[{"taxonomy":"product_brand","embeddable":true,"href":"https:\/\/glamuur.ee\/et\/wp-json\/wp\/v2\/product_brand?post=272996"},{"taxonomy":"product_cat","embeddable":true,"href":"https:\/\/glamuur.ee\/et\/wp-json\/wp\/v2\/product_cat?post=272996"},{"taxonomy":"product_tag","embeddable":true,"href":"https:\/\/glamuur.ee\/et\/wp-json\/wp\/v2\/product_tag?post=272996"},{"taxonomy":"giftcard-category","embeddable":true,"href":"https:\/\/glamuur.ee\/et\/wp-json\/wp\/v2\/giftcard-category?post=272996"}],"curies":[{"name":"wp","href":"https:\/\/api.w.org\/{rel}","templated":true}]}}