{"id":272980,"date":"2025-01-31T16:09:07","date_gmt":"2025-01-31T14:09:07","guid":{"rendered":"https:\/\/glamuur.ee\/?post_type=product&#038;p=272980"},"modified":"2026-02-05T22:32:16","modified_gmt":"2026-02-05T20:32:16","slug":"hobedane-malatiit-kaelakee","status":"publish","type":"product","link":"https:\/\/glamuur.ee\/et\/product\/silver-malachite-station-necklace\/","title":{"rendered":"Ania Haie Necklace N064-03H"},"content":{"rendered":"<p>V\u00f5tke omaks v\u00e4rvid, valgus ja m\u00e4nguline stiil Sunny Sparkleriga. See kaelakee sobib ideaalselt vabaaja v\u00e4ljas\u00f5itudeks ja l\u00f5dvestunud p\u00e4evadeks ning lisab igale riietusele unen\u00e4olise puudutuse. \u00d5rnad jaamad keskkonnas\u00f5bralikust laboris loodud malahhiidist, mis on asetatud elegantse ahelaga, annavad sellele elegantsi ja omap\u00e4ra. Kandke seda koos teiste kaelakeedega romantilise v\u00e4limuse loomiseks v\u00f5i kandke seda \u00fcksi, et see annaks peent s\u00e4ra. See sobib ideaalselt ka kingituseks.<\/p>","protected":false},"excerpt":{"rendered":"<p>Embrace colour, light, and playful styling with Sunny Sparkler. Perfect for casual outings and relaxed days, this necklace adds a dreamy touch to any outfit. With delicate stations of eco-friendly lab-created malachite set in a sleek chain, it brings a touch of elegance and whimsy&#8230;.<\/p>","protected":false},"featured_media":272981,"comment_status":"open","ping_status":"closed","template":"","meta":{"jetpack_post_was_ever_published":false},"product_brand":[],"product_cat":[200,965,202,968,727,980,964],"product_tag":[],"giftcard-category":[],"class_list":{"0":"post-272980","1":"product","2":"type-product","3":"status-publish","4":"has-post-thumbnail","6":"product_cat-ania-haie","7":"product_cat-ania-haie-aw25","8":"product_cat-ania-haie-necklace","9":"product_cat-mothers-day-2025-ti-sento","10":"product_cat-necklaces","11":"product_cat-ready-for-vacation","12":"product_cat-summer-sale-ti-sento","13":"pa_material-silver","14":"pa_metal-color-silver","15":"pa_product-brand-ania-haie","16":"pa_stone-color-green","17":"pa_type-category-necklaces","19":"first","20":"instock","21":"sale","22":"taxable","23":"shipping-taxable","24":"purchasable","25":"product-type-simple"},"bundled_by":[],"bundle_stock_status":"instock","bundle_stock_quantity":1,"bundle_virtual":false,"bundle_layout":"","bundle_add_to_cart_form_location":"","bundle_editable_in_cart":false,"bundle_sold_individually_context":"","bundle_item_grouping":"","bundle_min_size":"","bundle_max_size":"","bundle_price":[],"bundled_items":[],"bundle_sell_ids":[],"etheme_brands":{"errors":{"invalid_taxonomy":["Lubamatu taksonoomia."]},"error_data":[]},"_links":{"self":[{"href":"https:\/\/glamuur.ee\/et\/wp-json\/wp\/v2\/product\/272980","targetHints":{"allow":["GET"]}}],"collection":[{"href":"https:\/\/glamuur.ee\/et\/wp-json\/wp\/v2\/product"}],"about":[{"href":"https:\/\/glamuur.ee\/et\/wp-json\/wp\/v2\/types\/product"}],"replies":[{"embeddable":true,"href":"https:\/\/glamuur.ee\/et\/wp-json\/wp\/v2\/comments?post=272980"}],"wp:featuredmedia":[{"embeddable":true,"href":"https:\/\/glamuur.ee\/et\/wp-json\/wp\/v2\/media\/272981"}],"wp:attachment":[{"href":"https:\/\/glamuur.ee\/et\/wp-json\/wp\/v2\/media?parent=272980"}],"wp:term":[{"taxonomy":"product_brand","embeddable":true,"href":"https:\/\/glamuur.ee\/et\/wp-json\/wp\/v2\/product_brand?post=272980"},{"taxonomy":"product_cat","embeddable":true,"href":"https:\/\/glamuur.ee\/et\/wp-json\/wp\/v2\/product_cat?post=272980"},{"taxonomy":"product_tag","embeddable":true,"href":"https:\/\/glamuur.ee\/et\/wp-json\/wp\/v2\/product_tag?post=272980"},{"taxonomy":"giftcard-category","embeddable":true,"href":"https:\/\/glamuur.ee\/et\/wp-json\/wp\/v2\/giftcard-category?post=272980"}],"curies":[{"name":"wp","href":"https:\/\/api.w.org\/{rel}","templated":true}]}}