{"id":272975,"date":"2025-01-31T16:09:05","date_gmt":"2025-01-31T14:09:05","guid":{"rendered":"https:\/\/glamuur.ee\/?post_type=product&#038;p=272975"},"modified":"2026-02-18T21:15:06","modified_gmt":"2026-02-18T19:15:06","slug":"kuldne-malahhiit-pooratav-puhkuse-kaelakee","status":"publish","type":"product","link":"https:\/\/glamuur.ee\/et\/product\/gold-malachite-reversible-vacation-necklace\/","title":{"rendered":"Ania Haie Necklace N063-06G"},"content":{"rendered":"<p>Chill Voyager on inspireeritud looduse metsikust ilust ja v\u00e4ljendab muretu seikluse olemust. Olenemata sellest, kas tegemist on vabaaja p\u00e4eva v\u00f5i puhkusereisiga, see v\u00e4limus lisab teie stiilile eksootilist puudutust ja rafineeritud graatsia. P\u00f6\u00f6rataval, kerakujulisel ripatsil on \u00fchel poolel elavat labori loodud malahhiiti ja teisel poolel sileda, poleeritud pinnaga, mis pakub mitmek\u00fclgseid stiilivalikuid. Seda ainulaadset ja j\u00e4tkusuutlikku eset saab kanda \u00fcksi v\u00f5i h\u00f5lpsasti kihiliselt koos teiste kettidega.<\/p>","protected":false},"excerpt":{"rendered":"<p>Inspired by nature\u2019s wild beauty, Chill Voyager captures the essence of carefree adventure. Whether it&#8217;s a casual day or a holiday getaway, this look adds an exotic touch and sophisticated grace to your style. The reversible, spherical pendant features one side with vibrant lab-created malachite&#8230;<\/p>","protected":false},"featured_media":272976,"comment_status":"open","ping_status":"closed","template":"","meta":{"jetpack_post_was_ever_published":false},"product_brand":[],"product_cat":[200,965,202,968,727,980,964],"product_tag":[],"giftcard-category":[],"class_list":{"0":"post-272975","1":"product","2":"type-product","3":"status-publish","4":"has-post-thumbnail","6":"product_cat-ania-haie","7":"product_cat-ania-haie-aw25","8":"product_cat-ania-haie-necklace","9":"product_cat-mothers-day-2025-ti-sento","10":"product_cat-necklaces","11":"product_cat-ready-for-vacation","12":"product_cat-summer-sale-ti-sento","13":"pa_material-silver","14":"pa_metal-color-yellow-gold","15":"pa_product-brand-ania-haie","16":"pa_stone-color-green","17":"pa_type-category-necklaces","19":"first","20":"instock","21":"taxable","22":"shipping-taxable","23":"purchasable","24":"product-type-simple"},"bundled_by":[],"bundle_stock_status":"instock","bundle_stock_quantity":5,"bundle_virtual":false,"bundle_layout":"","bundle_add_to_cart_form_location":"","bundle_editable_in_cart":false,"bundle_sold_individually_context":"","bundle_item_grouping":"","bundle_min_size":"","bundle_max_size":"","bundle_price":[],"bundled_items":[],"bundle_sell_ids":[],"etheme_brands":{"errors":{"invalid_taxonomy":["Lubamatu taksonoomia."]},"error_data":[]},"_links":{"self":[{"href":"https:\/\/glamuur.ee\/et\/wp-json\/wp\/v2\/product\/272975","targetHints":{"allow":["GET"]}}],"collection":[{"href":"https:\/\/glamuur.ee\/et\/wp-json\/wp\/v2\/product"}],"about":[{"href":"https:\/\/glamuur.ee\/et\/wp-json\/wp\/v2\/types\/product"}],"replies":[{"embeddable":true,"href":"https:\/\/glamuur.ee\/et\/wp-json\/wp\/v2\/comments?post=272975"}],"wp:featuredmedia":[{"embeddable":true,"href":"https:\/\/glamuur.ee\/et\/wp-json\/wp\/v2\/media\/272976"}],"wp:attachment":[{"href":"https:\/\/glamuur.ee\/et\/wp-json\/wp\/v2\/media?parent=272975"}],"wp:term":[{"taxonomy":"product_brand","embeddable":true,"href":"https:\/\/glamuur.ee\/et\/wp-json\/wp\/v2\/product_brand?post=272975"},{"taxonomy":"product_cat","embeddable":true,"href":"https:\/\/glamuur.ee\/et\/wp-json\/wp\/v2\/product_cat?post=272975"},{"taxonomy":"product_tag","embeddable":true,"href":"https:\/\/glamuur.ee\/et\/wp-json\/wp\/v2\/product_tag?post=272975"},{"taxonomy":"giftcard-category","embeddable":true,"href":"https:\/\/glamuur.ee\/et\/wp-json\/wp\/v2\/giftcard-category?post=272975"}],"curies":[{"name":"wp","href":"https:\/\/api.w.org\/{rel}","templated":true}]}}