{"id":272973,"date":"2025-01-31T16:09:05","date_gmt":"2025-01-31T14:09:05","guid":{"rendered":"https:\/\/glamuur.ee\/?post_type=product&#038;p=272973"},"modified":"2026-04-13T13:25:03","modified_gmt":"2026-04-13T10:25:03","slug":"hobedast-umbris-malatiit-ja-laboris-loodud-turkiissormus","status":"publish","type":"product","link":"https:\/\/glamuur.ee\/et\/product\/silver-bezel-malachite-and-lab-created-turquoise-ring\/","title":{"rendered":"H\u00f5bedast \u00e4\u00e4ristatud malatiit ja laboratooriumi loodud t\u00fcrkiiss\u00f5rmus"},"content":{"rendered":"<p>Chill Voyager on inspireeritud looduse metsikust ilust ja v\u00e4ljendab muretu seikluse olemust. Olenemata sellest, kas tegemist on vabaaja p\u00e4eva v\u00f5i puhkusereisiga, see v\u00e4limus lisab teie stiilile eksootilist puudutust ja rafineeritud graatsia. R\u00f5ngas, millel on raamistatud malahhiit ja t\u00fcrkiis, on j\u00e4tkusuutlik ja stiilne valik, mida saab kanda \u00fcksinda v\u00f5i h\u00f5lpsasti kombineerida teiste esemetega.<\/p>","protected":false},"excerpt":{"rendered":"<p>Inspired by nature\u2019s wild beauty, Chill Voyager captures the essence of carefree adventure. Whether it&#8217;s a casual day or a holiday getaway, this look adds an exotic touch and sophisticated grace to your style. The statement ring, featuring bezel-set lab-created malachite and turquoise, is a&#8230;<\/p>","protected":false},"featured_media":272974,"comment_status":"open","ping_status":"closed","template":"","meta":{"jetpack_post_was_ever_published":false},"product_brand":[],"product_cat":[200,965,944,968,980,730,964],"product_tag":[],"giftcard-category":[],"class_list":{"0":"post-272973","1":"product","2":"type-product","3":"status-publish","4":"has-post-thumbnail","6":"product_cat-ania-haie","7":"product_cat-ania-haie-aw25","8":"product_cat-ania-haie-ring","9":"product_cat-mothers-day-2025-ti-sento","10":"product_cat-ready-for-vacation","11":"product_cat-rings","12":"product_cat-summer-sale-ti-sento","13":"pa_material-silver","14":"pa_metal-color-silver","15":"pa_product-brand-ania-haie","16":"pa_size-54-1725","17":"pa_size-56-1775","18":"pa_size-58-1850","19":"pa_stone-color-multicolor","20":"pa_type-category-rings","22":"first","23":"instock","24":"taxable","25":"shipping-taxable","26":"purchasable","27":"product-type-variable"},"bundled_by":[],"bundle_stock_status":"instock","bundle_stock_quantity":null,"bundle_virtual":false,"bundle_layout":"","bundle_add_to_cart_form_location":"","bundle_editable_in_cart":false,"bundle_sold_individually_context":"","bundle_item_grouping":"","bundle_min_size":"","bundle_max_size":"","bundle_price":[],"bundled_items":[],"bundle_sell_ids":[],"etheme_brands":{"errors":{"invalid_taxonomy":["Lubamatu taksonoomia."]},"error_data":[]},"_links":{"self":[{"href":"https:\/\/glamuur.ee\/et\/wp-json\/wp\/v2\/product\/272973","targetHints":{"allow":["GET"]}}],"collection":[{"href":"https:\/\/glamuur.ee\/et\/wp-json\/wp\/v2\/product"}],"about":[{"href":"https:\/\/glamuur.ee\/et\/wp-json\/wp\/v2\/types\/product"}],"replies":[{"embeddable":true,"href":"https:\/\/glamuur.ee\/et\/wp-json\/wp\/v2\/comments?post=272973"}],"wp:featuredmedia":[{"embeddable":true,"href":"https:\/\/glamuur.ee\/et\/wp-json\/wp\/v2\/media\/272974"}],"wp:attachment":[{"href":"https:\/\/glamuur.ee\/et\/wp-json\/wp\/v2\/media?parent=272973"}],"wp:term":[{"taxonomy":"product_brand","embeddable":true,"href":"https:\/\/glamuur.ee\/et\/wp-json\/wp\/v2\/product_brand?post=272973"},{"taxonomy":"product_cat","embeddable":true,"href":"https:\/\/glamuur.ee\/et\/wp-json\/wp\/v2\/product_cat?post=272973"},{"taxonomy":"product_tag","embeddable":true,"href":"https:\/\/glamuur.ee\/et\/wp-json\/wp\/v2\/product_tag?post=272973"},{"taxonomy":"giftcard-category","embeddable":true,"href":"https:\/\/glamuur.ee\/et\/wp-json\/wp\/v2\/giftcard-category?post=272973"}],"curies":[{"name":"wp","href":"https:\/\/api.w.org\/{rel}","templated":true}]}}