{"id":272962,"date":"2025-01-31T16:08:59","date_gmt":"2025-01-31T14:08:59","guid":{"rendered":"https:\/\/glamuur.ee\/?post_type=product&#038;p=272962"},"modified":"2026-05-01T13:40:07","modified_gmt":"2026-05-01T10:40:07","slug":"hobedast-malahhiit-kera-korvarongad","status":"publish","type":"product","link":"https:\/\/glamuur.ee\/et\/product\/silver-malachite-sphere-stud-earrings\/","title":{"rendered":"Ania Haie Earring E063-02H"},"content":{"rendered":"<p>Chill Voyager on inspireeritud looduse metsikust ilust ja v\u00e4ljendab muretu seikluse olemust. Olenemata sellest, kas tegemist on vabaaja p\u00e4eva v\u00f5i puhkusereisiga, see v\u00e4limus lisab teie stiilile eksootilist puudutust ja rafineeritud graatsia. Laboris loodud malahhiitkuulikesed on j\u00e4tkusuutlik ja stiilne valik, mida saab kanda \u00fcksi v\u00f5i h\u00f5lpsasti teiste k\u00f5rvar\u00f5ngastega kombineerida.<\/p>","protected":false},"excerpt":{"rendered":"<p>Inspired by nature\u2019s wild beauty, Chill Voyager captures the essence of carefree adventure. Whether it&#8217;s a casual day or a holiday getaway, this look adds an exotic touch and sophisticated grace to your style. The lab-created malachite sphere studs are a sustainable and stylish choice&#8230;<\/p>","protected":false},"featured_media":272963,"comment_status":"open","ping_status":"closed","template":"","meta":{"jetpack_post_was_ever_published":false},"product_brand":[],"product_cat":[200,965,201,725,968,980,964,1626],"product_tag":[],"giftcard-category":[],"class_list":{"0":"post-272962","1":"product","2":"type-product","3":"status-publish","4":"has-post-thumbnail","6":"product_cat-ania-haie","7":"product_cat-ania-haie-aw25","8":"product_cat-ania-haie-earrings","9":"product_cat-earrings","10":"product_cat-mothers-day-2025-ti-sento","11":"product_cat-ready-for-vacation","12":"product_cat-summer-sale-ti-sento","13":"product_cat-under-40","14":"pa_material-silver","15":"pa_metal-color-silver","16":"pa_product-brand-ania-haie","17":"pa_stone-color-green","18":"pa_type-category-earrings","20":"first","21":"instock","22":"sale","23":"taxable","24":"shipping-taxable","25":"purchasable","26":"product-type-simple"},"bundled_by":[],"bundle_stock_status":"instock","bundle_stock_quantity":4,"bundle_virtual":false,"bundle_layout":"","bundle_add_to_cart_form_location":"","bundle_editable_in_cart":false,"bundle_sold_individually_context":"","bundle_item_grouping":"","bundle_min_size":"","bundle_max_size":"","bundle_price":[],"bundled_items":[],"bundle_sell_ids":[],"etheme_brands":{"errors":{"invalid_taxonomy":["Lubamatu taksonoomia."]},"error_data":[]},"_links":{"self":[{"href":"https:\/\/glamuur.ee\/et\/wp-json\/wp\/v2\/product\/272962","targetHints":{"allow":["GET"]}}],"collection":[{"href":"https:\/\/glamuur.ee\/et\/wp-json\/wp\/v2\/product"}],"about":[{"href":"https:\/\/glamuur.ee\/et\/wp-json\/wp\/v2\/types\/product"}],"replies":[{"embeddable":true,"href":"https:\/\/glamuur.ee\/et\/wp-json\/wp\/v2\/comments?post=272962"}],"wp:featuredmedia":[{"embeddable":true,"href":"https:\/\/glamuur.ee\/et\/wp-json\/wp\/v2\/media\/272963"}],"wp:attachment":[{"href":"https:\/\/glamuur.ee\/et\/wp-json\/wp\/v2\/media?parent=272962"}],"wp:term":[{"taxonomy":"product_brand","embeddable":true,"href":"https:\/\/glamuur.ee\/et\/wp-json\/wp\/v2\/product_brand?post=272962"},{"taxonomy":"product_cat","embeddable":true,"href":"https:\/\/glamuur.ee\/et\/wp-json\/wp\/v2\/product_cat?post=272962"},{"taxonomy":"product_tag","embeddable":true,"href":"https:\/\/glamuur.ee\/et\/wp-json\/wp\/v2\/product_tag?post=272962"},{"taxonomy":"giftcard-category","embeddable":true,"href":"https:\/\/glamuur.ee\/et\/wp-json\/wp\/v2\/giftcard-category?post=272962"}],"curies":[{"name":"wp","href":"https:\/\/api.w.org\/{rel}","templated":true}]}}