{"id":272932,"date":"2025-01-31T16:08:45","date_gmt":"2025-01-31T14:08:45","guid":{"rendered":"https:\/\/glamuur.ee\/?post_type=product&#038;p=272932"},"modified":"2026-02-05T22:32:20","modified_gmt":"2026-02-05T20:32:20","slug":"hobedast-raamitud-kuubilise-tsirkooniumiga-kaelakee","status":"publish","type":"product","link":"https:\/\/glamuur.ee\/et\/product\/silver-bezel-cubic-zirconia-station-necklace\/","title":{"rendered":"Ania Haie Necklace N065-06H"},"content":{"rendered":"<p>Miss Dainty on m\u00f5eldud naisele, kes armastab elegantsi koos pisut omap\u00e4raste killastega. See kuubilise tsirkooniumiga kaelakee on valmistatud \u00f5rnade detailidega, mis kehastavad graatsia ja peene rafineerituse. Vabalt reguleeritava liuguriga saab seda kanda mitme t\u00fckina v\u00f5i kihiliselt koos teiste kettidega, mis muudab selle silmatorkavaks, mist\u00f5ttu sobib see ideaalselt nii k\u00f5rgetasemelisteks s\u00fcndmusteks kui ka igap\u00e4evaseks kandmiseks.<\/p>","protected":false},"excerpt":{"rendered":"<p>Miss Dainty is designed for the woman who loves elegance with a touch of whimsy. This cubic zirconia station necklace is crafted with delicate details, embodying grace and subtle sophistication. With a slider for free adjustment, it can be worn as multiple pieces or layered&#8230;<\/p>","protected":false},"featured_media":273094,"comment_status":"open","ping_status":"closed","template":"","meta":{"jetpack_post_was_ever_published":false},"product_brand":[],"product_cat":[200,965,202,968,727,964],"product_tag":[],"giftcard-category":[],"class_list":{"0":"post-272932","1":"product","2":"type-product","3":"status-publish","4":"has-post-thumbnail","6":"product_cat-ania-haie","7":"product_cat-ania-haie-aw25","8":"product_cat-ania-haie-necklace","9":"product_cat-mothers-day-2025-ti-sento","10":"product_cat-necklaces","11":"product_cat-summer-sale-ti-sento","12":"pa_material-silver","13":"pa_metal-color-silver","14":"pa_product-brand-ania-haie","15":"pa_stone-color-white","16":"pa_type-category-necklaces","18":"first","19":"instock","20":"taxable","21":"shipping-taxable","22":"purchasable","23":"product-type-simple"},"bundled_by":[],"bundle_stock_status":"instock","bundle_stock_quantity":1,"bundle_virtual":false,"bundle_layout":"","bundle_add_to_cart_form_location":"","bundle_editable_in_cart":false,"bundle_sold_individually_context":"","bundle_item_grouping":"","bundle_min_size":"","bundle_max_size":"","bundle_price":[],"bundled_items":[],"bundle_sell_ids":[],"etheme_brands":{"errors":{"invalid_taxonomy":["Lubamatu taksonoomia."]},"error_data":[]},"_links":{"self":[{"href":"https:\/\/glamuur.ee\/et\/wp-json\/wp\/v2\/product\/272932","targetHints":{"allow":["GET"]}}],"collection":[{"href":"https:\/\/glamuur.ee\/et\/wp-json\/wp\/v2\/product"}],"about":[{"href":"https:\/\/glamuur.ee\/et\/wp-json\/wp\/v2\/types\/product"}],"replies":[{"embeddable":true,"href":"https:\/\/glamuur.ee\/et\/wp-json\/wp\/v2\/comments?post=272932"}],"wp:featuredmedia":[{"embeddable":true,"href":"https:\/\/glamuur.ee\/et\/wp-json\/wp\/v2\/media\/273094"}],"wp:attachment":[{"href":"https:\/\/glamuur.ee\/et\/wp-json\/wp\/v2\/media?parent=272932"}],"wp:term":[{"taxonomy":"product_brand","embeddable":true,"href":"https:\/\/glamuur.ee\/et\/wp-json\/wp\/v2\/product_brand?post=272932"},{"taxonomy":"product_cat","embeddable":true,"href":"https:\/\/glamuur.ee\/et\/wp-json\/wp\/v2\/product_cat?post=272932"},{"taxonomy":"product_tag","embeddable":true,"href":"https:\/\/glamuur.ee\/et\/wp-json\/wp\/v2\/product_tag?post=272932"},{"taxonomy":"giftcard-category","embeddable":true,"href":"https:\/\/glamuur.ee\/et\/wp-json\/wp\/v2\/giftcard-category?post=272932"}],"curies":[{"name":"wp","href":"https:\/\/api.w.org\/{rel}","templated":true}]}}