{"id":272859,"date":"2025-01-31T16:08:17","date_gmt":"2025-01-31T14:08:17","guid":{"rendered":"https:\/\/glamuur.ee\/?post_type=product&#038;p=272859"},"modified":"2026-02-05T22:29:45","modified_gmt":"2026-02-05T20:29:45","slug":"hobedased-suured-tahekujulised-paveeritud-korvarongad","status":"publish","type":"product","link":"https:\/\/glamuur.ee\/et\/product\/silver-large-star-shaped-pave-hoop-earrings\/","title":{"rendered":"Ania Haie Earring E064-09H"},"content":{"rendered":"<p>V\u00f5tke omaks v\u00e4rvid, valgus ja m\u00e4ngulise kujunduse ilu koos Sunny Sparkleriga. See julge ja s\u00e4rtsakas v\u00e4limus sobib ideaalselt neile, kes armastavad silma paista. Need pilkup\u00fc\u00fcdvad \u00fclisuured k\u00f5rvar\u00f5ngad on s\u00e4delevate t\u00e4htede r\u00f5ngastega, mis on kaunistatud pav\u00e9-tsirkooniumidega. Lausek\u00f5rvar\u00f5ngad on piisavalt mitmek\u00fclgsed, et neid saaks kanda \u00fcksi v\u00f5i kombineerida teiste n\u00f6\u00f6pide, r\u00f5ngaste ja kallistustega.<\/p>","protected":false},"excerpt":{"rendered":"<p>Embrace colour, light, and the beauty of playful styling with Sunny Sparkler. This daring and edgy look is perfect for those who love to stand out. These eye-catching oversized earrings feature a sparkling star hoop design, adorned with pav\u00e9 cubic zirconia. The statement earrings are&#8230;<\/p>","protected":false},"featured_media":272860,"comment_status":"open","ping_status":"closed","template":"","meta":{"jetpack_post_was_ever_published":false},"product_brand":[],"product_cat":[200,965,201,725,968,964],"product_tag":[],"giftcard-category":[],"class_list":{"0":"post-272859","1":"product","2":"type-product","3":"status-publish","4":"has-post-thumbnail","6":"product_cat-ania-haie","7":"product_cat-ania-haie-aw25","8":"product_cat-ania-haie-earrings","9":"product_cat-earrings","10":"product_cat-mothers-day-2025-ti-sento","11":"product_cat-summer-sale-ti-sento","12":"pa_material-silver","13":"pa_metal-color-silver","14":"pa_product-brand-ania-haie","15":"pa_stone-color-white","16":"pa_type-category-earrings","18":"first","19":"instock","20":"taxable","21":"shipping-taxable","22":"purchasable","23":"product-type-simple"},"bundled_by":[],"bundle_stock_status":"instock","bundle_stock_quantity":6,"bundle_virtual":false,"bundle_layout":"","bundle_add_to_cart_form_location":"","bundle_editable_in_cart":false,"bundle_sold_individually_context":"","bundle_item_grouping":"","bundle_min_size":"","bundle_max_size":"","bundle_price":[],"bundled_items":[],"bundle_sell_ids":[],"etheme_brands":{"errors":{"invalid_taxonomy":["Lubamatu taksonoomia."]},"error_data":[]},"_links":{"self":[{"href":"https:\/\/glamuur.ee\/et\/wp-json\/wp\/v2\/product\/272859","targetHints":{"allow":["GET"]}}],"collection":[{"href":"https:\/\/glamuur.ee\/et\/wp-json\/wp\/v2\/product"}],"about":[{"href":"https:\/\/glamuur.ee\/et\/wp-json\/wp\/v2\/types\/product"}],"replies":[{"embeddable":true,"href":"https:\/\/glamuur.ee\/et\/wp-json\/wp\/v2\/comments?post=272859"}],"wp:featuredmedia":[{"embeddable":true,"href":"https:\/\/glamuur.ee\/et\/wp-json\/wp\/v2\/media\/272860"}],"wp:attachment":[{"href":"https:\/\/glamuur.ee\/et\/wp-json\/wp\/v2\/media?parent=272859"}],"wp:term":[{"taxonomy":"product_brand","embeddable":true,"href":"https:\/\/glamuur.ee\/et\/wp-json\/wp\/v2\/product_brand?post=272859"},{"taxonomy":"product_cat","embeddable":true,"href":"https:\/\/glamuur.ee\/et\/wp-json\/wp\/v2\/product_cat?post=272859"},{"taxonomy":"product_tag","embeddable":true,"href":"https:\/\/glamuur.ee\/et\/wp-json\/wp\/v2\/product_tag?post=272859"},{"taxonomy":"giftcard-category","embeddable":true,"href":"https:\/\/glamuur.ee\/et\/wp-json\/wp\/v2\/giftcard-category?post=272859"}],"curies":[{"name":"wp","href":"https:\/\/api.w.org\/{rel}","templated":true}]}}