{"id":272850,"date":"2025-01-31T16:08:13","date_gmt":"2025-01-31T14:08:13","guid":{"rendered":"https:\/\/glamuur.ee\/?post_type=product&#038;p=272850"},"modified":"2026-02-05T22:29:43","modified_gmt":"2026-02-05T20:29:43","slug":"kuldsed-keskmise-suurusega-tahega-paveeritud-korvarongad","status":"publish","type":"product","link":"https:\/\/glamuur.ee\/et\/product\/gold-medium-star-pave-hoop-earrings\/","title":{"rendered":"Ania Haie Earring E064-05G"},"content":{"rendered":"<p>V\u00f5tke omaks v\u00e4rvid, valgus ja m\u00e4ngulise kujunduse ilu koos Sunny Sparkleriga. See julge ja s\u00e4rtsakas v\u00e4limus sobib ideaalselt neile, kes armastavad silma paista. Need pilkup\u00fc\u00fcdvad k\u00f5rvar\u00f5ngad, millel on s\u00e4delevate t\u00e4htede ja pav\u00e9-tsirkooniumidega kaunistatud r\u00f5ngad, lisavad igale riietusele lahedat ja elavat puudutust. Need on piisavalt v\u00e4ljendusrikkad, et neid kanda \u00fcksi v\u00f5i kombineerida teiste n\u00f6\u00f6pide, r\u00f5ngaste ja kallistustega.<\/p>","protected":false},"excerpt":{"rendered":"<p>Embrace colour, light, and the beauty of playful styling with Sunny Sparkler. This daring and edgy look is perfect for those who love to stand out. These eye-catching earrings, featuring a sparkling star hoop design set with pav\u00e9 cubic zirconia, add a cool and vibrant&#8230;<\/p>","protected":false},"featured_media":272851,"comment_status":"open","ping_status":"closed","template":"","meta":{"jetpack_post_was_ever_published":false},"product_brand":[],"product_cat":[200,965,201,725,968,964],"product_tag":[],"giftcard-category":[],"class_list":{"0":"post-272850","1":"product","2":"type-product","3":"status-publish","4":"has-post-thumbnail","6":"product_cat-ania-haie","7":"product_cat-ania-haie-aw25","8":"product_cat-ania-haie-earrings","9":"product_cat-earrings","10":"product_cat-mothers-day-2025-ti-sento","11":"product_cat-summer-sale-ti-sento","12":"pa_material-silver","13":"pa_metal-color-yellow-gold","14":"pa_product-brand-ania-haie","15":"pa_stone-color-white","16":"pa_type-category-earrings","18":"first","19":"instock","20":"taxable","21":"shipping-taxable","22":"purchasable","23":"product-type-simple"},"bundled_by":[],"bundle_stock_status":"instock","bundle_stock_quantity":6,"bundle_virtual":false,"bundle_layout":"","bundle_add_to_cart_form_location":"","bundle_editable_in_cart":false,"bundle_sold_individually_context":"","bundle_item_grouping":"","bundle_min_size":"","bundle_max_size":"","bundle_price":[],"bundled_items":[],"bundle_sell_ids":[],"etheme_brands":{"errors":{"invalid_taxonomy":["Lubamatu taksonoomia."]},"error_data":[]},"_links":{"self":[{"href":"https:\/\/glamuur.ee\/et\/wp-json\/wp\/v2\/product\/272850","targetHints":{"allow":["GET"]}}],"collection":[{"href":"https:\/\/glamuur.ee\/et\/wp-json\/wp\/v2\/product"}],"about":[{"href":"https:\/\/glamuur.ee\/et\/wp-json\/wp\/v2\/types\/product"}],"replies":[{"embeddable":true,"href":"https:\/\/glamuur.ee\/et\/wp-json\/wp\/v2\/comments?post=272850"}],"wp:featuredmedia":[{"embeddable":true,"href":"https:\/\/glamuur.ee\/et\/wp-json\/wp\/v2\/media\/272851"}],"wp:attachment":[{"href":"https:\/\/glamuur.ee\/et\/wp-json\/wp\/v2\/media?parent=272850"}],"wp:term":[{"taxonomy":"product_brand","embeddable":true,"href":"https:\/\/glamuur.ee\/et\/wp-json\/wp\/v2\/product_brand?post=272850"},{"taxonomy":"product_cat","embeddable":true,"href":"https:\/\/glamuur.ee\/et\/wp-json\/wp\/v2\/product_cat?post=272850"},{"taxonomy":"product_tag","embeddable":true,"href":"https:\/\/glamuur.ee\/et\/wp-json\/wp\/v2\/product_tag?post=272850"},{"taxonomy":"giftcard-category","embeddable":true,"href":"https:\/\/glamuur.ee\/et\/wp-json\/wp\/v2\/giftcard-category?post=272850"}],"curies":[{"name":"wp","href":"https:\/\/api.w.org\/{rel}","templated":true}]}}