{"id":272831,"date":"2025-01-31T16:08:02","date_gmt":"2025-01-31T14:08:02","guid":{"rendered":"https:\/\/glamuur.ee\/?post_type=product&#038;p=272831"},"modified":"2026-02-05T22:26:25","modified_gmt":"2026-02-05T20:26:25","slug":"silver-sweetheart-pave-bracelet","status":"publish","type":"product","link":"https:\/\/glamuur.ee\/et\/product\/silver-sweetheart-pave-bracelet\/","title":{"rendered":"Ania Haie Bracelet B064-01H"},"content":{"rendered":"<p>V\u00f5tke omaks v\u00e4rvid, valgus ja m\u00e4ngulise kujunduse ilu koos Sunny Sparkleriga. Silmatorkavad ja kapriissed kujundused toovad energiat ja r\u00f5\u00f5mu, muutes selle v\u00e4limuse l\u00f5busaks ja eluj\u00f5uliseks. See k\u00e4ev\u00f5ru, mille s\u00fcdamekujuline motiiv on pav\u00e9-tsirkooniumidega, lisab igale riietusele magusust ja v\u00f5lu.<\/p>","protected":false},"excerpt":{"rendered":"<p>Embrace colour, light, and the beauty of playful styling with Sunny Sparkler. Eye-catching and whimsical designs bring energy and joy, making this look fun and vibrant. Featuring a heart-shaped motif set with pav\u00e9 cubic zirconia, this bracelet adds a touch of sweetness and charm to&#8230;<\/p>","protected":false},"featured_media":272832,"comment_status":"open","ping_status":"closed","template":"","meta":{"jetpack_post_was_ever_published":false},"product_brand":[],"product_cat":[200,965,203,726,968,964],"product_tag":[],"giftcard-category":[],"class_list":{"0":"post-272831","1":"product","2":"type-product","3":"status-publish","4":"has-post-thumbnail","6":"product_cat-ania-haie","7":"product_cat-ania-haie-aw25","8":"product_cat-ania-haie-bracelet","9":"product_cat-bracelets","10":"product_cat-mothers-day-2025-ti-sento","11":"product_cat-summer-sale-ti-sento","12":"pa_material-silver","13":"pa_metal-color-silver","14":"pa_product-brand-ania-haie","15":"pa_stone-color-white","16":"pa_type-category-bracelets","18":"first","19":"instock","20":"taxable","21":"shipping-taxable","22":"purchasable","23":"product-type-simple"},"bundled_by":[],"bundle_stock_status":"instock","bundle_stock_quantity":4,"bundle_virtual":false,"bundle_layout":"","bundle_add_to_cart_form_location":"","bundle_editable_in_cart":false,"bundle_sold_individually_context":"","bundle_item_grouping":"","bundle_min_size":"","bundle_max_size":"","bundle_price":[],"bundled_items":[],"bundle_sell_ids":[],"etheme_brands":{"errors":{"invalid_taxonomy":["Lubamatu taksonoomia."]},"error_data":[]},"_links":{"self":[{"href":"https:\/\/glamuur.ee\/et\/wp-json\/wp\/v2\/product\/272831","targetHints":{"allow":["GET"]}}],"collection":[{"href":"https:\/\/glamuur.ee\/et\/wp-json\/wp\/v2\/product"}],"about":[{"href":"https:\/\/glamuur.ee\/et\/wp-json\/wp\/v2\/types\/product"}],"replies":[{"embeddable":true,"href":"https:\/\/glamuur.ee\/et\/wp-json\/wp\/v2\/comments?post=272831"}],"wp:featuredmedia":[{"embeddable":true,"href":"https:\/\/glamuur.ee\/et\/wp-json\/wp\/v2\/media\/272832"}],"wp:attachment":[{"href":"https:\/\/glamuur.ee\/et\/wp-json\/wp\/v2\/media?parent=272831"}],"wp:term":[{"taxonomy":"product_brand","embeddable":true,"href":"https:\/\/glamuur.ee\/et\/wp-json\/wp\/v2\/product_brand?post=272831"},{"taxonomy":"product_cat","embeddable":true,"href":"https:\/\/glamuur.ee\/et\/wp-json\/wp\/v2\/product_cat?post=272831"},{"taxonomy":"product_tag","embeddable":true,"href":"https:\/\/glamuur.ee\/et\/wp-json\/wp\/v2\/product_tag?post=272831"},{"taxonomy":"giftcard-category","embeddable":true,"href":"https:\/\/glamuur.ee\/et\/wp-json\/wp\/v2\/giftcard-category?post=272831"}],"curies":[{"name":"wp","href":"https:\/\/api.w.org\/{rel}","templated":true}]}}