{"id":272802,"date":"2025-01-31T16:07:51","date_gmt":"2025-01-31T14:07:51","guid":{"rendered":"https:\/\/glamuur.ee\/?post_type=product&#038;p=272802"},"modified":"2026-02-05T22:26:20","modified_gmt":"2026-02-05T20:26:20","slug":"silver-pave-bar-bracelet","status":"publish","type":"product","link":"https:\/\/glamuur.ee\/et\/product\/silver-pave-bar-bracelet\/","title":{"rendered":"Ania Haie Bracelet B062-02H"},"content":{"rendered":"<p>Vogue Maven on rafineeritud ja l\u00f5putult rafineeritud, see on m\u00f5eldud neile, kes usuvad tagasihoidlikku luksusse. See tekstuurne keti k\u00e4ev\u00f5ru on loodud teie vaba aja veetmiseks ja igap\u00e4evaseks liiklemiseks, pakkudes ainulaadset segu erip\u00e4rasest stiilist ja moetundest. See sobib ideaalselt igap\u00e4evaseks kandmiseks ja seda saab teiste k\u00e4ev\u00f5rudega kihiliselt kanda, et luua erinevaid v\u00e4limusi, mis v\u00f5imaldab teil oma isiklikku stiili erinevalt v\u00e4ljendada.<\/p>","protected":false},"excerpt":{"rendered":"<p>Sophisticated and endlessly refined, Vogue Maven is here for those who believe in understated luxury. This textured chain bracelet is crafted for your leisure moments and daily commute, offering a unique blend of distinctive style and fashion sense. Perfect for everyday wear, it can be&#8230;<\/p>","protected":false},"featured_media":272803,"comment_status":"open","ping_status":"closed","template":"","meta":{"jetpack_post_was_ever_published":false},"product_brand":[],"product_cat":[200,965,203,726,968,964],"product_tag":[],"giftcard-category":[],"class_list":{"0":"post-272802","1":"product","2":"type-product","3":"status-publish","4":"has-post-thumbnail","6":"product_cat-ania-haie","7":"product_cat-ania-haie-aw25","8":"product_cat-ania-haie-bracelet","9":"product_cat-bracelets","10":"product_cat-mothers-day-2025-ti-sento","11":"product_cat-summer-sale-ti-sento","12":"pa_material-silver","13":"pa_metal-color-silver","14":"pa_product-brand-ania-haie","15":"pa_stone-color-white","16":"pa_type-category-bracelets","18":"first","19":"instock","20":"taxable","21":"shipping-taxable","22":"purchasable","23":"product-type-simple"},"bundled_by":[],"bundle_stock_status":"instock","bundle_stock_quantity":3,"bundle_virtual":false,"bundle_layout":"","bundle_add_to_cart_form_location":"","bundle_editable_in_cart":false,"bundle_sold_individually_context":"","bundle_item_grouping":"","bundle_min_size":"","bundle_max_size":"","bundle_price":[],"bundled_items":[],"bundle_sell_ids":[],"etheme_brands":{"errors":{"invalid_taxonomy":["Lubamatu taksonoomia."]},"error_data":[]},"_links":{"self":[{"href":"https:\/\/glamuur.ee\/et\/wp-json\/wp\/v2\/product\/272802","targetHints":{"allow":["GET"]}}],"collection":[{"href":"https:\/\/glamuur.ee\/et\/wp-json\/wp\/v2\/product"}],"about":[{"href":"https:\/\/glamuur.ee\/et\/wp-json\/wp\/v2\/types\/product"}],"replies":[{"embeddable":true,"href":"https:\/\/glamuur.ee\/et\/wp-json\/wp\/v2\/comments?post=272802"}],"wp:featuredmedia":[{"embeddable":true,"href":"https:\/\/glamuur.ee\/et\/wp-json\/wp\/v2\/media\/272803"}],"wp:attachment":[{"href":"https:\/\/glamuur.ee\/et\/wp-json\/wp\/v2\/media?parent=272802"}],"wp:term":[{"taxonomy":"product_brand","embeddable":true,"href":"https:\/\/glamuur.ee\/et\/wp-json\/wp\/v2\/product_brand?post=272802"},{"taxonomy":"product_cat","embeddable":true,"href":"https:\/\/glamuur.ee\/et\/wp-json\/wp\/v2\/product_cat?post=272802"},{"taxonomy":"product_tag","embeddable":true,"href":"https:\/\/glamuur.ee\/et\/wp-json\/wp\/v2\/product_tag?post=272802"},{"taxonomy":"giftcard-category","embeddable":true,"href":"https:\/\/glamuur.ee\/et\/wp-json\/wp\/v2\/giftcard-category?post=272802"}],"curies":[{"name":"wp","href":"https:\/\/api.w.org\/{rel}","templated":true}]}}