{"id":272783,"date":"2025-01-31T16:07:43","date_gmt":"2025-01-31T14:07:43","guid":{"rendered":"https:\/\/glamuur.ee\/?post_type=product&#038;p=272783"},"modified":"2026-02-05T22:29:39","modified_gmt":"2026-02-05T20:29:39","slug":"hobedast-laboris-loodud-turkiisist-lootos-korvarongad","status":"publish","type":"product","link":"https:\/\/glamuur.ee\/et\/product\/silver-lab-created-turquoise-lotus-stud-earrings\/","title":{"rendered":"Ania Haie Earring E063-04H"},"content":{"rendered":"<p>Chill Voyager on inspireeritud looduse metsikust ilust ja v\u00e4ljendab muretu seikluse olemust. See v\u00e4limus sobib ideaalselt l\u00f5dvestunud rannap\u00e4evadeks v\u00f5i p\u00e4ikesepaistelisteks n\u00e4dalavahetusteks ja lisab teie stiilile kerget sarmi. Laboris loodud t\u00fcrkiisist lootose k\u00f5rvar\u00f5ngad on j\u00e4tkusuutlik ja stiilne valik, mida saab kanda \u00fcksinda v\u00f5i h\u00f5lpsasti teiste k\u00f5rvar\u00f5ngastega kombineerituna.<\/p>","protected":false},"excerpt":{"rendered":"<p>Inspired by nature\u2019s wild beauty, Chill Voyager captures the essence of carefree adventure. Perfect for laid-back beach days or sunny weekends, this look adds a touch of easygoing charm to your style. The lab-created turquoise lotus studs are a sustainable and stylish choice that can&#8230;<\/p>","protected":false},"featured_media":272784,"comment_status":"open","ping_status":"closed","template":"","meta":{"jetpack_post_was_ever_published":false},"product_brand":[],"product_cat":[200,965,201,725,968,980,964],"product_tag":[],"giftcard-category":[],"class_list":{"0":"post-272783","1":"product","2":"type-product","3":"status-publish","4":"has-post-thumbnail","6":"product_cat-ania-haie","7":"product_cat-ania-haie-aw25","8":"product_cat-ania-haie-earrings","9":"product_cat-earrings","10":"product_cat-mothers-day-2025-ti-sento","11":"product_cat-ready-for-vacation","12":"product_cat-summer-sale-ti-sento","13":"pa_material-silver","14":"pa_metal-color-silver","15":"pa_product-brand-ania-haie","16":"pa_stone-color-turquoise","17":"pa_type-category-earrings","19":"first","20":"instock","21":"taxable","22":"shipping-taxable","23":"purchasable","24":"product-type-simple"},"bundled_by":[],"bundle_stock_status":"instock","bundle_stock_quantity":5,"bundle_virtual":false,"bundle_layout":"","bundle_add_to_cart_form_location":"","bundle_editable_in_cart":false,"bundle_sold_individually_context":"","bundle_item_grouping":"","bundle_min_size":"","bundle_max_size":"","bundle_price":[],"bundled_items":[],"bundle_sell_ids":[],"etheme_brands":{"errors":{"invalid_taxonomy":["Lubamatu taksonoomia."]},"error_data":[]},"_links":{"self":[{"href":"https:\/\/glamuur.ee\/et\/wp-json\/wp\/v2\/product\/272783","targetHints":{"allow":["GET"]}}],"collection":[{"href":"https:\/\/glamuur.ee\/et\/wp-json\/wp\/v2\/product"}],"about":[{"href":"https:\/\/glamuur.ee\/et\/wp-json\/wp\/v2\/types\/product"}],"replies":[{"embeddable":true,"href":"https:\/\/glamuur.ee\/et\/wp-json\/wp\/v2\/comments?post=272783"}],"wp:featuredmedia":[{"embeddable":true,"href":"https:\/\/glamuur.ee\/et\/wp-json\/wp\/v2\/media\/272784"}],"wp:attachment":[{"href":"https:\/\/glamuur.ee\/et\/wp-json\/wp\/v2\/media?parent=272783"}],"wp:term":[{"taxonomy":"product_brand","embeddable":true,"href":"https:\/\/glamuur.ee\/et\/wp-json\/wp\/v2\/product_brand?post=272783"},{"taxonomy":"product_cat","embeddable":true,"href":"https:\/\/glamuur.ee\/et\/wp-json\/wp\/v2\/product_cat?post=272783"},{"taxonomy":"product_tag","embeddable":true,"href":"https:\/\/glamuur.ee\/et\/wp-json\/wp\/v2\/product_tag?post=272783"},{"taxonomy":"giftcard-category","embeddable":true,"href":"https:\/\/glamuur.ee\/et\/wp-json\/wp\/v2\/giftcard-category?post=272783"}],"curies":[{"name":"wp","href":"https:\/\/api.w.org\/{rel}","templated":true}]}}