{"id":272778,"date":"2025-01-31T16:07:42","date_gmt":"2025-01-31T14:07:42","guid":{"rendered":"https:\/\/glamuur.ee\/?post_type=product&#038;p=272778"},"modified":"2025-11-19T20:45:43","modified_gmt":"2025-11-19T18:45:43","slug":"hobedane-6mm-sile-riba","status":"publish","type":"product","link":"https:\/\/glamuur.ee\/et\/product\/silver-6mm-smooth-band\/","title":{"rendered":"H\u00f5bedane 6mm sile rihm"},"content":{"rendered":"<p>T\u00f5sta oma stiili 6 mm sileda rihmaga. See elegantne ja mitmek\u00fclgne s\u00f5rmus on kohustuslik igap\u00e4evaseks kandmiseks. Kombineerige seda teiste esemetega, et luua pilkup\u00fc\u00fcdev ja isikup\u00e4rane v\u00e4limus.<\/p>","protected":false},"excerpt":{"rendered":"<p>T\u00f5sta oma stiili 6 mm sileda rihmaga. See elegantne ja mitmek\u00fclgne s\u00f5rmus on kohustuslik igap\u00e4evaseks kandmiseks. Kombineerige seda teiste esemetega, et luua pilkup\u00fc\u00fcdev ja isikup\u00e4rane v\u00e4limus.<\/p>","protected":false},"featured_media":272779,"comment_status":"open","ping_status":"closed","template":"","meta":{"jetpack_post_was_ever_published":false},"product_brand":[],"product_cat":[200,965,944,968,730],"product_tag":[],"giftcard-category":[],"class_list":{"0":"post-272778","1":"product","2":"type-product","3":"status-publish","4":"has-post-thumbnail","6":"product_cat-ania-haie","7":"product_cat-ania-haie-aw25","8":"product_cat-ania-haie-ring","9":"product_cat-mothers-day-2025-ti-sento","10":"product_cat-rings","11":"pa_material-silver","12":"pa_metal-color-silver","13":"pa_product-brand-ania-haie","14":"pa_size-54-1725","15":"pa_size-56-1775","16":"pa_size-58-1850","17":"pa_stone-color-without-stones","18":"pa_type-category-rings","20":"first","21":"instock","22":"taxable","23":"shipping-taxable","24":"purchasable","25":"product-type-variable"},"bundled_by":[],"bundle_stock_status":"instock","bundle_stock_quantity":null,"bundle_virtual":false,"bundle_layout":"","bundle_add_to_cart_form_location":"","bundle_editable_in_cart":false,"bundle_sold_individually_context":"","bundle_item_grouping":"","bundle_min_size":"","bundle_max_size":"","bundle_price":[],"bundled_items":[],"bundle_sell_ids":[],"etheme_brands":{"errors":{"invalid_taxonomy":["Lubamatu taksonoomia."]},"error_data":[]},"_links":{"self":[{"href":"https:\/\/glamuur.ee\/et\/wp-json\/wp\/v2\/product\/272778","targetHints":{"allow":["GET"]}}],"collection":[{"href":"https:\/\/glamuur.ee\/et\/wp-json\/wp\/v2\/product"}],"about":[{"href":"https:\/\/glamuur.ee\/et\/wp-json\/wp\/v2\/types\/product"}],"replies":[{"embeddable":true,"href":"https:\/\/glamuur.ee\/et\/wp-json\/wp\/v2\/comments?post=272778"}],"wp:featuredmedia":[{"embeddable":true,"href":"https:\/\/glamuur.ee\/et\/wp-json\/wp\/v2\/media\/272779"}],"wp:attachment":[{"href":"https:\/\/glamuur.ee\/et\/wp-json\/wp\/v2\/media?parent=272778"}],"wp:term":[{"taxonomy":"product_brand","embeddable":true,"href":"https:\/\/glamuur.ee\/et\/wp-json\/wp\/v2\/product_brand?post=272778"},{"taxonomy":"product_cat","embeddable":true,"href":"https:\/\/glamuur.ee\/et\/wp-json\/wp\/v2\/product_cat?post=272778"},{"taxonomy":"product_tag","embeddable":true,"href":"https:\/\/glamuur.ee\/et\/wp-json\/wp\/v2\/product_tag?post=272778"},{"taxonomy":"giftcard-category","embeddable":true,"href":"https:\/\/glamuur.ee\/et\/wp-json\/wp\/v2\/giftcard-category?post=272778"}],"curies":[{"name":"wp","href":"https:\/\/api.w.org\/{rel}","templated":true}]}}