{"id":272748,"date":"2025-01-31T16:07:32","date_gmt":"2025-01-31T14:07:32","guid":{"rendered":"https:\/\/glamuur.ee\/?post_type=product&#038;p=272748"},"modified":"2026-02-05T22:29:44","modified_gmt":"2026-02-05T20:29:44","slug":"kuldsed-suured-sudamekorvarongad","status":"publish","type":"product","link":"https:\/\/glamuur.ee\/et\/product\/gold-large-heart-hoop-earrings\/","title":{"rendered":"Ania Haie Earring E064-07G"},"content":{"rendered":"<p>V\u00f5tke omaks v\u00e4rvid, valgus ja m\u00e4nguline stiil Sunny Sparkleriga. Need \u00fclisuured s\u00fcdamek\u00f5rvar\u00f5ngad on loodud v\u00e4ljendamaks t\u00f5elist armastust ja armsust ning on silmatorkavad ja kapriissed, lisades energiat ja r\u00f5\u00f5mu igale v\u00e4limusele. Kandke neid \u00fcksi v\u00f5i pange kokku teiste n\u00f6\u00f6pide, r\u00f5ngaste ja kallistustega, et luua elavat stiili. Need r\u00f5ngad on ka t\u00e4helepanelikuks kingituseks kellelegi erilisele inimesele.<\/p>","protected":false},"excerpt":{"rendered":"<p>Embrace colour, light, and playful styling with Sunny Sparkler. Designed to express true love and sweetness, these oversized heart hoop earrings are eye-catching and whimsical, adding energy and joy to any look. Wear them solo or stack with other studs, hoops, and huggies for a&#8230;<\/p>","protected":false},"featured_media":272749,"comment_status":"open","ping_status":"closed","template":"","meta":{"jetpack_post_was_ever_published":false},"product_brand":[],"product_cat":[200,965,201,725,968,941],"product_tag":[],"giftcard-category":[],"class_list":{"0":"post-272748","1":"product","2":"type-product","3":"status-publish","4":"has-post-thumbnail","6":"product_cat-ania-haie","7":"product_cat-ania-haie-aw25","8":"product_cat-ania-haie-earrings","9":"product_cat-earrings","10":"product_cat-mothers-day-2025-ti-sento","11":"product_cat-valentines-day","12":"pa_material-silver","13":"pa_metal-color-yellow-gold","14":"pa_product-brand-ania-haie","15":"pa_stone-color-without-stones","16":"pa_type-category-earrings","18":"first","19":"instock","20":"taxable","21":"shipping-taxable","22":"purchasable","23":"product-type-simple"},"bundled_by":[],"bundle_stock_status":"instock","bundle_stock_quantity":1,"bundle_virtual":false,"bundle_layout":"","bundle_add_to_cart_form_location":"","bundle_editable_in_cart":false,"bundle_sold_individually_context":"","bundle_item_grouping":"","bundle_min_size":"","bundle_max_size":"","bundle_price":[],"bundled_items":[],"bundle_sell_ids":[],"etheme_brands":{"errors":{"invalid_taxonomy":["Lubamatu taksonoomia."]},"error_data":[]},"_links":{"self":[{"href":"https:\/\/glamuur.ee\/et\/wp-json\/wp\/v2\/product\/272748","targetHints":{"allow":["GET"]}}],"collection":[{"href":"https:\/\/glamuur.ee\/et\/wp-json\/wp\/v2\/product"}],"about":[{"href":"https:\/\/glamuur.ee\/et\/wp-json\/wp\/v2\/types\/product"}],"replies":[{"embeddable":true,"href":"https:\/\/glamuur.ee\/et\/wp-json\/wp\/v2\/comments?post=272748"}],"wp:featuredmedia":[{"embeddable":true,"href":"https:\/\/glamuur.ee\/et\/wp-json\/wp\/v2\/media\/272749"}],"wp:attachment":[{"href":"https:\/\/glamuur.ee\/et\/wp-json\/wp\/v2\/media?parent=272748"}],"wp:term":[{"taxonomy":"product_brand","embeddable":true,"href":"https:\/\/glamuur.ee\/et\/wp-json\/wp\/v2\/product_brand?post=272748"},{"taxonomy":"product_cat","embeddable":true,"href":"https:\/\/glamuur.ee\/et\/wp-json\/wp\/v2\/product_cat?post=272748"},{"taxonomy":"product_tag","embeddable":true,"href":"https:\/\/glamuur.ee\/et\/wp-json\/wp\/v2\/product_tag?post=272748"},{"taxonomy":"giftcard-category","embeddable":true,"href":"https:\/\/glamuur.ee\/et\/wp-json\/wp\/v2\/giftcard-category?post=272748"}],"curies":[{"name":"wp","href":"https:\/\/api.w.org\/{rel}","templated":true}]}}