{"id":272745,"date":"2025-01-31T16:07:31","date_gmt":"2025-01-31T14:07:31","guid":{"rendered":"https:\/\/glamuur.ee\/?post_type=product&#038;p=272745"},"modified":"2026-02-05T22:29:43","modified_gmt":"2026-02-05T20:29:43","slug":"hobedased-punnis-keskmise-suurusega-huggie-hoop-korvarongad","status":"publish","type":"product","link":"https:\/\/glamuur.ee\/et\/product\/silver-chubby-medium-huggie-hoop-earrings\/","title":{"rendered":"Ania Haie Earring E064-06H"},"content":{"rendered":"<p>Paksud keskmise suurusega huggie hoop k\u00f5rvar\u00f5ngad on mitmek\u00fclgne t\u00e4iendus igasse ehtekollektsiooni. Need sobivad ideaalselt nii igap\u00e4evaseks kandmiseks kui ka erilistel puhkudel ning neid saab h\u00f5lpsasti kombineerida teiste n\u00f6\u00f6pide, r\u00f5ngaste ja huggies'idega, et luua isikup\u00e4rane v\u00e4limus.<\/p>","protected":false},"excerpt":{"rendered":"<p>Paksud keskmise suurusega huggie hoop k\u00f5rvar\u00f5ngad on mitmek\u00fclgne t\u00e4iendus igasse ehtekollektsiooni. Need sobivad ideaalselt nii igap\u00e4evaseks kandmiseks kui ka erilistel puhkudel ning neid saab h\u00f5lpsasti kombineerida teiste n\u00f6\u00f6pide, r\u00f5ngaste ja huggies'idega, et luua isikup\u00e4rane v\u00e4limus.<\/p>","protected":false},"featured_media":272746,"comment_status":"open","ping_status":"closed","template":"","meta":{"jetpack_post_was_ever_published":false},"product_brand":[],"product_cat":[200,965,201,725,968],"product_tag":[],"giftcard-category":[],"class_list":{"0":"post-272745","1":"product","2":"type-product","3":"status-publish","4":"has-post-thumbnail","6":"product_cat-ania-haie","7":"product_cat-ania-haie-aw25","8":"product_cat-ania-haie-earrings","9":"product_cat-earrings","10":"product_cat-mothers-day-2025-ti-sento","11":"pa_material-silver","12":"pa_metal-color-silver","13":"pa_product-brand-ania-haie","14":"pa_stone-color-without-stones","15":"pa_type-category-earrings","17":"first","18":"instock","19":"taxable","20":"shipping-taxable","21":"purchasable","22":"product-type-simple"},"bundled_by":[],"bundle_stock_status":"instock","bundle_stock_quantity":2,"bundle_virtual":false,"bundle_layout":"","bundle_add_to_cart_form_location":"","bundle_editable_in_cart":false,"bundle_sold_individually_context":"","bundle_item_grouping":"","bundle_min_size":"","bundle_max_size":"","bundle_price":[],"bundled_items":[],"bundle_sell_ids":[],"etheme_brands":{"errors":{"invalid_taxonomy":["Lubamatu taksonoomia."]},"error_data":[]},"_links":{"self":[{"href":"https:\/\/glamuur.ee\/et\/wp-json\/wp\/v2\/product\/272745","targetHints":{"allow":["GET"]}}],"collection":[{"href":"https:\/\/glamuur.ee\/et\/wp-json\/wp\/v2\/product"}],"about":[{"href":"https:\/\/glamuur.ee\/et\/wp-json\/wp\/v2\/types\/product"}],"replies":[{"embeddable":true,"href":"https:\/\/glamuur.ee\/et\/wp-json\/wp\/v2\/comments?post=272745"}],"wp:featuredmedia":[{"embeddable":true,"href":"https:\/\/glamuur.ee\/et\/wp-json\/wp\/v2\/media\/272746"}],"wp:attachment":[{"href":"https:\/\/glamuur.ee\/et\/wp-json\/wp\/v2\/media?parent=272745"}],"wp:term":[{"taxonomy":"product_brand","embeddable":true,"href":"https:\/\/glamuur.ee\/et\/wp-json\/wp\/v2\/product_brand?post=272745"},{"taxonomy":"product_cat","embeddable":true,"href":"https:\/\/glamuur.ee\/et\/wp-json\/wp\/v2\/product_cat?post=272745"},{"taxonomy":"product_tag","embeddable":true,"href":"https:\/\/glamuur.ee\/et\/wp-json\/wp\/v2\/product_tag?post=272745"},{"taxonomy":"giftcard-category","embeddable":true,"href":"https:\/\/glamuur.ee\/et\/wp-json\/wp\/v2\/giftcard-category?post=272745"}],"curies":[{"name":"wp","href":"https:\/\/api.w.org\/{rel}","templated":true}]}}