{"id":272717,"date":"2025-01-31T16:07:21","date_gmt":"2025-01-31T14:07:21","guid":{"rendered":"https:\/\/glamuur.ee\/?post_type=product&#038;p=272717"},"modified":"2026-02-05T22:32:12","modified_gmt":"2026-02-05T20:32:12","slug":"hobedane-ketas-jaama-kaelakee","status":"publish","type":"product","link":"https:\/\/glamuur.ee\/et\/product\/silver-disc-station-necklace\/","title":{"rendered":"Ania Haie Necklace N063-01H"},"content":{"rendered":"<p>Chill Voyager on inspireeritud looduse metsikust ilust ja v\u00e4ljendab muretu seikluse olemust. See v\u00e4limus sobib ideaalselt l\u00f5dvestunud rannap\u00e4evadeks v\u00f5i p\u00e4ikesepaistelisteks n\u00e4dalavahetusteks ja lisab teie stiilile lihtsat sarmi. Kettajaama kaelakeelel on siledad, poleeritud kettad, mis p\u00fc\u00fcavad valgust iga liigutusega, lisades peent, kuid pilkup\u00fc\u00fcdvat s\u00e4ra. <\/p>","protected":false},"excerpt":{"rendered":"<p>Inspired by nature\u2019s wild beauty, Chill Voyager captures the essence of carefree adventure. Perfect for laid-back beach days or sunny weekends, this look adds a touch with easygoing charm to your style. The disc station necklace features smooth, polished discs that catch the light with&#8230;<\/p>","protected":false},"featured_media":272718,"comment_status":"open","ping_status":"closed","template":"","meta":{"jetpack_post_was_ever_published":false},"product_brand":[],"product_cat":[200,965,202,968,727],"product_tag":[],"giftcard-category":[],"class_list":{"0":"post-272717","1":"product","2":"type-product","3":"status-publish","4":"has-post-thumbnail","6":"product_cat-ania-haie","7":"product_cat-ania-haie-aw25","8":"product_cat-ania-haie-necklace","9":"product_cat-mothers-day-2025-ti-sento","10":"product_cat-necklaces","11":"pa_material-silver","12":"pa_metal-color-silver","13":"pa_product-brand-ania-haie","14":"pa_stone-color-without-stones","15":"pa_type-category-necklaces","17":"first","18":"instock","19":"taxable","20":"shipping-taxable","21":"purchasable","22":"product-type-simple"},"bundled_by":[],"bundle_stock_status":"instock","bundle_stock_quantity":1,"bundle_virtual":false,"bundle_layout":"","bundle_add_to_cart_form_location":"","bundle_editable_in_cart":false,"bundle_sold_individually_context":"","bundle_item_grouping":"","bundle_min_size":"","bundle_max_size":"","bundle_price":[],"bundled_items":[],"bundle_sell_ids":[],"etheme_brands":{"errors":{"invalid_taxonomy":["Lubamatu taksonoomia."]},"error_data":[]},"_links":{"self":[{"href":"https:\/\/glamuur.ee\/et\/wp-json\/wp\/v2\/product\/272717","targetHints":{"allow":["GET"]}}],"collection":[{"href":"https:\/\/glamuur.ee\/et\/wp-json\/wp\/v2\/product"}],"about":[{"href":"https:\/\/glamuur.ee\/et\/wp-json\/wp\/v2\/types\/product"}],"replies":[{"embeddable":true,"href":"https:\/\/glamuur.ee\/et\/wp-json\/wp\/v2\/comments?post=272717"}],"wp:featuredmedia":[{"embeddable":true,"href":"https:\/\/glamuur.ee\/et\/wp-json\/wp\/v2\/media\/272718"}],"wp:attachment":[{"href":"https:\/\/glamuur.ee\/et\/wp-json\/wp\/v2\/media?parent=272717"}],"wp:term":[{"taxonomy":"product_brand","embeddable":true,"href":"https:\/\/glamuur.ee\/et\/wp-json\/wp\/v2\/product_brand?post=272717"},{"taxonomy":"product_cat","embeddable":true,"href":"https:\/\/glamuur.ee\/et\/wp-json\/wp\/v2\/product_cat?post=272717"},{"taxonomy":"product_tag","embeddable":true,"href":"https:\/\/glamuur.ee\/et\/wp-json\/wp\/v2\/product_tag?post=272717"},{"taxonomy":"giftcard-category","embeddable":true,"href":"https:\/\/glamuur.ee\/et\/wp-json\/wp\/v2\/giftcard-category?post=272717"}],"curies":[{"name":"wp","href":"https:\/\/api.w.org\/{rel}","templated":true}]}}