{"id":272698,"date":"2025-01-31T16:07:14","date_gmt":"2025-01-31T14:07:14","guid":{"rendered":"https:\/\/glamuur.ee\/?post_type=product&#038;p=272698"},"modified":"2026-02-05T22:29:39","modified_gmt":"2026-02-05T20:29:39","slug":"kuldse-tekstuuriga-keskmise-suurusega-huggie-hoop-korvarongad","status":"publish","type":"product","link":"https:\/\/glamuur.ee\/et\/product\/gold-texture-medium-huggie-hoop-earrings\/","title":{"rendered":"Ania Haie Earring E063-05G"},"content":{"rendered":"<p>Chill Voyager on inspireeritud looduse metsikust ilust ja v\u00e4ljendab muretu seikluse olemust. Nendel 13 mm tekstuuriga huggie hoop k\u00f5rvar\u00f5ngastel on ainulaadne, \u00fcksikasjalik tekstuur, mis lisab neile elegantsust. Need mitmek\u00fclgsed huggies-k\u00f5rvar\u00f5ngad sobivad ideaalselt nii vabaaja- kui ka puhkusep\u00e4evadeks, neid saab kanda \u00fcksi v\u00f5i kombineerida teiste esemetega, mis t\u00e4iendab iga riietust stiilse ja eksootilise h\u00f5nguga.<\/p>","protected":false},"excerpt":{"rendered":"<p>Inspired by nature\u2019s wild beauty, Chill Voyager captures the essence of carefree adventure. These 13mm textured huggie hoop earrings feature a unique, detailed texture that adds a touch of sophistication. Perfect for both casual days and holiday getaways, these versatile huggies can be worn alone&#8230;<\/p>","protected":false},"featured_media":272699,"comment_status":"open","ping_status":"closed","template":"","meta":{"jetpack_post_was_ever_published":false},"product_brand":[],"product_cat":[200,965,201,725,979,968],"product_tag":[],"giftcard-category":[],"class_list":{"0":"post-272698","1":"product","2":"type-product","3":"status-publish","4":"has-post-thumbnail","6":"product_cat-ania-haie","7":"product_cat-ania-haie-aw25","8":"product_cat-ania-haie-earrings","9":"product_cat-earrings","10":"product_cat-graduation-2025","11":"product_cat-mothers-day-2025-ti-sento","12":"pa_material-silver","13":"pa_metal-color-yellow-gold","14":"pa_product-brand-ania-haie","15":"pa_stone-color-without-stones","16":"pa_type-category-earrings","18":"first","19":"instock","20":"taxable","21":"shipping-taxable","22":"purchasable","23":"product-type-simple"},"bundled_by":[],"bundle_stock_status":"instock","bundle_stock_quantity":4,"bundle_virtual":false,"bundle_layout":"","bundle_add_to_cart_form_location":"","bundle_editable_in_cart":false,"bundle_sold_individually_context":"","bundle_item_grouping":"","bundle_min_size":"","bundle_max_size":"","bundle_price":[],"bundled_items":[],"bundle_sell_ids":[],"etheme_brands":{"errors":{"invalid_taxonomy":["Lubamatu taksonoomia."]},"error_data":[]},"_links":{"self":[{"href":"https:\/\/glamuur.ee\/et\/wp-json\/wp\/v2\/product\/272698","targetHints":{"allow":["GET"]}}],"collection":[{"href":"https:\/\/glamuur.ee\/et\/wp-json\/wp\/v2\/product"}],"about":[{"href":"https:\/\/glamuur.ee\/et\/wp-json\/wp\/v2\/types\/product"}],"replies":[{"embeddable":true,"href":"https:\/\/glamuur.ee\/et\/wp-json\/wp\/v2\/comments?post=272698"}],"wp:featuredmedia":[{"embeddable":true,"href":"https:\/\/glamuur.ee\/et\/wp-json\/wp\/v2\/media\/272699"}],"wp:attachment":[{"href":"https:\/\/glamuur.ee\/et\/wp-json\/wp\/v2\/media?parent=272698"}],"wp:term":[{"taxonomy":"product_brand","embeddable":true,"href":"https:\/\/glamuur.ee\/et\/wp-json\/wp\/v2\/product_brand?post=272698"},{"taxonomy":"product_cat","embeddable":true,"href":"https:\/\/glamuur.ee\/et\/wp-json\/wp\/v2\/product_cat?post=272698"},{"taxonomy":"product_tag","embeddable":true,"href":"https:\/\/glamuur.ee\/et\/wp-json\/wp\/v2\/product_tag?post=272698"},{"taxonomy":"giftcard-category","embeddable":true,"href":"https:\/\/glamuur.ee\/et\/wp-json\/wp\/v2\/giftcard-category?post=272698"}],"curies":[{"name":"wp","href":"https:\/\/api.w.org\/{rel}","templated":true}]}}