{"id":272685,"date":"2025-01-31T16:07:11","date_gmt":"2025-01-31T14:07:11","guid":{"rendered":"https:\/\/glamuur.ee\/?post_type=product&#038;p=272685"},"modified":"2026-02-05T22:26:23","modified_gmt":"2026-02-05T20:26:23","slug":"hobedane-filia-keti-kaevoru-kaevoru","status":"publish","type":"product","link":"https:\/\/glamuur.ee\/et\/product\/silver-filia-curb-chain-bracelet\/","title":{"rendered":"Ania Haie Bracelet B063-02H"},"content":{"rendered":"<p>Chill Voyager on inspireeritud looduse metsikust ilust ja v\u00e4ljendab muretu seikluse olemust. See v\u00e4limus sobib ideaalselt l\u00f5dvestunud rannap\u00e4evadeks v\u00f5i p\u00e4ikesepaistelisteks n\u00e4dalavahetusteks ja lisab teie stiilile kerget sarmi. Filia k\u00e4ev\u00f5ru k\u00e4ev\u00f5rule on oman\u00e4olise ja eksootilise disainiga, mis lisab unikaalset elegantsi. See sobib ideaalselt teiste esemetega kombineerimiseks, et t\u00e4iustada oma boheemlaslikku v\u00e4limust.<\/p>","protected":false},"excerpt":{"rendered":"<p>Inspired by nature\u2019s wild beauty, Chill Voyager captures the essence of carefree adventure. Perfect for laid-back beach days or sunny weekends, this look adds a touch of easygoing charm to your style. The Filia curb chain bracelet features interlocking links that create a distinctive and&#8230;<\/p>","protected":false},"featured_media":272686,"comment_status":"open","ping_status":"closed","template":"","meta":{"jetpack_post_was_ever_published":false},"product_brand":[],"product_cat":[200,965,203,726,979,968],"product_tag":[],"giftcard-category":[],"class_list":{"0":"post-272685","1":"product","2":"type-product","3":"status-publish","4":"has-post-thumbnail","6":"product_cat-ania-haie","7":"product_cat-ania-haie-aw25","8":"product_cat-ania-haie-bracelet","9":"product_cat-bracelets","10":"product_cat-graduation-2025","11":"product_cat-mothers-day-2025-ti-sento","12":"pa_material-silver","13":"pa_metal-color-silver","14":"pa_product-brand-ania-haie","15":"pa_stone-color-without-stones","16":"pa_type-category-bracelets","18":"first","19":"instock","20":"taxable","21":"shipping-taxable","22":"purchasable","23":"product-type-simple"},"bundled_by":[],"bundle_stock_status":"instock","bundle_stock_quantity":1,"bundle_virtual":false,"bundle_layout":"","bundle_add_to_cart_form_location":"","bundle_editable_in_cart":false,"bundle_sold_individually_context":"","bundle_item_grouping":"","bundle_min_size":"","bundle_max_size":"","bundle_price":[],"bundled_items":[],"bundle_sell_ids":[],"etheme_brands":{"errors":{"invalid_taxonomy":["Lubamatu taksonoomia."]},"error_data":[]},"_links":{"self":[{"href":"https:\/\/glamuur.ee\/et\/wp-json\/wp\/v2\/product\/272685","targetHints":{"allow":["GET"]}}],"collection":[{"href":"https:\/\/glamuur.ee\/et\/wp-json\/wp\/v2\/product"}],"about":[{"href":"https:\/\/glamuur.ee\/et\/wp-json\/wp\/v2\/types\/product"}],"replies":[{"embeddable":true,"href":"https:\/\/glamuur.ee\/et\/wp-json\/wp\/v2\/comments?post=272685"}],"wp:featuredmedia":[{"embeddable":true,"href":"https:\/\/glamuur.ee\/et\/wp-json\/wp\/v2\/media\/272686"}],"wp:attachment":[{"href":"https:\/\/glamuur.ee\/et\/wp-json\/wp\/v2\/media?parent=272685"}],"wp:term":[{"taxonomy":"product_brand","embeddable":true,"href":"https:\/\/glamuur.ee\/et\/wp-json\/wp\/v2\/product_brand?post=272685"},{"taxonomy":"product_cat","embeddable":true,"href":"https:\/\/glamuur.ee\/et\/wp-json\/wp\/v2\/product_cat?post=272685"},{"taxonomy":"product_tag","embeddable":true,"href":"https:\/\/glamuur.ee\/et\/wp-json\/wp\/v2\/product_tag?post=272685"},{"taxonomy":"giftcard-category","embeddable":true,"href":"https:\/\/glamuur.ee\/et\/wp-json\/wp\/v2\/giftcard-category?post=272685"}],"curies":[{"name":"wp","href":"https:\/\/api.w.org\/{rel}","templated":true}]}}