{"id":272674,"date":"2025-01-31T16:07:07","date_gmt":"2025-01-31T14:07:07","guid":{"rendered":"https:\/\/glamuur.ee\/?post_type=product&#038;p=272674"},"modified":"2026-04-12T00:10:03","modified_gmt":"2026-04-11T21:10:03","slug":"hobedane-skulptuurne-ristkulikukujuline-sormus","status":"publish","type":"product","link":"https:\/\/glamuur.ee\/et\/product\/silver-sculptural-crossover-ring\/","title":{"rendered":"Ania Haie Ring R062-03H"},"content":{"rendered":"<p>Vogue Maven on rafineeritud ja l\u00f5putult rafineeritud, see on m\u00f5eldud neile, kes usuvad tagasihoidlikku luksusse. See statement-s\u00f5rmus on kohandatud teie t\u00f6\u00f6koha ja t\u00f6\u00f6v\u00e4lise tegevuse jaoks, kus iga detail peegeldab teie maitset ja moetundlikkust. Skulptuurne ristikujundus lisab julgust ja individuaalsust, mist\u00f5ttu on see ideaalne valik, et paista silma igal s\u00fcndmusel.<\/p>\n<p>B\u00e4ndi stiil: Reguleeritav<\/p>","protected":false},"excerpt":{"rendered":"<p>Sophisticated and endlessly refined, Vogue Maven is here for those who believe in understated luxury. This statement ring is tailored for your workplace and after-hours activities, where every detail reflects your taste and fashion sensibility. The sculptural crossover design adds a touch of boldness and&#8230;<\/p>","protected":false},"featured_media":272675,"comment_status":"open","ping_status":"closed","template":"","meta":{"jetpack_post_was_ever_published":false},"product_brand":[],"product_cat":[200,965,944,968,730,964],"product_tag":[],"giftcard-category":[],"class_list":{"0":"post-272674","1":"product","2":"type-product","3":"status-publish","4":"has-post-thumbnail","6":"product_cat-ania-haie","7":"product_cat-ania-haie-aw25","8":"product_cat-ania-haie-ring","9":"product_cat-mothers-day-2025-ti-sento","10":"product_cat-rings","11":"product_cat-summer-sale-ti-sento","12":"pa_material-silver","13":"pa_metal-color-silver","14":"pa_product-brand-ania-haie","15":"pa_stone-color-without-stones","16":"pa_type-category-rings","18":"first","19":"instock","20":"taxable","21":"shipping-taxable","22":"purchasable","23":"product-type-simple"},"bundled_by":[],"bundle_stock_status":"instock","bundle_stock_quantity":5,"bundle_virtual":false,"bundle_layout":"","bundle_add_to_cart_form_location":"","bundle_editable_in_cart":false,"bundle_sold_individually_context":"","bundle_item_grouping":"","bundle_min_size":"","bundle_max_size":"","bundle_price":[],"bundled_items":[],"bundle_sell_ids":[],"etheme_brands":{"errors":{"invalid_taxonomy":["Lubamatu taksonoomia."]},"error_data":[]},"_links":{"self":[{"href":"https:\/\/glamuur.ee\/et\/wp-json\/wp\/v2\/product\/272674","targetHints":{"allow":["GET"]}}],"collection":[{"href":"https:\/\/glamuur.ee\/et\/wp-json\/wp\/v2\/product"}],"about":[{"href":"https:\/\/glamuur.ee\/et\/wp-json\/wp\/v2\/types\/product"}],"replies":[{"embeddable":true,"href":"https:\/\/glamuur.ee\/et\/wp-json\/wp\/v2\/comments?post=272674"}],"wp:featuredmedia":[{"embeddable":true,"href":"https:\/\/glamuur.ee\/et\/wp-json\/wp\/v2\/media\/272675"}],"wp:attachment":[{"href":"https:\/\/glamuur.ee\/et\/wp-json\/wp\/v2\/media?parent=272674"}],"wp:term":[{"taxonomy":"product_brand","embeddable":true,"href":"https:\/\/glamuur.ee\/et\/wp-json\/wp\/v2\/product_brand?post=272674"},{"taxonomy":"product_cat","embeddable":true,"href":"https:\/\/glamuur.ee\/et\/wp-json\/wp\/v2\/product_cat?post=272674"},{"taxonomy":"product_tag","embeddable":true,"href":"https:\/\/glamuur.ee\/et\/wp-json\/wp\/v2\/product_tag?post=272674"},{"taxonomy":"giftcard-category","embeddable":true,"href":"https:\/\/glamuur.ee\/et\/wp-json\/wp\/v2\/giftcard-category?post=272674"}],"curies":[{"name":"wp","href":"https:\/\/api.w.org\/{rel}","templated":true}]}}