{"id":272666,"date":"2025-01-31T16:07:05","date_gmt":"2025-01-31T14:07:05","guid":{"rendered":"https:\/\/glamuur.ee\/?post_type=product&#038;p=272666"},"modified":"2025-11-19T20:45:47","modified_gmt":"2025-11-19T18:45:47","slug":"kuldne-julge-kuppel-sormus","status":"publish","type":"product","link":"https:\/\/glamuur.ee\/et\/product\/gold-bold-dome-ring\/","title":{"rendered":"Kuldne julge kuppel s\u00f5rmus"},"content":{"rendered":"<p>Vogue Maven on rafineeritud ja l\u00f5putult rafineeritud, see on m\u00f5eldud neile, kes usuvad tagasihoidlikku luksusse. Olgu tegu \u00e4rikohtumise v\u00f5i erilise s\u00fcndmusega, see v\u00e4limus tagab, et j\u00e4tate oma ajatu elegantsiga p\u00fcsiva mulje. See statement-kuplis\u00f5rmus kehastab julget minimalismi, millel on suur, sile pind, mis kiirgab tugevat, avangardistlikku kohalolekut. See on m\u00f5eldud kandmiseks \u00fcksi v\u00f5i koos teiste esemetega, lisades igale ansamblile kaasaegse rafineerituse ja vaieldamatu m\u00f5ju.<\/p>","protected":false},"excerpt":{"rendered":"<p>Sophisticated and endlessly refined, Vogue Maven is here for those who believe in understated luxury. Whether it&#8217;s a business meeting or a special event, this look ensures you make a lasting impression with its timeless elegance. This statement dome ring embodies bold minimalism, featuring a&#8230;<\/p>","protected":false},"featured_media":272572,"comment_status":"open","ping_status":"closed","template":"","meta":{"jetpack_post_was_ever_published":false},"product_brand":[],"product_cat":[200,965,944,968,730,964],"product_tag":[],"giftcard-category":[],"class_list":{"0":"post-272666","1":"product","2":"type-product","3":"status-publish","4":"has-post-thumbnail","6":"product_cat-ania-haie","7":"product_cat-ania-haie-aw25","8":"product_cat-ania-haie-ring","9":"product_cat-mothers-day-2025-ti-sento","10":"product_cat-rings","11":"product_cat-summer-sale-ti-sento","12":"pa_material-silver","13":"pa_metal-color-yellow-gold","14":"pa_product-brand-ania-haie","15":"pa_size-54-1725","16":"pa_size-56-1775","17":"pa_size-58-1850","18":"pa_stone-color-without-stones","19":"pa_type-category-rings","21":"first","22":"instock","23":"taxable","24":"shipping-taxable","25":"purchasable","26":"product-type-variable"},"bundled_by":[],"bundle_stock_status":"instock","bundle_stock_quantity":null,"bundle_virtual":false,"bundle_layout":"","bundle_add_to_cart_form_location":"","bundle_editable_in_cart":false,"bundle_sold_individually_context":"","bundle_item_grouping":"","bundle_min_size":"","bundle_max_size":"","bundle_price":[],"bundled_items":[],"bundle_sell_ids":[],"etheme_brands":{"errors":{"invalid_taxonomy":["Lubamatu taksonoomia."]},"error_data":[]},"_links":{"self":[{"href":"https:\/\/glamuur.ee\/et\/wp-json\/wp\/v2\/product\/272666","targetHints":{"allow":["GET"]}}],"collection":[{"href":"https:\/\/glamuur.ee\/et\/wp-json\/wp\/v2\/product"}],"about":[{"href":"https:\/\/glamuur.ee\/et\/wp-json\/wp\/v2\/types\/product"}],"replies":[{"embeddable":true,"href":"https:\/\/glamuur.ee\/et\/wp-json\/wp\/v2\/comments?post=272666"}],"wp:featuredmedia":[{"embeddable":true,"href":"https:\/\/glamuur.ee\/et\/wp-json\/wp\/v2\/media\/272572"}],"wp:attachment":[{"href":"https:\/\/glamuur.ee\/et\/wp-json\/wp\/v2\/media?parent=272666"}],"wp:term":[{"taxonomy":"product_brand","embeddable":true,"href":"https:\/\/glamuur.ee\/et\/wp-json\/wp\/v2\/product_brand?post=272666"},{"taxonomy":"product_cat","embeddable":true,"href":"https:\/\/glamuur.ee\/et\/wp-json\/wp\/v2\/product_cat?post=272666"},{"taxonomy":"product_tag","embeddable":true,"href":"https:\/\/glamuur.ee\/et\/wp-json\/wp\/v2\/product_tag?post=272666"},{"taxonomy":"giftcard-category","embeddable":true,"href":"https:\/\/glamuur.ee\/et\/wp-json\/wp\/v2\/giftcard-category?post=272666"}],"curies":[{"name":"wp","href":"https:\/\/api.w.org\/{rel}","templated":true}]}}