{"id":272628,"date":"2025-01-31T16:06:52","date_gmt":"2025-01-31T14:06:52","guid":{"rendered":"https:\/\/glamuur.ee\/?post_type=product&#038;p=272628"},"modified":"2026-02-05T22:29:35","modified_gmt":"2026-02-05T20:29:35","slug":"kuldsed-vaikesed-kuppel-korvarongad","status":"publish","type":"product","link":"https:\/\/glamuur.ee\/et\/product\/gold-small-dome-hoop-earrings\/","title":{"rendered":"Ania Haie Earring E062-05G"},"content":{"rendered":"<p>Vogue Maven on rafineeritud ja l\u00f5putult rafineeritud, see on m\u00f5eldud neile, kes usuvad tagasihoidlikku luksusse. Need olulised k\u00f5rvar\u00f5ngad on kohandatud teie t\u00f6\u00f6kohale ja p\u00e4rast t\u00f6\u00f6p\u00e4eva l\u00f5ppu, kus iga detail peegeldab teie maitset ja moetundlikkust. V\u00e4ike kuppelmaitse lisab minimalismi ja mitmek\u00fclgsust, mis muudab selle ideaalseks t\u00e4ienduseks igale garderoobile. <\/p>","protected":false},"excerpt":{"rendered":"<p>Sophisticated and endlessly refined, Vogue Maven is here for those who believe in understated luxury. This essential earrings are tailored for your workplace and after-hours activities, where every detail reflects your taste and fashion sensibility. The small dome design adds a touch of minimalism and&#8230;<\/p>","protected":false},"featured_media":272629,"comment_status":"open","ping_status":"closed","template":"","meta":{"jetpack_post_was_ever_published":false},"product_brand":[],"product_cat":[200,965,201,725,979,968,964],"product_tag":[],"giftcard-category":[],"class_list":{"0":"post-272628","1":"product","2":"type-product","3":"status-publish","4":"has-post-thumbnail","6":"product_cat-ania-haie","7":"product_cat-ania-haie-aw25","8":"product_cat-ania-haie-earrings","9":"product_cat-earrings","10":"product_cat-graduation-2025","11":"product_cat-mothers-day-2025-ti-sento","12":"product_cat-summer-sale-ti-sento","13":"pa_material-silver","14":"pa_metal-color-yellow-gold","15":"pa_product-brand-ania-haie","16":"pa_stone-color-without-stones","17":"pa_type-category-earrings","19":"first","20":"instock","21":"taxable","22":"shipping-taxable","23":"purchasable","24":"product-type-simple"},"bundled_by":[],"bundle_stock_status":"instock","bundle_stock_quantity":9,"bundle_virtual":false,"bundle_layout":"","bundle_add_to_cart_form_location":"","bundle_editable_in_cart":false,"bundle_sold_individually_context":"","bundle_item_grouping":"","bundle_min_size":"","bundle_max_size":"","bundle_price":[],"bundled_items":[],"bundle_sell_ids":[],"etheme_brands":{"errors":{"invalid_taxonomy":["Lubamatu taksonoomia."]},"error_data":[]},"_links":{"self":[{"href":"https:\/\/glamuur.ee\/et\/wp-json\/wp\/v2\/product\/272628","targetHints":{"allow":["GET"]}}],"collection":[{"href":"https:\/\/glamuur.ee\/et\/wp-json\/wp\/v2\/product"}],"about":[{"href":"https:\/\/glamuur.ee\/et\/wp-json\/wp\/v2\/types\/product"}],"replies":[{"embeddable":true,"href":"https:\/\/glamuur.ee\/et\/wp-json\/wp\/v2\/comments?post=272628"}],"wp:featuredmedia":[{"embeddable":true,"href":"https:\/\/glamuur.ee\/et\/wp-json\/wp\/v2\/media\/272629"}],"wp:attachment":[{"href":"https:\/\/glamuur.ee\/et\/wp-json\/wp\/v2\/media?parent=272628"}],"wp:term":[{"taxonomy":"product_brand","embeddable":true,"href":"https:\/\/glamuur.ee\/et\/wp-json\/wp\/v2\/product_brand?post=272628"},{"taxonomy":"product_cat","embeddable":true,"href":"https:\/\/glamuur.ee\/et\/wp-json\/wp\/v2\/product_cat?post=272628"},{"taxonomy":"product_tag","embeddable":true,"href":"https:\/\/glamuur.ee\/et\/wp-json\/wp\/v2\/product_tag?post=272628"},{"taxonomy":"giftcard-category","embeddable":true,"href":"https:\/\/glamuur.ee\/et\/wp-json\/wp\/v2\/giftcard-category?post=272628"}],"curies":[{"name":"wp","href":"https:\/\/api.w.org\/{rel}","templated":true}]}}