{"id":271378,"date":"2024-11-01T12:42:09","date_gmt":"2024-11-01T10:42:09","guid":{"rendered":"https:\/\/glamuur.ee\/?post_type=product&#038;p=271378"},"modified":"2026-04-10T18:58:03","modified_gmt":"2026-04-10T15:58:03","slug":"ti-sento-milano-korva-volusid-koopia-2","status":"publish","type":"product","link":"https:\/\/glamuur.ee\/et\/product\/ti-sento-milano-ear-charms-copy-2\/","title":{"rendered":"TI SENTO \u2013 Milano K\u00f5rvar\u00f5nga ripatsid"},"content":{"rendered":"<p>Need klassikalised TI SENTO - Milano k\u00f5rvam\u00e4rgid on valmistatud kvaliteetsest roodiumiga kaetud h\u00f5bedast. Need on ajatu kvaliteediga, neis on briljantse lihviga mustad kuubilised tsirkoonid l\u00e4bim\u00f5\u00f5duga 6 mm. Teised TI SENTO kollektsiooni moodsad esemed sobivad ideaalselt kokku.<\/p>\n<p>Laius: 6mm<br \/>\nPikkus: 12mm<\/p>","protected":false},"excerpt":{"rendered":"<p>These classic TI SENTO &#8211; Milano Ear Charms have been created from high-quality rhodium plated sterling silver. They have a timeless quality, featuring brilliant-cut black cubic zirconia with a diameter of 6 mm. Other fashionable items in the TI SENTO collection pair perfectly. Width: 6mm&#8230;<\/p>","protected":false},"featured_media":271379,"comment_status":"open","ping_status":"closed","template":"","meta":{"jetpack_post_was_ever_published":false},"product_brand":[1057],"product_cat":[728,794,979,939,964,72,144,152],"product_tag":[],"giftcard-category":[],"class_list":{"0":"post-271378","1":"product","2":"type-product","3":"status-publish","4":"has-post-thumbnail","6":"product_brand-ti-sento","7":"product_cat-ear-charms","8":"product_cat-gift-ideas-up-to-100e","9":"product_cat-graduation-2025","10":"product_cat-ti-sento-sale-europe","11":"product_cat-summer-sale-ti-sento","12":"product_cat-ti-sento-milano","13":"product_cat-ti-sento-milano-ear-charms","14":"product_cat-ti-sento-milano-estonian-design","15":"pa_material-silver","16":"pa_metal-color-silver","17":"pa_product-brand-ti-sento-milano","18":"pa_stone-color-black","19":"pa_type-category-ear-charms","21":"first","22":"instock","23":"featured","24":"taxable","25":"shipping-taxable","26":"purchasable","27":"product-type-simple"},"bundled_by":[],"bundle_stock_status":"instock","bundle_stock_quantity":5,"bundle_virtual":false,"bundle_layout":"","bundle_add_to_cart_form_location":"","bundle_editable_in_cart":false,"bundle_sold_individually_context":"","bundle_item_grouping":"","bundle_min_size":"","bundle_max_size":"","bundle_price":[],"bundled_items":[],"bundle_sell_ids":[],"etheme_brands":{"errors":{"invalid_taxonomy":["Lubamatu taksonoomia."]},"error_data":[]},"_links":{"self":[{"href":"https:\/\/glamuur.ee\/et\/wp-json\/wp\/v2\/product\/271378","targetHints":{"allow":["GET"]}}],"collection":[{"href":"https:\/\/glamuur.ee\/et\/wp-json\/wp\/v2\/product"}],"about":[{"href":"https:\/\/glamuur.ee\/et\/wp-json\/wp\/v2\/types\/product"}],"replies":[{"embeddable":true,"href":"https:\/\/glamuur.ee\/et\/wp-json\/wp\/v2\/comments?post=271378"}],"wp:featuredmedia":[{"embeddable":true,"href":"https:\/\/glamuur.ee\/et\/wp-json\/wp\/v2\/media\/271379"}],"wp:attachment":[{"href":"https:\/\/glamuur.ee\/et\/wp-json\/wp\/v2\/media?parent=271378"}],"wp:term":[{"taxonomy":"product_brand","embeddable":true,"href":"https:\/\/glamuur.ee\/et\/wp-json\/wp\/v2\/product_brand?post=271378"},{"taxonomy":"product_cat","embeddable":true,"href":"https:\/\/glamuur.ee\/et\/wp-json\/wp\/v2\/product_cat?post=271378"},{"taxonomy":"product_tag","embeddable":true,"href":"https:\/\/glamuur.ee\/et\/wp-json\/wp\/v2\/product_tag?post=271378"},{"taxonomy":"giftcard-category","embeddable":true,"href":"https:\/\/glamuur.ee\/et\/wp-json\/wp\/v2\/giftcard-category?post=271378"}],"curies":[{"name":"wp","href":"https:\/\/api.w.org\/{rel}","templated":true}]}}