{"id":271368,"date":"2024-11-01T12:27:02","date_gmt":"2024-11-01T10:27:02","guid":{"rendered":"https:\/\/glamuur.ee\/?post_type=product&#038;p=271368"},"modified":"2026-04-20T16:50:10","modified_gmt":"2026-04-20T13:50:10","slug":"ti-sento-milano-ear-charms-37","status":"publish","type":"product","link":"https:\/\/glamuur.ee\/et\/product\/ti-sento-milano-ear-charms-37\/","title":{"rendered":"TI SENTO \u2013 Milano K\u00f5rvar\u00f5nga ripatsid"},"content":{"rendered":"<p>Need TI SENTO k\u00f5rvam\u00e4rgid on osa Mix &amp; Match kontseptsioonist. Selle kontseptsiooni uueks lisandiks on \"topelt\" k\u00f5rvamullid. Valgeid kristalle saab kanda nii eraldi kui ka teise k\u00f5rvar\u00f5nga taustal. T\u00e4nu sellele on veelgi rohkem v\u00f5imalusi kombineerimiseks ja isikup\u00e4rase ehtekujunduse loomiseks! Kandke k\u00f5rvar\u00f5ngaid n\u00e4iteks k\u00f5rvar\u00f5ngastega v\u00f5i kombineerige neid v\u00e4ikeste p\u00e4rlitega ees, et saavutada kaunistatud v\u00e4limus.<\/p>","protected":false},"excerpt":{"rendered":"<p>These TI SENTO ear charms are part of the Mix &#038; Match concept. A new addition to this concept are the \u2018double\u2019 ear charms. The facetted white crystals can be worn both on their own and as the backdrop of another ear charms. Because of&#8230;<\/p>","protected":false},"featured_media":271370,"comment_status":"open","ping_status":"closed","template":"","meta":{"jetpack_post_was_ever_published":false},"product_brand":[],"product_cat":[728,794,979,939,964,72,152],"product_tag":[],"giftcard-category":[],"class_list":{"0":"post-271368","1":"product","2":"type-product","3":"status-publish","4":"has-post-thumbnail","6":"product_cat-ear-charms","7":"product_cat-gift-ideas-up-to-100e","8":"product_cat-graduation-2025","9":"product_cat-ti-sento-sale-europe","10":"product_cat-summer-sale-ti-sento","11":"product_cat-ti-sento-milano","12":"product_cat-ti-sento-milano-estonian-design","13":"pa_material-silver","14":"pa_metal-color-silver","15":"pa_product-brand-ti-sento-milano","16":"pa_stone-color-white","17":"pa_type-category-ear-charms","19":"first","20":"outofstock","21":"sale","22":"featured","23":"taxable","24":"shipping-taxable","25":"purchasable","26":"product-type-simple"},"bundled_by":[],"bundle_stock_status":"outofstock","bundle_stock_quantity":0,"bundle_virtual":false,"bundle_layout":"","bundle_add_to_cart_form_location":"","bundle_editable_in_cart":false,"bundle_sold_individually_context":"","bundle_item_grouping":"","bundle_min_size":"","bundle_max_size":"","bundle_price":[],"bundled_items":[],"bundle_sell_ids":[],"etheme_brands":{"errors":{"invalid_taxonomy":["Lubamatu taksonoomia."]},"error_data":[]},"_links":{"self":[{"href":"https:\/\/glamuur.ee\/et\/wp-json\/wp\/v2\/product\/271368","targetHints":{"allow":["GET"]}}],"collection":[{"href":"https:\/\/glamuur.ee\/et\/wp-json\/wp\/v2\/product"}],"about":[{"href":"https:\/\/glamuur.ee\/et\/wp-json\/wp\/v2\/types\/product"}],"replies":[{"embeddable":true,"href":"https:\/\/glamuur.ee\/et\/wp-json\/wp\/v2\/comments?post=271368"}],"wp:featuredmedia":[{"embeddable":true,"href":"https:\/\/glamuur.ee\/et\/wp-json\/wp\/v2\/media\/271370"}],"wp:attachment":[{"href":"https:\/\/glamuur.ee\/et\/wp-json\/wp\/v2\/media?parent=271368"}],"wp:term":[{"taxonomy":"product_brand","embeddable":true,"href":"https:\/\/glamuur.ee\/et\/wp-json\/wp\/v2\/product_brand?post=271368"},{"taxonomy":"product_cat","embeddable":true,"href":"https:\/\/glamuur.ee\/et\/wp-json\/wp\/v2\/product_cat?post=271368"},{"taxonomy":"product_tag","embeddable":true,"href":"https:\/\/glamuur.ee\/et\/wp-json\/wp\/v2\/product_tag?post=271368"},{"taxonomy":"giftcard-category","embeddable":true,"href":"https:\/\/glamuur.ee\/et\/wp-json\/wp\/v2\/giftcard-category?post=271368"}],"curies":[{"name":"wp","href":"https:\/\/api.w.org\/{rel}","templated":true}]}}