{"id":27002,"date":"2023-01-10T13:49:40","date_gmt":"2023-01-10T13:49:40","guid":{"rendered":"https:\/\/dev.glamuur.ee\/product\/engelsrufer-earrings-ere-tear-zi-stg\/"},"modified":"2025-04-30T17:04:35","modified_gmt":"2025-04-30T14:04:35","slug":"engelsrufer-korvarongad-ere-tear-zi-stg","status":"publish","type":"product","link":"https:\/\/glamuur.ee\/et\/product\/engelsrufer-earrings-ere-tear-zi-stg\/","title":{"rendered":"Engelsrufer K\u00f5rvar\u00f5ngad"},"content":{"rendered":"<p>Engelsrufer Kollased kullatud h\u00f5bedased k\u00f5rvar\u00f5ngad ERE-TEAR-ZI-STG<\/p>","protected":false},"excerpt":{"rendered":"<p>Engelsrufer Kollased kullatud h\u00f5bedased k\u00f5rvar\u00f5ngad ERE-TEAR-ZI-STG<\/p>","protected":false},"featured_media":41337,"comment_status":"open","ping_status":"closed","template":"","meta":{"jetpack_post_was_ever_published":false},"product_brand":[],"product_cat":[210,214],"product_tag":[],"giftcard-category":[],"class_list":{"0":"post-27002","1":"product","2":"type-product","3":"status-publish","4":"has-post-thumbnail","6":"product_cat-engelsrufer","7":"product_cat-engelsrufer-earrings","8":"pa_material-silver","9":"pa_metal-color-yellow-gold","10":"pa_product-brand-engelsrufer","11":"pa_stone-color-white","12":"pa_type-category-earrings","14":"first","15":"instock","16":"featured","17":"taxable","18":"shipping-taxable","19":"purchasable","20":"product-type-simple"},"bundled_by":[],"bundle_stock_status":"instock","bundle_stock_quantity":3,"bundle_virtual":false,"bundle_layout":"","bundle_add_to_cart_form_location":"","bundle_editable_in_cart":false,"bundle_sold_individually_context":"","bundle_item_grouping":"","bundle_min_size":"","bundle_max_size":"","bundle_price":[],"bundled_items":[],"bundle_sell_ids":[],"etheme_brands":{"errors":{"invalid_taxonomy":["Lubamatu taksonoomia."]},"error_data":[]},"_links":{"self":[{"href":"https:\/\/glamuur.ee\/et\/wp-json\/wp\/v2\/product\/27002","targetHints":{"allow":["GET"]}}],"collection":[{"href":"https:\/\/glamuur.ee\/et\/wp-json\/wp\/v2\/product"}],"about":[{"href":"https:\/\/glamuur.ee\/et\/wp-json\/wp\/v2\/types\/product"}],"replies":[{"embeddable":true,"href":"https:\/\/glamuur.ee\/et\/wp-json\/wp\/v2\/comments?post=27002"}],"wp:featuredmedia":[{"embeddable":true,"href":"https:\/\/glamuur.ee\/et\/wp-json\/wp\/v2\/media\/41337"}],"wp:attachment":[{"href":"https:\/\/glamuur.ee\/et\/wp-json\/wp\/v2\/media?parent=27002"}],"wp:term":[{"taxonomy":"product_brand","embeddable":true,"href":"https:\/\/glamuur.ee\/et\/wp-json\/wp\/v2\/product_brand?post=27002"},{"taxonomy":"product_cat","embeddable":true,"href":"https:\/\/glamuur.ee\/et\/wp-json\/wp\/v2\/product_cat?post=27002"},{"taxonomy":"product_tag","embeddable":true,"href":"https:\/\/glamuur.ee\/et\/wp-json\/wp\/v2\/product_tag?post=27002"},{"taxonomy":"giftcard-category","embeddable":true,"href":"https:\/\/glamuur.ee\/et\/wp-json\/wp\/v2\/giftcard-category?post=27002"}],"curies":[{"name":"wp","href":"https:\/\/api.w.org\/{rel}","templated":true}]}}