{"id":268273,"date":"2024-09-30T18:40:48","date_gmt":"2024-09-30T15:40:48","guid":{"rendered":"https:\/\/glamuur.ee\/product\/bronzallure-ring-wsbz02366-grn-cz\/"},"modified":"2026-04-09T18:23:28","modified_gmt":"2026-04-09T15:23:28","slug":"pronkssormus-wsbz02366-grn-cz","status":"publish","type":"product","link":"https:\/\/glamuur.ee\/et\/product\/bronzallure-ring-wsbz02366-grn-cz\/","title":{"rendered":"Bronzallure s\u00f5rmus"},"content":{"rendered":"<p>Bronzallure s\u00f5rmus on valmistatud Golden Ros\u00e9 sulamist, 18kt roosakullaga kaetud, kuubilise tsirkooniaga paveeritud pinnaga, helendav kvaliteet, kaunistatud ristk\u00fclikukujulise (8\u00d75 mm) mosaiiklihviga prismakiviga.Patenteeritud Golden Ros\u00e9 sulam Disainitud ja valmistatud Itaalias Niklivaba, kaadmiumivaba H\u00fcpoallergeeniline.<\/p>","protected":false},"excerpt":{"rendered":"<p>Bronzallure s\u00f5rmus on valmistatud Golden Ros\u00e9 sulamist, 18kt roosakullaga kaetud, kuubilise tsirkooniaga paveeritud pinnaga, helendav kvaliteet, kaunistatud ristk\u00fclikukujulise (8\u00d75 mm) mosaiiklihviga prismakiviga.Patenteeritud Golden Ros\u00e9 sulam Disainitud ja valmistatud Itaalias Niklivaba, kaadmiumivaba H\u00fcpoallergeeniline.<\/p>","protected":false},"featured_media":268274,"comment_status":"open","ping_status":"closed","template":"","meta":{"jetpack_post_was_ever_published":false},"product_brand":[],"product_cat":[193,931,197,980,730,939,964],"product_tag":[],"giftcard-category":[],"class_list":{"0":"post-268273","1":"product","2":"type-product","3":"status-publish","4":"has-post-thumbnail","6":"product_cat-bronzallure","7":"product_cat-bronzallure-fall-winter24","8":"product_cat-bronzallure-rings","9":"product_cat-ready-for-vacation","10":"product_cat-rings","11":"product_cat-ti-sento-sale-europe","12":"product_cat-summer-sale-ti-sento","13":"pa_material-silver","14":"pa_metal-color-rose-gold","15":"pa_product-brand-bronzallure","16":"pa_size-14-1700","17":"pa_size-16-1750","18":"pa_size-18-1800","19":"pa_stone-color-green","20":"pa_type-category-rings","22":"first","23":"onbackorder","24":"taxable","25":"shipping-taxable","26":"purchasable","27":"product-type-variable"},"bundled_by":[],"bundle_stock_status":"onbackorder","bundle_stock_quantity":null,"bundle_virtual":false,"bundle_layout":"","bundle_add_to_cart_form_location":"","bundle_editable_in_cart":false,"bundle_sold_individually_context":"","bundle_item_grouping":"","bundle_min_size":"","bundle_max_size":"","bundle_price":[],"bundled_items":[],"bundle_sell_ids":[],"etheme_brands":{"errors":{"invalid_taxonomy":["Lubamatu taksonoomia."]},"error_data":[]},"_links":{"self":[{"href":"https:\/\/glamuur.ee\/et\/wp-json\/wp\/v2\/product\/268273","targetHints":{"allow":["GET"]}}],"collection":[{"href":"https:\/\/glamuur.ee\/et\/wp-json\/wp\/v2\/product"}],"about":[{"href":"https:\/\/glamuur.ee\/et\/wp-json\/wp\/v2\/types\/product"}],"replies":[{"embeddable":true,"href":"https:\/\/glamuur.ee\/et\/wp-json\/wp\/v2\/comments?post=268273"}],"wp:featuredmedia":[{"embeddable":true,"href":"https:\/\/glamuur.ee\/et\/wp-json\/wp\/v2\/media\/268274"}],"wp:attachment":[{"href":"https:\/\/glamuur.ee\/et\/wp-json\/wp\/v2\/media?parent=268273"}],"wp:term":[{"taxonomy":"product_brand","embeddable":true,"href":"https:\/\/glamuur.ee\/et\/wp-json\/wp\/v2\/product_brand?post=268273"},{"taxonomy":"product_cat","embeddable":true,"href":"https:\/\/glamuur.ee\/et\/wp-json\/wp\/v2\/product_cat?post=268273"},{"taxonomy":"product_tag","embeddable":true,"href":"https:\/\/glamuur.ee\/et\/wp-json\/wp\/v2\/product_tag?post=268273"},{"taxonomy":"giftcard-category","embeddable":true,"href":"https:\/\/glamuur.ee\/et\/wp-json\/wp\/v2\/giftcard-category?post=268273"}],"curies":[{"name":"wp","href":"https:\/\/api.w.org\/{rel}","templated":true}]}}