{"id":268213,"date":"2024-09-30T18:38:55","date_gmt":"2024-09-30T15:38:55","guid":{"rendered":"https:\/\/glamuur.ee\/product\/bronzallure-ring-wsbz02320-bt-pe\/"},"modified":"2025-11-19T20:46:06","modified_gmt":"2025-11-19T18:46:06","slug":"pronkssoorik-wsbz02320-bt-pe","status":"publish","type":"product","link":"https:\/\/glamuur.ee\/et\/product\/bronzallure-ring-wsbz02320-bt-pe\/","title":{"rendered":"Bronzallure s\u00f5rmus"},"content":{"rendered":"<p>Bronzallure triloogias\u00f5rmus, mis on valmistatud Golden Ros\u00e9 sulamist, kaetud 18 kt roosakullaga, kaunistatud kolme \u00fcmmarguse (8\/10 mm) mosaiiklihviga prismakiviga.Golden Ros\u00e9 patenteeritud sulam Disainitud ja valmistatud Itaalias Niklivaba, kaadmiumivaba H\u00fcpoallergeeniline<\/p>","protected":false},"excerpt":{"rendered":"<p>Bronzallure triloogias\u00f5rmus, mis on valmistatud Golden Ros\u00e9 sulamist, kaetud 18 kt roosakullaga, kaunistatud kolme \u00fcmmarguse (8\/10 mm) mosaiiklihviga prismakiviga.Golden Ros\u00e9 patenteeritud sulam Disainitud ja valmistatud Itaalias Niklivaba, kaadmiumivaba H\u00fcpoallergeeniline<\/p>","protected":false},"featured_media":268040,"comment_status":"open","ping_status":"closed","template":"","meta":{"jetpack_post_was_ever_published":false},"product_brand":[],"product_cat":[193,931,197,980,730,939,964],"product_tag":[],"giftcard-category":[],"class_list":{"0":"post-268213","1":"product","2":"type-product","3":"status-publish","4":"has-post-thumbnail","6":"product_cat-bronzallure","7":"product_cat-bronzallure-fall-winter24","8":"product_cat-bronzallure-rings","9":"product_cat-ready-for-vacation","10":"product_cat-rings","11":"product_cat-ti-sento-sale-europe","12":"product_cat-summer-sale-ti-sento","13":"pa_material-silver","14":"pa_metal-color-rose-gold","15":"pa_product-brand-bronzallure","16":"pa_size-14-1700","17":"pa_stone-color-multicolor","18":"pa_type-category-rings","20":"first","21":"instock","22":"taxable","23":"shipping-taxable","24":"purchasable","25":"product-type-variable"},"bundled_by":[],"bundle_stock_status":"instock","bundle_stock_quantity":null,"bundle_virtual":false,"bundle_layout":"","bundle_add_to_cart_form_location":"","bundle_editable_in_cart":false,"bundle_sold_individually_context":"","bundle_item_grouping":"","bundle_min_size":"","bundle_max_size":"","bundle_price":[],"bundled_items":[],"bundle_sell_ids":[],"etheme_brands":{"errors":{"invalid_taxonomy":["Lubamatu taksonoomia."]},"error_data":[]},"_links":{"self":[{"href":"https:\/\/glamuur.ee\/et\/wp-json\/wp\/v2\/product\/268213","targetHints":{"allow":["GET"]}}],"collection":[{"href":"https:\/\/glamuur.ee\/et\/wp-json\/wp\/v2\/product"}],"about":[{"href":"https:\/\/glamuur.ee\/et\/wp-json\/wp\/v2\/types\/product"}],"replies":[{"embeddable":true,"href":"https:\/\/glamuur.ee\/et\/wp-json\/wp\/v2\/comments?post=268213"}],"wp:featuredmedia":[{"embeddable":true,"href":"https:\/\/glamuur.ee\/et\/wp-json\/wp\/v2\/media\/268040"}],"wp:attachment":[{"href":"https:\/\/glamuur.ee\/et\/wp-json\/wp\/v2\/media?parent=268213"}],"wp:term":[{"taxonomy":"product_brand","embeddable":true,"href":"https:\/\/glamuur.ee\/et\/wp-json\/wp\/v2\/product_brand?post=268213"},{"taxonomy":"product_cat","embeddable":true,"href":"https:\/\/glamuur.ee\/et\/wp-json\/wp\/v2\/product_cat?post=268213"},{"taxonomy":"product_tag","embeddable":true,"href":"https:\/\/glamuur.ee\/et\/wp-json\/wp\/v2\/product_tag?post=268213"},{"taxonomy":"giftcard-category","embeddable":true,"href":"https:\/\/glamuur.ee\/et\/wp-json\/wp\/v2\/giftcard-category?post=268213"}],"curies":[{"name":"wp","href":"https:\/\/api.w.org\/{rel}","templated":true}]}}