{"id":267931,"date":"2024-09-30T18:21:22","date_gmt":"2024-09-30T15:21:22","guid":{"rendered":"https:\/\/glamuur.ee\/product\/bronzallure-necklace-wsbz02354-r\/"},"modified":"2025-11-09T13:02:24","modified_gmt":"2025-11-09T11:02:24","slug":"pronksvalge-kaelakee-wsbz02354-r","status":"publish","type":"product","link":"https:\/\/glamuur.ee\/et\/product\/bronzallure-necklace-wsbz02354-r\/","title":{"rendered":"Bronzallure Kaelakee"},"content":{"rendered":"<p>Kuldsest roosade sulamist, 18 kt roosakullaga kaetud Bronzallure mitmepunane kaelakee, mis koosneb viiest j\u00e4rjestikuse astmelise j\u00e4rjestusega lihvitud lamedatest rolo linkidest. L\u00fchima ahela pikkus 38,5 cm \/ pikima ahela pikkus 60 cm. Patenteeritud Kuldne Ros\u00e9 sulam Disainitud ja valmistatud Itaalias Niklivaba, kaadmiumivaba H\u00fcpoallergeenne.<\/p>","protected":false},"excerpt":{"rendered":"<p>Multi-strand Bronzallure necklace made of Golden Ros\u00e9 alloy, 18kt Rose Gold plated composed of five graduated rows of polished flat rolo links. Shortest strand length 38.5 cm \/ longest strand: 60 cm. Lobster clasp closure.Patented Golden Ros\u00e9 alloy Designed and made in Italy Nickel free,&#8230;<\/p>","protected":false},"featured_media":267932,"comment_status":"open","ping_status":"closed","template":"","meta":{"jetpack_post_was_ever_published":false},"product_brand":[],"product_cat":[193,931,195,727,939,964,813],"product_tag":[],"giftcard-category":[],"class_list":{"0":"post-267931","1":"product","2":"type-product","3":"status-publish","4":"has-post-thumbnail","6":"product_cat-bronzallure","7":"product_cat-bronzallure-fall-winter24","8":"product_cat-bronzallure-necklaces","9":"product_cat-necklaces","10":"product_cat-ti-sento-sale-europe","11":"product_cat-summer-sale-ti-sento","12":"product_cat-womens-day","13":"pa_material-golden-rose","14":"pa_metal-color-rose-gold","15":"pa_product-brand-bronzallure","16":"pa_stone-color-without-stones","17":"pa_type-category-necklaces","19":"first","20":"instock","21":"taxable","22":"shipping-taxable","23":"purchasable","24":"product-type-simple"},"bundled_by":[],"bundle_stock_status":"instock","bundle_stock_quantity":3,"bundle_virtual":false,"bundle_layout":"","bundle_add_to_cart_form_location":"","bundle_editable_in_cart":false,"bundle_sold_individually_context":"","bundle_item_grouping":"","bundle_min_size":"","bundle_max_size":"","bundle_price":[],"bundled_items":[],"bundle_sell_ids":[],"etheme_brands":{"errors":{"invalid_taxonomy":["Lubamatu taksonoomia."]},"error_data":[]},"_links":{"self":[{"href":"https:\/\/glamuur.ee\/et\/wp-json\/wp\/v2\/product\/267931","targetHints":{"allow":["GET"]}}],"collection":[{"href":"https:\/\/glamuur.ee\/et\/wp-json\/wp\/v2\/product"}],"about":[{"href":"https:\/\/glamuur.ee\/et\/wp-json\/wp\/v2\/types\/product"}],"replies":[{"embeddable":true,"href":"https:\/\/glamuur.ee\/et\/wp-json\/wp\/v2\/comments?post=267931"}],"wp:featuredmedia":[{"embeddable":true,"href":"https:\/\/glamuur.ee\/et\/wp-json\/wp\/v2\/media\/267932"}],"wp:attachment":[{"href":"https:\/\/glamuur.ee\/et\/wp-json\/wp\/v2\/media?parent=267931"}],"wp:term":[{"taxonomy":"product_brand","embeddable":true,"href":"https:\/\/glamuur.ee\/et\/wp-json\/wp\/v2\/product_brand?post=267931"},{"taxonomy":"product_cat","embeddable":true,"href":"https:\/\/glamuur.ee\/et\/wp-json\/wp\/v2\/product_cat?post=267931"},{"taxonomy":"product_tag","embeddable":true,"href":"https:\/\/glamuur.ee\/et\/wp-json\/wp\/v2\/product_tag?post=267931"},{"taxonomy":"giftcard-category","embeddable":true,"href":"https:\/\/glamuur.ee\/et\/wp-json\/wp\/v2\/giftcard-category?post=267931"}],"curies":[{"name":"wp","href":"https:\/\/api.w.org\/{rel}","templated":true}]}}