{"id":267908,"date":"2024-09-30T18:20:15","date_gmt":"2024-09-30T15:20:15","guid":{"rendered":"https:\/\/glamuur.ee\/product\/bronzallure-necklace-wsbz02291-blu-sp\/"},"modified":"2026-02-23T14:35:10","modified_gmt":"2026-02-23T12:35:10","slug":"pronksvalge-kaelakee-wsbz02291-blu-sp","status":"publish","type":"product","link":"https:\/\/glamuur.ee\/et\/product\/bronzallure-necklace-wsbz02291-blu-sp\/","title":{"rendered":"Bronzallure Kaelakee"},"content":{"rendered":"<p>Bronzallure kaelakee, mis on valmistatud 18 kt roosakullaga kaetud kuldsest kullasulamist, kaunistatud ripatsiga, milles on ristk\u00fclikukujulised (8\u00d711 mm) mosaiiklihvidega prismakivid. Karabiinikinnitus ja pikkus 47 cm, 41 ja 44 cm pikkuste r\u00f5ngastega. patenteeritud kuldne roosade sulam disainitud ja valmistatud Itaalias nikli- ja kaadmiumivaba h\u00fcpoallergeenne.<\/p>","protected":false},"excerpt":{"rendered":"<p>Bronzallure necklace made of Golden Ros\u00e9 alloy, 18kt Rose Gold plated, embellished with a pendant with rectangular (8&#215;11 mm) mosaic-cut prism gem stones. Lobster clasp and length 47 cm with rings interposed at 41 and 44 cm.Patented Golden Ros\u00e9 alloy Designed and made in Italy&#8230;<\/p>","protected":false},"featured_media":267909,"comment_status":"open","ping_status":"closed","template":"","meta":{"jetpack_post_was_ever_published":false},"product_brand":[],"product_cat":[193,931,195,727,980,939,964,813],"product_tag":[],"giftcard-category":[],"class_list":{"0":"post-267908","1":"product","2":"type-product","3":"status-publish","4":"has-post-thumbnail","6":"product_cat-bronzallure","7":"product_cat-bronzallure-fall-winter24","8":"product_cat-bronzallure-necklaces","9":"product_cat-necklaces","10":"product_cat-ready-for-vacation","11":"product_cat-ti-sento-sale-europe","12":"product_cat-summer-sale-ti-sento","13":"product_cat-womens-day","14":"pa_material-golden-rose","15":"pa_metal-color-rose-gold","16":"pa_product-brand-bronzallure","17":"pa_stone-color-multicolor","18":"pa_type-category-necklaces","20":"first","21":"instock","22":"taxable","23":"shipping-taxable","24":"purchasable","25":"product-type-simple"},"bundled_by":[],"bundle_stock_status":"instock","bundle_stock_quantity":3,"bundle_virtual":false,"bundle_layout":"","bundle_add_to_cart_form_location":"","bundle_editable_in_cart":false,"bundle_sold_individually_context":"","bundle_item_grouping":"","bundle_min_size":"","bundle_max_size":"","bundle_price":[],"bundled_items":[],"bundle_sell_ids":[],"etheme_brands":{"errors":{"invalid_taxonomy":["Lubamatu taksonoomia."]},"error_data":[]},"_links":{"self":[{"href":"https:\/\/glamuur.ee\/et\/wp-json\/wp\/v2\/product\/267908","targetHints":{"allow":["GET"]}}],"collection":[{"href":"https:\/\/glamuur.ee\/et\/wp-json\/wp\/v2\/product"}],"about":[{"href":"https:\/\/glamuur.ee\/et\/wp-json\/wp\/v2\/types\/product"}],"replies":[{"embeddable":true,"href":"https:\/\/glamuur.ee\/et\/wp-json\/wp\/v2\/comments?post=267908"}],"wp:featuredmedia":[{"embeddable":true,"href":"https:\/\/glamuur.ee\/et\/wp-json\/wp\/v2\/media\/267909"}],"wp:attachment":[{"href":"https:\/\/glamuur.ee\/et\/wp-json\/wp\/v2\/media?parent=267908"}],"wp:term":[{"taxonomy":"product_brand","embeddable":true,"href":"https:\/\/glamuur.ee\/et\/wp-json\/wp\/v2\/product_brand?post=267908"},{"taxonomy":"product_cat","embeddable":true,"href":"https:\/\/glamuur.ee\/et\/wp-json\/wp\/v2\/product_cat?post=267908"},{"taxonomy":"product_tag","embeddable":true,"href":"https:\/\/glamuur.ee\/et\/wp-json\/wp\/v2\/product_tag?post=267908"},{"taxonomy":"giftcard-category","embeddable":true,"href":"https:\/\/glamuur.ee\/et\/wp-json\/wp\/v2\/giftcard-category?post=267908"}],"curies":[{"name":"wp","href":"https:\/\/api.w.org\/{rel}","templated":true}]}}