{"id":267871,"date":"2024-09-30T18:18:19","date_gmt":"2024-09-30T15:18:19","guid":{"rendered":"https:\/\/glamuur.ee\/product\/bronzallure-earrings-wsbz02357-sp\/"},"modified":"2026-04-04T13:15:04","modified_gmt":"2026-04-04T10:15:04","slug":"pronkskorvarongad-wsbz02357-sp","status":"publish","type":"product","link":"https:\/\/glamuur.ee\/et\/product\/bronzallure-earrings-wsbz02357-sp\/","title":{"rendered":"Bronzallure K\u00f5rvar\u00f5ngad"},"content":{"rendered":"<p>Bronzallure k\u00f5rvar\u00f5ngad, mis on valmistatud kuldsest roosasulamist, kaetud 18 kt roosakullaga, kaunistatud kahe ristk\u00fclikukujulise (6\u00d78 mm) mosaiiklihviga prismakiviga. Patenteeritud Golden Ros\u00e9 sulam Disainitud ja valmistatud Itaalias Nikli- ja kaadmiumivaba, h\u00fcpoallergeenne.<\/p>\n<ul>\n<li>Golden Ros\u00e9 patenteeritud sulam Disainitud ja valmistatud Itaalias Nikli- ja kaadmiumivaba h\u00fcpoallergeenne<br \/>","protected":false},"excerpt":{"rendered":"<p>Bronzallure hoop earrings made of Golden Ros\u00e9 alloy, plated 18kt Rose Gold, embellished with two rectangular (6&#215;8 mm) mosaic-cut prism gemstones. Interlocking pin closure.Patented Golden Ros\u00e9 alloy Designed and made in Italy Nickel free, cadmium free Hypoallergenic Golden Ros\u00e9 patented alloy Designed and made in&#8230;<\/p>","protected":false},"featured_media":267872,"comment_status":"open","ping_status":"closed","template":"","meta":{"jetpack_post_was_ever_published":false},"product_brand":[],"product_cat":[193,194,931,725,979,980,939,964,813],"product_tag":[],"giftcard-category":[],"class_list":{"0":"post-267871","1":"product","2":"type-product","3":"status-publish","4":"has-post-thumbnail","6":"product_cat-bronzallure","7":"product_cat-bronzallure-earrings","8":"product_cat-bronzallure-fall-winter24","9":"product_cat-earrings","10":"product_cat-graduation-2025","11":"product_cat-ready-for-vacation","12":"product_cat-ti-sento-sale-europe","13":"product_cat-summer-sale-ti-sento","14":"product_cat-womens-day","15":"pa_material-golden-rose","16":"pa_metal-color-rose-gold","17":"pa_product-brand-bronzallure","18":"pa_stone-color-blue","19":"pa_type-category-earrings","21":"first","22":"instock","23":"taxable","24":"shipping-taxable","25":"purchasable","26":"product-type-simple"},"bundled_by":[],"bundle_stock_status":"instock","bundle_stock_quantity":2,"bundle_virtual":false,"bundle_layout":"","bundle_add_to_cart_form_location":"","bundle_editable_in_cart":false,"bundle_sold_individually_context":"","bundle_item_grouping":"","bundle_min_size":"","bundle_max_size":"","bundle_price":[],"bundled_items":[],"bundle_sell_ids":[],"etheme_brands":{"errors":{"invalid_taxonomy":["Lubamatu taksonoomia."]},"error_data":[]},"_links":{"self":[{"href":"https:\/\/glamuur.ee\/et\/wp-json\/wp\/v2\/product\/267871","targetHints":{"allow":["GET"]}}],"collection":[{"href":"https:\/\/glamuur.ee\/et\/wp-json\/wp\/v2\/product"}],"about":[{"href":"https:\/\/glamuur.ee\/et\/wp-json\/wp\/v2\/types\/product"}],"replies":[{"embeddable":true,"href":"https:\/\/glamuur.ee\/et\/wp-json\/wp\/v2\/comments?post=267871"}],"wp:featuredmedia":[{"embeddable":true,"href":"https:\/\/glamuur.ee\/et\/wp-json\/wp\/v2\/media\/267872"}],"wp:attachment":[{"href":"https:\/\/glamuur.ee\/et\/wp-json\/wp\/v2\/media?parent=267871"}],"wp:term":[{"taxonomy":"product_brand","embeddable":true,"href":"https:\/\/glamuur.ee\/et\/wp-json\/wp\/v2\/product_brand?post=267871"},{"taxonomy":"product_cat","embeddable":true,"href":"https:\/\/glamuur.ee\/et\/wp-json\/wp\/v2\/product_cat?post=267871"},{"taxonomy":"product_tag","embeddable":true,"href":"https:\/\/glamuur.ee\/et\/wp-json\/wp\/v2\/product_tag?post=267871"},{"taxonomy":"giftcard-category","embeddable":true,"href":"https:\/\/glamuur.ee\/et\/wp-json\/wp\/v2\/giftcard-category?post=267871"}],"curies":[{"name":"wp","href":"https:\/\/api.w.org\/{rel}","templated":true}]}}