{"id":267862,"date":"2024-09-30T18:17:52","date_gmt":"2024-09-30T15:17:52","guid":{"rendered":"https:\/\/glamuur.ee\/product\/bronzallure-earrings-wsbz02344-grn-cz\/"},"modified":"2026-02-13T12:50:15","modified_gmt":"2026-02-13T10:50:15","slug":"pronkskorvarongad-wsbz02344-grn-cz","status":"publish","type":"product","link":"https:\/\/glamuur.ee\/et\/product\/bronzallure-earrings-wsbz02344-grn-cz\/","title":{"rendered":"Bronzallure K\u00f5rvar\u00f5ngad"},"content":{"rendered":"<p>Bronzallure k\u00f5rvar\u00f5ngad, valmistatud kuldsest roosade sulamist, 18 kt roosakullaga kaetud, kuubilise tsirkooniaga paveeritud pinnaga, helendava kvaliteediga, kaunistatud ristk\u00fclikukujulise (8\u00d75 mm) mosaiiklihviga prismakividega. Lukustuv sulgemine. V\u00e4lisl\u00e4bim\u00f5\u00f5t 1,5 cm. patenteeritud Golden Ros\u00e9 sulam disainitud ja valmistatud Itaalias nikli- ja kaadmiumivaba h\u00fcpoallergeenne.<\/p>","protected":false},"excerpt":{"rendered":"<p>Bronzallure hoop earrings made of Golden Ros\u00e9 alloy, 18kt Rose Gold plated, with cubic zirconia pave surface, luminous quality, embellished with rectangular (8&#215;5 mm) mosaic-cut prism gem stones. Interlocking pin closure. 1.5 cm outer diameter.Patented Golden Ros\u00e9 alloy Designed and made in Italy Nickel free,&#8230;<\/p>","protected":false},"featured_media":267863,"comment_status":"open","ping_status":"closed","template":"","meta":{"jetpack_post_was_ever_published":false},"product_brand":[],"product_cat":[193,194,931,725,979,980,939,964,813],"product_tag":[],"giftcard-category":[],"class_list":{"0":"post-267862","1":"product","2":"type-product","3":"status-publish","4":"has-post-thumbnail","6":"product_cat-bronzallure","7":"product_cat-bronzallure-earrings","8":"product_cat-bronzallure-fall-winter24","9":"product_cat-earrings","10":"product_cat-graduation-2025","11":"product_cat-ready-for-vacation","12":"product_cat-ti-sento-sale-europe","13":"product_cat-summer-sale-ti-sento","14":"product_cat-womens-day","15":"pa_material-golden-rose","16":"pa_metal-color-rose-gold","17":"pa_product-brand-bronzallure","18":"pa_stone-color-green","19":"pa_type-category-earrings","21":"first","22":"instock","23":"taxable","24":"shipping-taxable","25":"purchasable","26":"product-type-simple"},"bundled_by":[],"bundle_stock_status":"instock","bundle_stock_quantity":1,"bundle_virtual":false,"bundle_layout":"","bundle_add_to_cart_form_location":"","bundle_editable_in_cart":false,"bundle_sold_individually_context":"","bundle_item_grouping":"","bundle_min_size":"","bundle_max_size":"","bundle_price":[],"bundled_items":[],"bundle_sell_ids":[],"etheme_brands":{"errors":{"invalid_taxonomy":["Lubamatu taksonoomia."]},"error_data":[]},"_links":{"self":[{"href":"https:\/\/glamuur.ee\/et\/wp-json\/wp\/v2\/product\/267862","targetHints":{"allow":["GET"]}}],"collection":[{"href":"https:\/\/glamuur.ee\/et\/wp-json\/wp\/v2\/product"}],"about":[{"href":"https:\/\/glamuur.ee\/et\/wp-json\/wp\/v2\/types\/product"}],"replies":[{"embeddable":true,"href":"https:\/\/glamuur.ee\/et\/wp-json\/wp\/v2\/comments?post=267862"}],"wp:featuredmedia":[{"embeddable":true,"href":"https:\/\/glamuur.ee\/et\/wp-json\/wp\/v2\/media\/267863"}],"wp:attachment":[{"href":"https:\/\/glamuur.ee\/et\/wp-json\/wp\/v2\/media?parent=267862"}],"wp:term":[{"taxonomy":"product_brand","embeddable":true,"href":"https:\/\/glamuur.ee\/et\/wp-json\/wp\/v2\/product_brand?post=267862"},{"taxonomy":"product_cat","embeddable":true,"href":"https:\/\/glamuur.ee\/et\/wp-json\/wp\/v2\/product_cat?post=267862"},{"taxonomy":"product_tag","embeddable":true,"href":"https:\/\/glamuur.ee\/et\/wp-json\/wp\/v2\/product_tag?post=267862"},{"taxonomy":"giftcard-category","embeddable":true,"href":"https:\/\/glamuur.ee\/et\/wp-json\/wp\/v2\/giftcard-category?post=267862"}],"curies":[{"name":"wp","href":"https:\/\/api.w.org\/{rel}","templated":true}]}}