{"id":267842,"date":"2024-09-30T18:16:49","date_gmt":"2024-09-30T15:16:49","guid":{"rendered":"https:\/\/glamuur.ee\/product\/bronzallure-earrings-wsbz02340-wr\/"},"modified":"2025-11-09T13:02:35","modified_gmt":"2025-11-09T11:02:35","slug":"pronkskorvarongad-wsbz02340-wr","status":"publish","type":"product","link":"https:\/\/glamuur.ee\/et\/product\/bronzallure-earrings-wsbz02340-wr\/","title":{"rendered":"Bronzallure K\u00f5rvar\u00f5ngad"},"content":{"rendered":"<p>Bronzallure k\u00f5rvar\u00f5ngad, mis on valmistatud kuldsest roosade sulamist, kaetud 18 kt roosakullaga, looklev disain ja kuubiliste tsirkooniumidega kaetud pind, helendav kvaliteet. Pikkus 3,5 cm. Patenteeritud Kuldne Ros\u00e9 sulam Disainitud ja valmistatud Itaalias Nikli- ja kaadmiumivaba, h\u00fcpoallergeenne.<\/p>","protected":false},"excerpt":{"rendered":"<p>Bronzallure k\u00f5rvar\u00f5ngad, mis on valmistatud kuldsest roosade sulamist, kaetud 18 kt roosakullaga, looklev disain ja kuubiliste tsirkooniumidega kaetud pind, helendav kvaliteet. Pikkus 3,5 cm. Patenteeritud Kuldne Ros\u00e9 sulam Disainitud ja valmistatud Itaalias Nikli- ja kaadmiumivaba, h\u00fcpoallergeenne.<\/p>","protected":false},"featured_media":267843,"comment_status":"open","ping_status":"closed","template":"","meta":{"jetpack_post_was_ever_published":false},"product_brand":[],"product_cat":[193,194,931,725,979,939,964,813],"product_tag":[],"giftcard-category":[],"class_list":{"0":"post-267842","1":"product","2":"type-product","3":"status-publish","4":"has-post-thumbnail","6":"product_cat-bronzallure","7":"product_cat-bronzallure-earrings","8":"product_cat-bronzallure-fall-winter24","9":"product_cat-earrings","10":"product_cat-graduation-2025","11":"product_cat-ti-sento-sale-europe","12":"product_cat-summer-sale-ti-sento","13":"product_cat-womens-day","14":"pa_material-golden-rose","15":"pa_metal-color-rose-gold","16":"pa_product-brand-bronzallure","17":"pa_stone-color-white","18":"pa_type-category-earrings","20":"first","21":"instock","22":"taxable","23":"shipping-taxable","24":"purchasable","25":"product-type-simple"},"bundled_by":[],"bundle_stock_status":"instock","bundle_stock_quantity":2,"bundle_virtual":false,"bundle_layout":"","bundle_add_to_cart_form_location":"","bundle_editable_in_cart":false,"bundle_sold_individually_context":"","bundle_item_grouping":"","bundle_min_size":"","bundle_max_size":"","bundle_price":[],"bundled_items":[],"bundle_sell_ids":[],"etheme_brands":{"errors":{"invalid_taxonomy":["Lubamatu taksonoomia."]},"error_data":[]},"_links":{"self":[{"href":"https:\/\/glamuur.ee\/et\/wp-json\/wp\/v2\/product\/267842","targetHints":{"allow":["GET"]}}],"collection":[{"href":"https:\/\/glamuur.ee\/et\/wp-json\/wp\/v2\/product"}],"about":[{"href":"https:\/\/glamuur.ee\/et\/wp-json\/wp\/v2\/types\/product"}],"replies":[{"embeddable":true,"href":"https:\/\/glamuur.ee\/et\/wp-json\/wp\/v2\/comments?post=267842"}],"wp:featuredmedia":[{"embeddable":true,"href":"https:\/\/glamuur.ee\/et\/wp-json\/wp\/v2\/media\/267843"}],"wp:attachment":[{"href":"https:\/\/glamuur.ee\/et\/wp-json\/wp\/v2\/media?parent=267842"}],"wp:term":[{"taxonomy":"product_brand","embeddable":true,"href":"https:\/\/glamuur.ee\/et\/wp-json\/wp\/v2\/product_brand?post=267842"},{"taxonomy":"product_cat","embeddable":true,"href":"https:\/\/glamuur.ee\/et\/wp-json\/wp\/v2\/product_cat?post=267842"},{"taxonomy":"product_tag","embeddable":true,"href":"https:\/\/glamuur.ee\/et\/wp-json\/wp\/v2\/product_tag?post=267842"},{"taxonomy":"giftcard-category","embeddable":true,"href":"https:\/\/glamuur.ee\/et\/wp-json\/wp\/v2\/giftcard-category?post=267842"}],"curies":[{"name":"wp","href":"https:\/\/api.w.org\/{rel}","templated":true}]}}