{"id":267806,"date":"2024-09-30T18:14:53","date_gmt":"2024-09-30T15:14:53","guid":{"rendered":"https:\/\/glamuur.ee\/product\/bronzallure-bracelet-wsbz02401-wr\/"},"modified":"2026-02-13T12:50:21","modified_gmt":"2026-02-13T10:50:21","slug":"pronksvalge-kaevoru-wsbz02401-wr","status":"publish","type":"product","link":"https:\/\/glamuur.ee\/et\/product\/bronzallure-bracelet-wsbz02401-wr\/","title":{"rendered":"Bronzallure K\u00e4ev\u00f5ru"},"content":{"rendered":"<p>Bronzallure tubogas j\u00e4ik k\u00e4ev\u00f5ru, mis on valmistatud kuldkollasest sulamist, 18 kt roosakullaga kaetud, kaunistatud kahe keskse paveeritud kuubilise tsirkooniumiga elemendiga, helendav kvaliteet. Sisediameeter 58,5\u00d747,5 mm. patenteeritud sulam Golden Ros\u00e9 Disainitud ja valmistatud Itaalias Niklivaba, kaadmiumivaba H\u00fcpoallergeeniline<\/p>","protected":false},"excerpt":{"rendered":"<p>Bronzallure tubogas j\u00e4ik k\u00e4ev\u00f5ru, mis on valmistatud kuldkollasest sulamist, 18 kt roosakullaga kaetud, kaunistatud kahe keskse paveeritud kuubilise tsirkooniumiga elemendiga, helendav kvaliteet. Sisediameeter 58,5\u00d747,5 mm. patenteeritud sulam Golden Ros\u00e9 Disainitud ja valmistatud Itaalias Niklivaba, kaadmiumivaba H\u00fcpoallergeeniline<\/p>","protected":false},"featured_media":267807,"comment_status":"open","ping_status":"closed","template":"","meta":{"jetpack_post_was_ever_published":false},"product_brand":[],"product_cat":[726,193,196,931,979,939,964,813],"product_tag":[],"giftcard-category":[],"class_list":{"0":"post-267806","1":"product","2":"type-product","3":"status-publish","4":"has-post-thumbnail","6":"product_cat-bracelets","7":"product_cat-bronzallure","8":"product_cat-bronzallure-bracelets","9":"product_cat-bronzallure-fall-winter24","10":"product_cat-graduation-2025","11":"product_cat-ti-sento-sale-europe","12":"product_cat-summer-sale-ti-sento","13":"product_cat-womens-day","14":"pa_material-golden-rose","15":"pa_metal-color-rose-gold","16":"pa_product-brand-bronzallure","17":"pa_stone-color-white","18":"pa_type-category-bracelets","20":"first","21":"instock","22":"taxable","23":"shipping-taxable","24":"purchasable","25":"product-type-simple"},"bundled_by":[],"bundle_stock_status":"instock","bundle_stock_quantity":2,"bundle_virtual":false,"bundle_layout":"","bundle_add_to_cart_form_location":"","bundle_editable_in_cart":false,"bundle_sold_individually_context":"","bundle_item_grouping":"","bundle_min_size":"","bundle_max_size":"","bundle_price":[],"bundled_items":[],"bundle_sell_ids":[],"etheme_brands":{"errors":{"invalid_taxonomy":["Lubamatu taksonoomia."]},"error_data":[]},"_links":{"self":[{"href":"https:\/\/glamuur.ee\/et\/wp-json\/wp\/v2\/product\/267806","targetHints":{"allow":["GET"]}}],"collection":[{"href":"https:\/\/glamuur.ee\/et\/wp-json\/wp\/v2\/product"}],"about":[{"href":"https:\/\/glamuur.ee\/et\/wp-json\/wp\/v2\/types\/product"}],"replies":[{"embeddable":true,"href":"https:\/\/glamuur.ee\/et\/wp-json\/wp\/v2\/comments?post=267806"}],"wp:featuredmedia":[{"embeddable":true,"href":"https:\/\/glamuur.ee\/et\/wp-json\/wp\/v2\/media\/267807"}],"wp:attachment":[{"href":"https:\/\/glamuur.ee\/et\/wp-json\/wp\/v2\/media?parent=267806"}],"wp:term":[{"taxonomy":"product_brand","embeddable":true,"href":"https:\/\/glamuur.ee\/et\/wp-json\/wp\/v2\/product_brand?post=267806"},{"taxonomy":"product_cat","embeddable":true,"href":"https:\/\/glamuur.ee\/et\/wp-json\/wp\/v2\/product_cat?post=267806"},{"taxonomy":"product_tag","embeddable":true,"href":"https:\/\/glamuur.ee\/et\/wp-json\/wp\/v2\/product_tag?post=267806"},{"taxonomy":"giftcard-category","embeddable":true,"href":"https:\/\/glamuur.ee\/et\/wp-json\/wp\/v2\/giftcard-category?post=267806"}],"curies":[{"name":"wp","href":"https:\/\/api.w.org\/{rel}","templated":true}]}}