{"id":267725,"date":"2024-09-24T17:56:17","date_gmt":"2024-09-24T14:56:17","guid":{"rendered":"https:\/\/glamuur.ee\/product\/ania-haie-necklace-n059-06g\/"},"modified":"2026-02-05T22:32:04","modified_gmt":"2026-02-05T20:32:04","slug":"ania-haie-kaelakee-n059-06g","status":"publish","type":"product","link":"https:\/\/glamuur.ee\/et\/product\/ania-haie-necklace-n059-06g\/","title":{"rendered":"Ania Haie kaelakee N059-06G"},"content":{"rendered":"<p>Kaelakee pikkus = 45cm<br \/>\nPikendaja = 5cm<br \/>\nKogupikkus = 50cm<br \/>\nCharmi l\u00e4bim\u00f5\u00f5t = 14.5mm<br \/>\nKuubilise tsirkooniumi suurus = 0.8mm, kogus = 2<br \/>\nKuubilise tsirkooniumi suurus = 0.9mm, kogus = 6<br \/>\nKuubilise tsirkooniumi suurus = 1.0mm, kogus = 40<br \/>\nKuubilise tsirkooniumi suurus = 1.5mm, kogus = 1<br \/>\nMother of Pearl suurus = 6.4*2.8mm<\/p>","protected":false},"excerpt":{"rendered":"<p>Necklace length = 45cm Extender = 5cm Total length = 50cm Charm Diameter = 14.5mm Cubic Zirconia Size = 0.8mm, Quantity = 2 Cubic Zirconia Size = 0.9mm, Quantity = 6 Cubic Zirconia Size = 1.0mm, Quantity = 40 Cubic Zirconia Size = 1.5mm, Quantity&#8230;<\/p>","protected":false},"featured_media":267423,"comment_status":"open","ping_status":"closed","template":"","meta":{"jetpack_post_was_ever_published":false},"product_brand":[],"product_cat":[200,202,979,968,727,945],"product_tag":[],"giftcard-category":[],"class_list":{"0":"post-267725","1":"product","2":"type-product","3":"status-publish","4":"has-post-thumbnail","6":"product_cat-ania-haie","7":"product_cat-ania-haie-necklace","8":"product_cat-graduation-2025","9":"product_cat-mothers-day-2025-ti-sento","10":"product_cat-necklaces","11":"product_cat-pearls","12":"pa_material-silver","13":"pa_metal-color-yellow-gold","14":"pa_product-brand-ania-haie","15":"pa_stone-color-pearl","16":"pa_type-category-necklaces","18":"first","19":"instock","20":"taxable","21":"shipping-taxable","22":"purchasable","23":"product-type-simple"},"bundled_by":[],"bundle_stock_status":"instock","bundle_stock_quantity":1,"bundle_virtual":false,"bundle_layout":"","bundle_add_to_cart_form_location":"","bundle_editable_in_cart":false,"bundle_sold_individually_context":"","bundle_item_grouping":"","bundle_min_size":"","bundle_max_size":"","bundle_price":[],"bundled_items":[],"bundle_sell_ids":[],"etheme_brands":{"errors":{"invalid_taxonomy":["Lubamatu taksonoomia."]},"error_data":[]},"_links":{"self":[{"href":"https:\/\/glamuur.ee\/et\/wp-json\/wp\/v2\/product\/267725","targetHints":{"allow":["GET"]}}],"collection":[{"href":"https:\/\/glamuur.ee\/et\/wp-json\/wp\/v2\/product"}],"about":[{"href":"https:\/\/glamuur.ee\/et\/wp-json\/wp\/v2\/types\/product"}],"replies":[{"embeddable":true,"href":"https:\/\/glamuur.ee\/et\/wp-json\/wp\/v2\/comments?post=267725"}],"wp:featuredmedia":[{"embeddable":true,"href":"https:\/\/glamuur.ee\/et\/wp-json\/wp\/v2\/media\/267423"}],"wp:attachment":[{"href":"https:\/\/glamuur.ee\/et\/wp-json\/wp\/v2\/media?parent=267725"}],"wp:term":[{"taxonomy":"product_brand","embeddable":true,"href":"https:\/\/glamuur.ee\/et\/wp-json\/wp\/v2\/product_brand?post=267725"},{"taxonomy":"product_cat","embeddable":true,"href":"https:\/\/glamuur.ee\/et\/wp-json\/wp\/v2\/product_cat?post=267725"},{"taxonomy":"product_tag","embeddable":true,"href":"https:\/\/glamuur.ee\/et\/wp-json\/wp\/v2\/product_tag?post=267725"},{"taxonomy":"giftcard-category","embeddable":true,"href":"https:\/\/glamuur.ee\/et\/wp-json\/wp\/v2\/giftcard-category?post=267725"}],"curies":[{"name":"wp","href":"https:\/\/api.w.org\/{rel}","templated":true}]}}