{"id":267687,"date":"2024-09-24T17:54:45","date_gmt":"2024-09-24T14:54:45","guid":{"rendered":"https:\/\/glamuur.ee\/product\/ania-haie-earrings-e061-12g\/"},"modified":"2026-02-05T22:29:32","modified_gmt":"2026-02-05T20:29:32","slug":"ania-haie-earrings-e061-12g","status":"publish","type":"product","link":"https:\/\/glamuur.ee\/et\/product\/ania-haie-earrings-e061-12g\/","title":{"rendered":"Ania Haie Earrings E061-12G"},"content":{"rendered":"<p>R\u00f5ngaste m\u00f5\u00f5tmed = 14*10mm<br \/>\nR\u00f5nga laius = 1.7mm<br \/>\nCharm suurus = 10.2*9.2mm<br \/>\nMust akaat Suurus = 2mm<br \/>\nKuubilise tsirkooniumi suurus = 0.8mm, kogus = 14<br \/>\nKuubilise tsirkooniumi suurus = 0.9mm, kogus = 2<br \/>\nKuubilise tsirkooniumi suurus = 1.1mm, kogus = 4<br \/>\nKuubilise tsirkooniumi suurus = 1.2mm, kogus = 24<br \/>\nKuubilise tsirkooniumi suurus = 1.4mm, kogus = 2<\/p>","protected":false},"excerpt":{"rendered":"<p>Hoop Dimension = 14*10mm Hoop Width = 1.7mm Charm Size = 10.2*9.2mm Black Agate Size = 2mm Cubic Zirconia Size = 0.8mm, Quantity = 14 Cubic Zirconia Size = 0.9mm, Quantity = 2 Cubic Zirconia Size = 1.1mm, Quantity = 4 Cubic Zirconia Size =&#8230;<\/p>","protected":false},"featured_media":267359,"comment_status":"open","ping_status":"closed","template":"","meta":{"jetpack_post_was_ever_published":false},"product_brand":[],"product_cat":[200,201,725],"product_tag":[],"giftcard-category":[],"class_list":{"0":"post-267687","1":"product","2":"type-product","3":"status-publish","4":"has-post-thumbnail","6":"product_cat-ania-haie","7":"product_cat-ania-haie-earrings","8":"product_cat-earrings","9":"pa_material-silver","10":"pa_metal-color-yellow-gold","11":"pa_product-brand-ania-haie","12":"pa_stone-color-multicolor","13":"pa_type-category-earrings","15":"first","16":"instock","17":"taxable","18":"shipping-taxable","19":"purchasable","20":"product-type-simple"},"bundled_by":[],"bundle_stock_status":"instock","bundle_stock_quantity":4,"bundle_virtual":false,"bundle_layout":"","bundle_add_to_cart_form_location":"","bundle_editable_in_cart":false,"bundle_sold_individually_context":"","bundle_item_grouping":"","bundle_min_size":"","bundle_max_size":"","bundle_price":[],"bundled_items":[],"bundle_sell_ids":[],"etheme_brands":{"errors":{"invalid_taxonomy":["Lubamatu taksonoomia."]},"error_data":[]},"_links":{"self":[{"href":"https:\/\/glamuur.ee\/et\/wp-json\/wp\/v2\/product\/267687","targetHints":{"allow":["GET"]}}],"collection":[{"href":"https:\/\/glamuur.ee\/et\/wp-json\/wp\/v2\/product"}],"about":[{"href":"https:\/\/glamuur.ee\/et\/wp-json\/wp\/v2\/types\/product"}],"replies":[{"embeddable":true,"href":"https:\/\/glamuur.ee\/et\/wp-json\/wp\/v2\/comments?post=267687"}],"wp:featuredmedia":[{"embeddable":true,"href":"https:\/\/glamuur.ee\/et\/wp-json\/wp\/v2\/media\/267359"}],"wp:attachment":[{"href":"https:\/\/glamuur.ee\/et\/wp-json\/wp\/v2\/media?parent=267687"}],"wp:term":[{"taxonomy":"product_brand","embeddable":true,"href":"https:\/\/glamuur.ee\/et\/wp-json\/wp\/v2\/product_brand?post=267687"},{"taxonomy":"product_cat","embeddable":true,"href":"https:\/\/glamuur.ee\/et\/wp-json\/wp\/v2\/product_cat?post=267687"},{"taxonomy":"product_tag","embeddable":true,"href":"https:\/\/glamuur.ee\/et\/wp-json\/wp\/v2\/product_tag?post=267687"},{"taxonomy":"giftcard-category","embeddable":true,"href":"https:\/\/glamuur.ee\/et\/wp-json\/wp\/v2\/giftcard-category?post=267687"}],"curies":[{"name":"wp","href":"https:\/\/api.w.org\/{rel}","templated":true}]}}