{"id":267674,"date":"2024-09-24T17:54:02","date_gmt":"2024-09-24T14:54:02","guid":{"rendered":"https:\/\/glamuur.ee\/product\/ania-haie-earrings-e061-08g\/"},"modified":"2026-02-05T22:29:31","modified_gmt":"2026-02-05T20:29:31","slug":"ania-haie-korvarongad-e061-08g","status":"publish","type":"product","link":"https:\/\/glamuur.ee\/et\/product\/ania-haie-earrings-e061-08g\/","title":{"rendered":"Ania Haie k\u00f5rvar\u00f5ngad E061-08G"},"content":{"rendered":"<p>R\u00f5nga l\u00e4bim\u00f5\u00f5t = 8.5mm<br \/>\nR\u00f5nga laius = 1.5-2.7mm<br \/>\nCharmi l\u00e4bim\u00f5\u00f5t = 4.5mm<br \/>\nKuubilise tsirkooniumi suurus = 3.5mm, kogus = 2<\/p>","protected":false},"excerpt":{"rendered":"<p>R\u00f5nga l\u00e4bim\u00f5\u00f5t = 8.5mm R\u00f5nga laius = 1.5-2.7mm Charmi l\u00e4bim\u00f5\u00f5t = 4.5mm Tsirkooniumi suurus = 3.5mm, kogus = 2<\/p>","protected":false},"featured_media":267343,"comment_status":"open","ping_status":"closed","template":"","meta":{"jetpack_post_was_ever_published":false},"product_brand":[],"product_cat":[200,201,725,979],"product_tag":[],"giftcard-category":[],"class_list":{"0":"post-267674","1":"product","2":"type-product","3":"status-publish","4":"has-post-thumbnail","6":"product_cat-ania-haie","7":"product_cat-ania-haie-earrings","8":"product_cat-earrings","9":"product_cat-graduation-2025","10":"pa_material-silver","11":"pa_metal-color-yellow-gold","12":"pa_product-brand-ania-haie","13":"pa_stone-color-white","14":"pa_type-category-earrings","16":"first","17":"instock","18":"taxable","19":"shipping-taxable","20":"purchasable","21":"product-type-simple"},"bundled_by":[],"bundle_stock_status":"instock","bundle_stock_quantity":1,"bundle_virtual":false,"bundle_layout":"","bundle_add_to_cart_form_location":"","bundle_editable_in_cart":false,"bundle_sold_individually_context":"","bundle_item_grouping":"","bundle_min_size":"","bundle_max_size":"","bundle_price":[],"bundled_items":[],"bundle_sell_ids":[],"etheme_brands":{"errors":{"invalid_taxonomy":["Lubamatu taksonoomia."]},"error_data":[]},"_links":{"self":[{"href":"https:\/\/glamuur.ee\/et\/wp-json\/wp\/v2\/product\/267674","targetHints":{"allow":["GET"]}}],"collection":[{"href":"https:\/\/glamuur.ee\/et\/wp-json\/wp\/v2\/product"}],"about":[{"href":"https:\/\/glamuur.ee\/et\/wp-json\/wp\/v2\/types\/product"}],"replies":[{"embeddable":true,"href":"https:\/\/glamuur.ee\/et\/wp-json\/wp\/v2\/comments?post=267674"}],"wp:featuredmedia":[{"embeddable":true,"href":"https:\/\/glamuur.ee\/et\/wp-json\/wp\/v2\/media\/267343"}],"wp:attachment":[{"href":"https:\/\/glamuur.ee\/et\/wp-json\/wp\/v2\/media?parent=267674"}],"wp:term":[{"taxonomy":"product_brand","embeddable":true,"href":"https:\/\/glamuur.ee\/et\/wp-json\/wp\/v2\/product_brand?post=267674"},{"taxonomy":"product_cat","embeddable":true,"href":"https:\/\/glamuur.ee\/et\/wp-json\/wp\/v2\/product_cat?post=267674"},{"taxonomy":"product_tag","embeddable":true,"href":"https:\/\/glamuur.ee\/et\/wp-json\/wp\/v2\/product_tag?post=267674"},{"taxonomy":"giftcard-category","embeddable":true,"href":"https:\/\/glamuur.ee\/et\/wp-json\/wp\/v2\/giftcard-category?post=267674"}],"curies":[{"name":"wp","href":"https:\/\/api.w.org\/{rel}","templated":true}]}}